{"id":9933,"date":"2022-05-20T16:49:24","date_gmt":"2022-05-20T14:49:24","guid":{"rendered":"https:\/\/lt-laborhandel.de\/?post_type=product&#038;p=9933"},"modified":"2026-01-14T07:52:00","modified_gmt":"2026-01-14T06:52:00","slug":"ika-eurostar-20-high-speed-digital-0004028600","status":"publish","type":"product","link":"https:\/\/lt-laborhandel.de\/en\/produkt\/ika-eurostar-20-high-speed-digital-0004028600\/","title":{"rendered":"IKA EUROSTAR 20 high speed digital, 0004028600"},"content":{"rendered":"<p>EUROSTAR 20 high speed digital<br \/>\nHochtouriges Labor-R\u00fchrwerk f\u00fcr das intensive Mischen von Proben bis zu 20 l (H2O). Eine mikroprozessorgesteuerte Regelung h\u00e4lt die zwischen 0\/150 &#8211; 6.000 min-1 eingestellte Drehzahl konstant. Ein elektronischer Sicherheitskreis garantiert das Abschalten des Ger\u00e4tes im Fehlerfall oder bei \u00dcberlastung. Soll- und Istdrehzahl werden kontinuierlich angeglichen. So bleibt die Geschwindigkeit auch dann konstant, wenn sich die Viskosit\u00e4t des Mediums \u00e4ndert. Die mitgelieferte Pr\u00e4zisionsr\u00fchrwelle ist 280 mm lang und hat eine maximale Eintauchtiefe von 220 mm.<br \/>\nDigitalanzeige der Drehzahl<br \/>\nStufenlos einstellbare Drehzahl<br \/>\nKegelaufnahme f\u00fcr Pr\u00e4zisionswelle<br \/>\n\u00dcberlastungsschutz<br \/>\nKurzzeitiger \u00dcberlastbetrieb<br \/>\nSchmale Bauweise<br \/>\nHohe Laufruhe<br \/>\nFehlercodeanzeige<\/p>\n<p>Technische Daten<br \/>\nR\u00fchrmenge max. pro R\u00fchrstelle (H2O) 20 l<br \/>\nMotorleistung Aufnahme 176 W<br \/>\nMotorleistung Abgabe 125 W<br \/>\nMotorprinzip B\u00fcrstenlos Gleichstrom<br \/>\nDrehzahlanzeige 7 Segment LED<br \/>\nDrehzahlbereich 0\/150 &#8211; 6000 rpm<br \/>\nViskosit\u00e4t max. 10000 mPas<br \/>\nLeistung max. an der R\u00fchrwelle 125 W<br \/>\nZul\u00e4ssige Einschaltdauer 100 %<br \/>\nDrehmoment max. an der R\u00fchrwelle 20 Ncm<br \/>\nEinstellm\u00f6glichkeit Drehzahl Stufenlos<br \/>\nEinstellgenauigkeit Drehzahl \u00b11 rpm<br \/>\nAbweichung Drehzahlmessung n > 300rpm \u00b11 %<br \/>\nAbweichung Drehzahlmessung n < 300rpm \u00b13 rpm<br \/>\nR\u00fchrwerkzeugbesfestigung Besondere Abtriebswelle<br \/>\nBefestigung am Stativ Ausleger<br \/>\nAuslegerdurchmesser 16 mm<br \/>\nAuslegerl\u00e4nge 220 mm<br \/>\nDrehzahlregelung elektronisch<br \/>\nNenndrehmoment 0.2 Nm<br \/>\nGeh\u00e4usewerkstoff Alu-Guss beschichtet \/ thermoplastischer Kunststoff<br \/>\nAbmessungen (B x H x T) 86 x 325 x 208 mm<br \/>\nGewicht 5.3 kg<br \/>\nZul\u00e4ssiger Umgebungstemperaturbereich 5 &#8211; 40 \u00b0C<br \/>\nZul\u00e4ssige Relative Feuchte 80 %<br \/>\nSchutzart nach DIN EN 60529 IP 42<br \/>\nSpannung 230 V<br \/>\nFrequenz 50\/60 Hz<br \/>\nGer\u00e4teaufnahmeleistung 176 W<\/p>\n<p><b>Zubeh\u00f6r- und Ersatzteile auf Anfrage<\/b><\/p>\n","protected":false},"excerpt":{"rendered":"<p>EUROSTAR 20 high speed digital Hochtouriges Labor-R\u00fchrwerk f\u00fcr das intensive Mischen von Proben bis zu 20 l (H2O). Eine mikroprozessorgesteuerte Regelung h\u00e4lt die zwischen 0\/150 &#8211; 6.000 min-1 eingestellte Drehzahl konstant. Ein elektronischer Sicherheitskreis garantiert das Abschalten des Ger\u00e4tes im Fehlerfall oder bei \u00dcberlastung. Soll- und Istdrehzahl werden kontinuierlich angeglichen. So bleibt die Geschwindigkeit auch [&hellip;]<\/p>\n","protected":false},"featured_media":12446,"template":"","meta":[],"product_brand":[],"product_cat":[109],"product_tag":[],"class_list":{"0":"post-9933","1":"product","2":"type-product","3":"status-publish","4":"has-post-thumbnail","6":"product_cat-mischerruehrer-und-schuettler","7":"product_shipping_class-standard","9":"first","10":"instock","11":"taxable","12":"shipping-taxable","13":"purchasable","14":"product-type-simple"},"tiered_pricing_type":"fixed","tiered_pricing_fixed_rules":[],"tiered_pricing_product_settings":{"layout":"default","base_unit_name":{"singular":null,"plural":null},"default_variation":null},"tiered_pricing_minimum_quantity":null,"tiered_pricing_roles_data":[],"tiered_pricing_percentage_rules":[],"_links":{"self":[{"href":"https:\/\/lt-laborhandel.de\/en\/wp-json\/wp\/v2\/product\/9933","targetHints":{"allow":["GET"]}}],"collection":[{"href":"https:\/\/lt-laborhandel.de\/en\/wp-json\/wp\/v2\/product"}],"about":[{"href":"https:\/\/lt-laborhandel.de\/en\/wp-json\/wp\/v2\/types\/product"}],"wp:featuredmedia":[{"embeddable":true,"href":"https:\/\/lt-laborhandel.de\/en\/wp-json\/wp\/v2\/media\/12446"}],"wp:attachment":[{"href":"https:\/\/lt-laborhandel.de\/en\/wp-json\/wp\/v2\/media?parent=9933"}],"wp:term":[{"taxonomy":"product_brand","embeddable":true,"href":"https:\/\/lt-laborhandel.de\/en\/wp-json\/wp\/v2\/product_brand?post=9933"},{"taxonomy":"product_cat","embeddable":true,"href":"https:\/\/lt-laborhandel.de\/en\/wp-json\/wp\/v2\/product_cat?post=9933"},{"taxonomy":"product_tag","embeddable":true,"href":"https:\/\/lt-laborhandel.de\/en\/wp-json\/wp\/v2\/product_tag?post=9933"}],"curies":[{"name":"wp","href":"https:\/\/api.w.org\/{rel}","templated":true}]}}