{"id":9932,"date":"2022-05-20T16:49:24","date_gmt":"2022-05-20T14:49:24","guid":{"rendered":"https:\/\/lt-laborhandel.de\/?post_type=product&#038;p=9932"},"modified":"2026-01-14T07:52:00","modified_gmt":"2026-01-14T06:52:00","slug":"ika-eurostar-400-control-0004214100","status":"publish","type":"product","link":"https:\/\/lt-laborhandel.de\/en\/produkt\/ika-eurostar-400-control-0004214100\/","title":{"rendered":"IKA EUROSTAR 400 control, 0004214100"},"content":{"rendered":"<p>EUROSTAR 400 control<br \/>\nLeistungsstarkes R\u00fchrwerk f\u00fcr hochviskose Medien und intensives Mischenvon Mengen bis zu 150 l (H2O). Mit abnehmbarer Fernbedienung und digitalem TFT-Display. Eine mikroprozessorgesteuerte Regelung h\u00e4lt die zwischen 0\/6 &#8211; 2.000 min-1 (zwei Drehzahlbereiche) eingestellte Drehzahl konstant. Die RS 232- und die USB-Schnittstelle des Laborr\u00fchrwerks erlauben das Ansteuern und die Dokumentation aller Parameter. Eine integrierte Drehmoment-Trendanzeige misst die Viskosit\u00e4ts\u00e4nderung der Probe. Ein elektronischer Sicherheitskreis garantiert das Abschalten des Ger\u00e4tes im Fehlerfall oder bei \u00dcberlastung. Soll- und Istdrehzahl werden kontinuierlich angeglichen. So bleibt die Geschwindigkeit auch dann konstant, wenn sich die Viskosit\u00e4t des Mediums \u00e4ndert.<br \/>\nMehrsprachiges TFT-Display<br \/>\nProgrammierbare Funktionen<br \/>\nIntegrierte Temperaturmessung<br \/>\nIntervallbetrieb<br \/>\nZeitschaltuhr<br \/>\nEinstellbarer Sicherheitskreis<br \/>\nVerriegelungs-Funktion<br \/>\nStufenlos einstellbare Drehzahlen<br \/>\nR\u00fchrwellen durchsteckbar<br \/>\n\u00dcberlastungsschutz<br \/>\nKurzzeitiger \u00dcberlastbetrieb<br \/>\nSchmale Bauweise<br \/>\nH 67.60 Temperatursensor und WH 11 WiCo Halterung im Lieferumfang enthalten<\/p>\n<p>Technische Daten<br \/>\nR\u00fchrmenge max. pro R\u00fchrstelle (H2O) 150 l<br \/>\nMotorleistung Aufnahme 220 W<br \/>\nMotorleistung Abgabe 176 W<br \/>\nMotorprinzip B\u00fcrstenlos Gleichstrom<br \/>\nDrehzahlanzeige TFT<br \/>\nDrehzahlbereich 0\/6 &#8211; 2000 rpm<br \/>\nAussetzbetrieb ja<br \/>\nViskosit\u00e4t max. 100000 mPas<br \/>\nLeistung max. an der R\u00fchrwelle 167 W<br \/>\nZul\u00e4ssige Einschaltdauer 100 %<br \/>\nDrehmoment max. an der R\u00fchrwelle 400 Ncm<br \/>\nDrehmoment I max. 400 Ncm<br \/>\nDrehmoment II max. 80 Ncm<br \/>\nDrehzahlbereich I (50 Hz) 6 &#8211; 400 rpm<br \/>\nDrehzahlbereich II (50 Hz) 30 &#8211; 2000 rpm<br \/>\nDrehzahlbereich I (60 Hz) 6 &#8211; 400 rpm<br \/>\nDrehzahlbereich II (60 Hz) 30 &#8211; 2000 rpm<br \/>\nEinstellm\u00f6glichkeit Drehzahl Stufenlos<br \/>\nEinstellgenauigkeit Drehzahl \u00b11 rpm<br \/>\nAbweichung Drehzahlmessung n > 300rpm \u00b11 %<br \/>\nAbweichung Drehzahlmessung n < 300rpm \u00b13 rpm<br \/>\nR\u00fchrwerkzeugbesfestigung Spannfutter<br \/>\nAnschluss f\u00fcr ext. Temperaturmessf\u00fchler PT1000<br \/>\nTemperaturanzeige ja<br \/>\nSpannfutter-Spannbereich 3 &#8211; 16 mm<br \/>\nHohlwelle, Innendurchmesser 10.3 mm<br \/>\nHohlwelle (durchsteckbar &#8211; im Stillstand) ja<br \/>\nBefestigung am Stativ Ausleger<br \/>\nAuslegerdurchmesser 16 mm<br \/>\nAuslegerl\u00e4nge 160 mm<br \/>\nDrehmomentanzeige ja<br \/>\nDrehzahlregelung elektronisch<br \/>\nNenndrehmoment 4 Nm<br \/>\nDrehmomentmessung Trend<br \/>\nAbweichung Drehmomentmessung I \u00b140 Ncm<br \/>\nAbweichung Drehmomentmessung II \u00b112 Ncm<br \/>\nZeitschaltuhr ja<br \/>\nAnzeige Zeitschaltuhr TFT<br \/>\nZeiteinstellbereich 1 &#8211; 6000 min<br \/>\nMessbereich Temperatur -10 &#8211; +350 \u00b0C<br \/>\nAufl\u00f6sung Temperaturmessung 0.1 K<br \/>\nMessgenauigkeit Temperatur \u00b10.5 + Toleranz PT1000 (DIN EN 60751 Klasse A) K<br \/>\nGrenzabweichung Temperaturmessf\u00fchler \u2264 \u00b1 (0.15 + 0.002xITI) K<br \/>\nGeh\u00e4usewerkstoff Alu-Guss beschichtet \/ thermoplastischer Kunststoff<br \/>\nKommunikationsreichweite (Geb\u00e4udeabh\u00e4nig) max. 150 m<br \/>\nAbmessungen (B x H x T) 114 x 345 x 268 mm<br \/>\nGewicht 8.8 kg<br \/>\nZul\u00e4ssiger Umgebungstemperaturbereich 5 &#8211; 40 \u00b0C<br \/>\nZul\u00e4ssige Relative Feuchte 80 %<br \/>\nSchutzart nach DIN EN 60529 IP 40<br \/>\nRS 232 Schnittstelle ja<br \/>\nUSB Schnittstelle ja<br \/>\nSpannung 230 V<br \/>\nFrequenz 50\/60 Hz<br \/>\nGer\u00e4teaufnahmeleistung 226 W<\/p>\n<p><b>Zubeh\u00f6r- und Ersatzteile auf Anfrage<\/b><\/p>\n","protected":false},"excerpt":{"rendered":"<p>EUROSTAR 400 control Leistungsstarkes R\u00fchrwerk f\u00fcr hochviskose Medien und intensives Mischenvon Mengen bis zu 150 l (H2O). Mit abnehmbarer Fernbedienung und digitalem TFT-Display. Eine mikroprozessorgesteuerte Regelung h\u00e4lt die zwischen 0\/6 &#8211; 2.000 min-1 (zwei Drehzahlbereiche) eingestellte Drehzahl konstant. Die RS 232- und die USB-Schnittstelle des Laborr\u00fchrwerks erlauben das Ansteuern und die Dokumentation aller Parameter. Eine [&hellip;]<\/p>\n","protected":false},"featured_media":12456,"template":"","meta":[],"product_brand":[],"product_cat":[109],"product_tag":[],"class_list":{"0":"post-9932","1":"product","2":"type-product","3":"status-publish","4":"has-post-thumbnail","6":"product_cat-mischerruehrer-und-schuettler","7":"product_shipping_class-standard","9":"first","10":"instock","11":"taxable","12":"shipping-taxable","13":"purchasable","14":"product-type-simple"},"tiered_pricing_type":"fixed","tiered_pricing_fixed_rules":[],"tiered_pricing_product_settings":{"layout":"default","base_unit_name":{"singular":null,"plural":null},"default_variation":null},"tiered_pricing_minimum_quantity":null,"tiered_pricing_roles_data":[],"tiered_pricing_percentage_rules":[],"_links":{"self":[{"href":"https:\/\/lt-laborhandel.de\/en\/wp-json\/wp\/v2\/product\/9932","targetHints":{"allow":["GET"]}}],"collection":[{"href":"https:\/\/lt-laborhandel.de\/en\/wp-json\/wp\/v2\/product"}],"about":[{"href":"https:\/\/lt-laborhandel.de\/en\/wp-json\/wp\/v2\/types\/product"}],"wp:featuredmedia":[{"embeddable":true,"href":"https:\/\/lt-laborhandel.de\/en\/wp-json\/wp\/v2\/media\/12456"}],"wp:attachment":[{"href":"https:\/\/lt-laborhandel.de\/en\/wp-json\/wp\/v2\/media?parent=9932"}],"wp:term":[{"taxonomy":"product_brand","embeddable":true,"href":"https:\/\/lt-laborhandel.de\/en\/wp-json\/wp\/v2\/product_brand?post=9932"},{"taxonomy":"product_cat","embeddable":true,"href":"https:\/\/lt-laborhandel.de\/en\/wp-json\/wp\/v2\/product_cat?post=9932"},{"taxonomy":"product_tag","embeddable":true,"href":"https:\/\/lt-laborhandel.de\/en\/wp-json\/wp\/v2\/product_tag?post=9932"}],"curies":[{"name":"wp","href":"https:\/\/api.w.org\/{rel}","templated":true}]}}