{"id":9928,"date":"2022-05-20T16:49:23","date_gmt":"2022-05-20T14:49:23","guid":{"rendered":"https:\/\/lt-laborhandel.de\/?post_type=product&#038;p=9928"},"modified":"2026-01-14T07:52:00","modified_gmt":"2026-01-14T06:52:00","slug":"ika-multidrive-control-bt-package-0010007086","status":"publish","type":"product","link":"https:\/\/lt-laborhandel.de\/en\/produkt\/ika-multidrive-control-bt-package-0010007086\/","title":{"rendered":"IKA MultiDrive control BT Package, 0010007086"},"content":{"rendered":"<p>MultiDrive control BT Package<br \/>\nZerkleinern ohne Kreuzkontamination &#8211; das gelingt mit dem MultiDrive control Package inklusive autoklavierbarer Einweggef\u00e4\u00dfe BT 250 und erforderlichem TC 1 Schutzgeh\u00e4use f\u00fcr nasse Proben.<\/p>\n<p>Das BT 250 ist ein Einweggef\u00e4\u00df mit 4-fachem Kreuzschl\u00e4ger und Str\u00f6mungsbrechern. Der Mixbecher aus Kunststoff kann autoklaviert werden. Kreuzkontamination wird damit selbst bei Mehrfachverwendung wirkungsvoll verhindert. Ein integrierter RFID Chip speichert und limitiert gleichzeitig die Lebensdauer des Mixbechers. Im Lieferumfang sind 5 Ersatzdichtungen enthalten. Durch Austausch der Dichtung kann die Nutzungsdauer des Mixbechers verl\u00e4ngert werden. Das Einweggef\u00e4\u00df kann ausschlie\u00dflich mit dem ebenfalls im Lieferumfang enthaltenen TC 1 Schutzgeh\u00e4use betrieben werden.<\/p>\n<p>Der Universalzerkleinerer MultiDrive control erledigt dank einer Vielzahl an Gef\u00e4\u00dfen die unterschiedlichsten Zerkleinerungsaufgaben von der Vor- bis zur Feinzerkleinerung.<br \/>\nF\u00fcr Ihre komfortable Ansteuerung und Dokumentation existiert jeweils eine USB-Schnittstelle.<\/p>\n<p>Hochleistung<br \/>\nIn Kombination mit der variablen Drehzahl von 3.000 rpm bis<br \/>\n20.000 rpm garantieren 1.000 Watt Leistung eine sehr gute<br \/>\nZerkleinerungsperformance.<\/p>\n<p>Intervallbetrieb<br \/>\nDie M\u00f6glichkeit zur Intervallprogrammierung ist per Taste einfach<br \/>\nzuschaltbar. Bei der Vorzerkleinerung harter Proben oder f\u00fcr die<br \/>\nextragr\u00fcndliche Durchmischung ist der Intervallbetrieb von Vorteil.<\/p>\n<p>Integrierte K\u00fchlung<br \/>\nIn den Mahlbecher ist ein K\u00fchlungssystem integriert, sodass eine<br \/>\nindirekte W\u00e4rmeabfuhr m\u00f6glich ist. Mahlgut und K\u00fchlmittel bleiben<br \/>\nsomit getrennt.<\/p>\n<p>TFT-Display<br \/>\nEin \u00fcbersichtliches TFT-Display garantiert eine benutzerfreundliche<br \/>\nBedienung.<\/p>\n<p>Temperaturmessung<br \/>\nMultiDrive control bietet die Temperaturmessung und<br \/>\nGef\u00e4\u00dferkennung mittels RFID. Eine Temperaturbegrenzung f\u00fcr<br \/>\ntemperaturempfindliche Materialien oder bestimmte vorgesehene<br \/>\nReaktionen ist einstellbar, um vor \u00dcberhitzung zu sch\u00fctzen.<\/p>\n<p>Wiegefunktion<br \/>\nIn den komfortablen Workflow von IKA MultiDrive control ist auch<br \/>\ndie Wiegefunktion integriert. Ein Wiegen vor der Zerkleinerung wird<br \/>\nmit demselben Mischbecher durchgef\u00fchrt, sodass kein Umf\u00fcllen<br \/>\nerforderlich ist.<\/p>\n<p>Technische Daten<br \/>\nProcesstyp batch<br \/>\nArbeitsprinzip cutting\/impact\/blending\/dispersing<br \/>\nMotorleistung Aufnahme 1000 W<br \/>\nMotorleistung Abgabe 800 W<br \/>\nDrehzahlbereich 3000 &#8211; 20000 rpm<br \/>\nDrehzahlabweichung \u00b15 %<br \/>\nEinschaltdauer EIN 5 min<br \/>\nEinschaltdauer AUS 10 min<br \/>\nMotorprinzip B\u00fcrstenlos Gleichstrom<br \/>\nAnzeige TFT<br \/>\nRFID Lese\/Schreibeineinheit ja<br \/>\nTemperaturanzeige ja<br \/>\nAufl\u00f6sung Temperaturmessung 0.1 K<br \/>\nMessgenauigkeit Temperatur \u00b11 K<br \/>\nTemperaturbegrenzung min. -50 \u00b0C<br \/>\nTemperaturbegrenzung max. 120 \u00b0C<br \/>\nWartungshinweise ja<br \/>\nWiegefunktion ja<br \/>\nWiegebereich 5 &#8211; 4000 g<br \/>\nAufl\u00f6sung Wiegebereich 1 g<br \/>\nZuladung f\u00fcr Wiegfunktion max. 4 kg<br \/>\nWiegegenauigkeit \u00b1(0.3%+2) g<br \/>\nGef\u00e4\u00dferkennung ja<br \/>\nRampenprogrammierung ja<br \/>\nAbmessungen (B x H x T) 300 x 350 x 250 mm<br \/>\nGewicht 8.5 kg<br \/>\nZul\u00e4ssiger Umgebungstemperaturbereich 5 &#8211; 40 \u00b0C<br \/>\nZul\u00e4ssige Relative Feuchte 80 %<br \/>\nSchutzart nach DIN EN 60529 IP 31<br \/>\nUSB Schnittstelle ja<br \/>\nBluetooth Schnittstelle ja<br \/>\nSpannung 220 &#8211; 240 V<br \/>\nFrequenz 50\/60 Hz<br \/>\nGer\u00e4teaufnahmeleistung 1000 W<\/p>\n<p><b>Zubeh\u00f6r- und Ersatzteile auf Anfrage<\/b><\/p>\n","protected":false},"excerpt":{"rendered":"<p>MultiDrive control BT Package Zerkleinern ohne Kreuzkontamination &#8211; das gelingt mit dem MultiDrive control Package inklusive autoklavierbarer Einweggef\u00e4\u00dfe BT 250 und erforderlichem TC 1 Schutzgeh\u00e4use f\u00fcr nasse Proben. Das BT 250 ist ein Einweggef\u00e4\u00df mit 4-fachem Kreuzschl\u00e4ger und Str\u00f6mungsbrechern. Der Mixbecher aus Kunststoff kann autoklaviert werden. Kreuzkontamination wird damit selbst bei Mehrfachverwendung wirkungsvoll verhindert. Ein [&hellip;]<\/p>\n","protected":false},"featured_media":12291,"template":"","meta":[],"product_brand":[],"product_cat":[162],"product_tag":[],"class_list":{"0":"post-9928","1":"product","2":"type-product","3":"status-publish","4":"has-post-thumbnail","6":"product_cat-muehlen","7":"product_shipping_class-standard","9":"first","10":"instock","11":"taxable","12":"shipping-taxable","13":"purchasable","14":"product-type-simple"},"tiered_pricing_type":"fixed","tiered_pricing_fixed_rules":[],"tiered_pricing_product_settings":{"layout":"default","base_unit_name":{"singular":null,"plural":null},"default_variation":null},"tiered_pricing_minimum_quantity":null,"tiered_pricing_roles_data":[],"tiered_pricing_percentage_rules":[],"_links":{"self":[{"href":"https:\/\/lt-laborhandel.de\/en\/wp-json\/wp\/v2\/product\/9928","targetHints":{"allow":["GET"]}}],"collection":[{"href":"https:\/\/lt-laborhandel.de\/en\/wp-json\/wp\/v2\/product"}],"about":[{"href":"https:\/\/lt-laborhandel.de\/en\/wp-json\/wp\/v2\/types\/product"}],"wp:featuredmedia":[{"embeddable":true,"href":"https:\/\/lt-laborhandel.de\/en\/wp-json\/wp\/v2\/media\/12291"}],"wp:attachment":[{"href":"https:\/\/lt-laborhandel.de\/en\/wp-json\/wp\/v2\/media?parent=9928"}],"wp:term":[{"taxonomy":"product_brand","embeddable":true,"href":"https:\/\/lt-laborhandel.de\/en\/wp-json\/wp\/v2\/product_brand?post=9928"},{"taxonomy":"product_cat","embeddable":true,"href":"https:\/\/lt-laborhandel.de\/en\/wp-json\/wp\/v2\/product_cat?post=9928"},{"taxonomy":"product_tag","embeddable":true,"href":"https:\/\/lt-laborhandel.de\/en\/wp-json\/wp\/v2\/product_tag?post=9928"}],"curies":[{"name":"wp","href":"https:\/\/api.w.org\/{rel}","templated":true}]}}