{"id":9584,"date":"2022-04-06T16:13:33","date_gmt":"2022-04-06T14:13:33","guid":{"rendered":"https:\/\/lt-laborhandel.de\/produkt\/ika-umlaufkuehler-rc-5-control-0004183000\/"},"modified":"2026-01-09T21:20:46","modified_gmt":"2026-01-09T20:20:46","slug":"ika-umlaufkuehler-rc-5-control-0004183000","status":"publish","type":"product","link":"https:\/\/lt-laborhandel.de\/en\/produkt\/ika-umlaufkuehler-rc-5-control-0004183000\/","title":{"rendered":"IKA Umlaufk\u00fchler, RC 5 control, 0004183000"},"content":{"rendered":"<p>RC 5 control<br \/>\nLeistungsstarker Umw\u00e4lzk\u00fchler f\u00fcr externe K\u00fchlaufgaben bis zu -30 \u00b0C.<br \/>\nDer bedarfsgeregelte mit klimafreundlichem K\u00e4ltemittel betriebene Umw\u00e4lzk\u00fchler \u00fcberzeugt durch hohe Energieeffizienz und Leistungsdichte, was zu markanten Energieeinsparungen und zur Reduzierung der ben\u00f6tigten Aufstellfl\u00e4che im Labor f\u00fchrt. Die drehzahlgeregelte Druck- und Saugpumpe aus PEEK erm\u00f6glicht eine indirekte stufenlose Einstellung von maximalem Druck und Volumenstrom. Mit dem im Lieferumfang enthaltenen externen PT100 Temperaturf\u00fchler sowie einer hervorragenden Temperaturkonstanz von \u00b1 0,1K wird der RC5 control auch anspruchsvollsten Anwendungen gerecht. Mit dem Wireless Controller (WiCo), kann der RC 5 control \u00fcberall sicher und komfortabel bedient werden. Durch 10 frei programmierbare Temperaturrampen mit je 10 Schritten k\u00f6nnen Prozessabl\u00e4ufe vereinfacht und automatisiert werden.<br \/>\nDer hochwertig isolierte, 7 l fassende Tank hat einen integrierten Einf\u00fclltrichter und ein Ablassventil wodurch eine sichere und saubere Handhabung des Thermofluids erm\u00f6glicht wird. Zur Entleerung wird ein Schlauch angeschlossen, so dass der Anwender nicht in direkten Kontakt mit dem Temperiermedium kommt. Die leicht zu \u00f6ffnende Frontklappe erm\u00f6glicht ein bequemes Reinigen des Luftfilters der K\u00e4ltemaschine.<\/p>\n<p>Vorteile<br \/>\ndrehzahlgeregeltes K\u00fchlaggregat mit 1400 W (@20\u00b0C) K\u00e4lteleistung<br \/>\nnat\u00fcrliches K\u00e4ltemittel R290<br \/>\nArbeitstemperaturbereich von -30\u00b0C bis RT<br \/>\nerweiterter Betriebstemperaturbereich bis 80\u00b0C<br \/>\nhervorrgagende Temperaturkonstanz von \u00b1 0,1K (@-10\u00b0C)<br \/>\ndrehzahlgeregelte Pumpe aus PEEK: (0,6 bar; 31l\/min)<br \/>\ndigitale F\u00fcllstandsanzeige<\/p>\n<p>Weitere Funktionen des control Ger\u00e4tes:<br \/>\nBetriebsmodus D (Best\u00e4tigungsmodus)<br \/>\nSignal bei Erreichen der Solltemperatur<br \/>\nTimer\/Counter Funktionen<br \/>\nEntgasungsfunktion<\/p>\n<p>Schnittstellen:<br \/>\nAnschlussbuchse f\u00fcr externen PT100 Temperaturf\u00fchler (Zubeh\u00f6r: Pt100.30; Lemo Stecker)<br \/>\nAnschluss f\u00fcr Magnetventile (Mulit IO)<br \/>\nAlarmausgang (Multi IO)<br \/>\nStandby Kontakteingang (Multi IO)<br \/>\nRS 232 und USB<\/p>\n<p>Technische Daten<br \/>\nGer\u00e4tetyp K\u00e4lte-Umw\u00e4lzthermostat<br \/>\nK\u00e4ltemittel R290<br \/>\nK\u00e4ltemittelmenge 90 g<br \/>\nK\u00e4ltemittel Druck max. 21 bar<br \/>\nK\u00e4lteleistung (@20\u00b0C) 1400 W<br \/>\nK\u00e4lteleistung (@10\u00b0C) 1200 W<br \/>\nK\u00e4lteleistung (@0\u00b0C) 950 W<br \/>\nK\u00e4lteleistung (@-10\u00b0C) 650 W<br \/>\nK\u00e4lteleistung (@-20\u00b0C) 450 W<br \/>\nK\u00e4lteleistung (@-30\u00b0C) 200 W<br \/>\nArbeitstemperatur -30 &#8211; Raumtemp. \u00b0C<br \/>\nBetriebstemperatur min. -30 \u00b0C<br \/>\nBetriebstemperatur max. (mit Fremdheizung) 80 \u00b0C<br \/>\nTemperaturanzeige ja<br \/>\nTemperaturregelung PID<br \/>\nArbeitstemperaturf\u00fchler PT 100<br \/>\nArbeitstemperaturanzeige TFT<br \/>\nTemperaturkonstanz DIN 12876 \u00b10.1 K<br \/>\nAnschluss f\u00fcr ext. Temperaturmessf\u00fchler PT 100<br \/>\nAnzeigeaufl\u00f6sung 0.01 K<br \/>\nAnzeige des Betriebs mit ext. F\u00fchler ja<br \/>\nWarnfunktion optisch ja<br \/>\nWarnfunktion akustisch ja<br \/>\nWarnfunktion \u00dcbertemperatur ja<br \/>\nUnterniveauschutz ja<br \/>\nF\u00fcllvolumen 5.0 &#8211; 7.0 l<br \/>\nPumpentyp Druck- \/ Saugpumpe<br \/>\nPumpenleistung ver\u00e4nderbar ja<br \/>\nPumpendruck max. (0 Liter F\u00f6rderstrom) 0.61 bar<br \/>\nPumpendruck (Saugseite) max. (0 Liter F\u00f6rderstrom) 0.45 bar<br \/>\nF\u00f6rderstrom max. (0 bar Gegendruck) 31 l\/min<br \/>\nPumpenanschl\u00fcsse M16x1<br \/>\nKalibrierungsm\u00f6glichkeit ja<br \/>\nTechnische Daten nach Norm DIN 12876<br \/>\nZul\u00e4ssige Einschaltdauer 100 %<br \/>\nMulti-Interface ja<br \/>\nAlarmausgang (potentialfreier Kontakt) max. 30 V AC\/DC<br \/>\nAlarmausgang (potentialfreier Kontakt) max. 1 A<br \/>\nSchaltausgang f\u00fcr Magnetventil 24 VDC<br \/>\nSchaltausgang f\u00fcr Magnetventil max. 0.8 A<br \/>\nStandby-Eingang 5 VDC<br \/>\nGer\u00e4uschpegel 61 dB(A)<br \/>\nAbmessungen (B x H x T) 310 x 546 x 490 mm<br \/>\nGewicht 37.5 kg<br \/>\nZul\u00e4ssiger Umgebungstemperaturbereich 5 &#8211; 32 \u00b0C<br \/>\nZul\u00e4ssige Relative Feuchte 80 %<br \/>\nSchutzart nach DIN EN 60529 IP 21<br \/>\nRS 232 Schnittstelle ja<br \/>\nUSB Schnittstelle ja<br \/>\nSpannung 230 V<br \/>\nFrequenz 50\/60 Hz<br \/>\nGer\u00e4teaufnahmeleistung 1100 W\n<\/p>\n<p><b>Zubeh\u00f6r- und Ersatzteile auf Anfrage<\/b><\/p>\n","protected":false},"excerpt":{"rendered":"<p>RC 5 control Leistungsstarker Umw\u00e4lzk\u00fchler f\u00fcr externe K\u00fchlaufgaben bis zu -30 \u00b0C. Der bedarfsgeregelte mit klimafreundlichem K\u00e4ltemittel betriebene Umw\u00e4lzk\u00fchler \u00fcberzeugt durch hohe Energieeffizienz und Leistungsdichte, was zu markanten Energieeinsparungen und zur Reduzierung der ben\u00f6tigten Aufstellfl\u00e4che im Labor f\u00fchrt. Die drehzahlgeregelte Druck- und Saugpumpe aus PEEK erm\u00f6glicht eine indirekte stufenlose Einstellung von maximalem Druck und Volumenstrom. [&hellip;]<\/p>\n","protected":false},"featured_media":9573,"template":"","meta":[],"product_brand":[],"product_cat":[163],"product_tag":[],"class_list":{"0":"post-9584","1":"product","2":"type-product","3":"status-publish","4":"has-post-thumbnail","6":"product_cat-waerme-und-kaeltethermostate","7":"product_shipping_class-standard","9":"first","10":"instock","11":"taxable","12":"shipping-taxable","13":"purchasable","14":"product-type-simple"},"tiered_pricing_type":"fixed","tiered_pricing_fixed_rules":[],"tiered_pricing_product_settings":{"layout":"default","base_unit_name":{"singular":null,"plural":null},"default_variation":null},"tiered_pricing_minimum_quantity":null,"tiered_pricing_roles_data":[],"tiered_pricing_percentage_rules":[],"_links":{"self":[{"href":"https:\/\/lt-laborhandel.de\/en\/wp-json\/wp\/v2\/product\/9584","targetHints":{"allow":["GET"]}}],"collection":[{"href":"https:\/\/lt-laborhandel.de\/en\/wp-json\/wp\/v2\/product"}],"about":[{"href":"https:\/\/lt-laborhandel.de\/en\/wp-json\/wp\/v2\/types\/product"}],"wp:featuredmedia":[{"embeddable":true,"href":"https:\/\/lt-laborhandel.de\/en\/wp-json\/wp\/v2\/media\/9573"}],"wp:attachment":[{"href":"https:\/\/lt-laborhandel.de\/en\/wp-json\/wp\/v2\/media?parent=9584"}],"wp:term":[{"taxonomy":"product_brand","embeddable":true,"href":"https:\/\/lt-laborhandel.de\/en\/wp-json\/wp\/v2\/product_brand?post=9584"},{"taxonomy":"product_cat","embeddable":true,"href":"https:\/\/lt-laborhandel.de\/en\/wp-json\/wp\/v2\/product_cat?post=9584"},{"taxonomy":"product_tag","embeddable":true,"href":"https:\/\/lt-laborhandel.de\/en\/wp-json\/wp\/v2\/product_tag?post=9584"}],"curies":[{"name":"wp","href":"https:\/\/api.w.org\/{rel}","templated":true}]}}