{"id":9582,"date":"2022-04-06T16:13:32","date_gmt":"2022-04-06T14:13:32","guid":{"rendered":"https:\/\/lt-laborhandel.de\/produkt\/ika-umlaufkuehler-rc-2-green-control-0025006638\/"},"modified":"2026-01-09T21:20:45","modified_gmt":"2026-01-09T20:20:45","slug":"ika-umlaufkuehler-rc-2-green-control-0025006638","status":"publish","type":"product","link":"https:\/\/lt-laborhandel.de\/en\/produkt\/ika-umlaufkuehler-rc-2-green-control-0025006638\/","title":{"rendered":"IKA Umlaufk\u00fchler, RC 2 GREEN control, 0025006638"},"content":{"rendered":"<p>RC 2 GREEN control<br \/>\nLeistungsstarker, kompakter und energieeffizienter Umw\u00e4lzk\u00fchler f\u00fcr K\u00fchlaufgaben bis zu -30 \u00b0C. Der mit nat\u00fcrlichem K\u00e4ltemittel betriebene bedarfs- und drehzahlgeregelte Verdichter erreicht bei minimalen Energieeinsatz eine K\u00e4lteleistung von 800 W.<\/p>\n<p>Die drehzahlgeregelte PEEK-Pumpe erm\u00f6glicht eine indirekte stufenlose Einstellung von maximalem Druck und Volumenstrom. Der Umlaufk\u00fchler verf\u00fcgt dar\u00fcber hinaus \u00fcber eine Schnittstelle zur externen Temperaturregelung. Ein PT 100.30 Temperaturf\u00fchler ist im Lieferumfang enthalten. Der Wireless Controller (WiCo) zeigt alle relevanten Prozessparameter auf einen Blick und erm\u00f6glicht eine komfortbale und sichere Bedienung des Ger\u00e4ts.<br \/>\nMit Hilfe des integrierten Einf\u00fclltrichters und dem Ablassventil kann das Thermofluid sicher und sauber gehandhabt werden. Der leicht zug\u00e4ngliche Maschen-Luftfilter aus gewobenen Edelstahl garantiert bei regelm\u00e4\u00dfiger Reinigung eine konstante Leistung. Aus dem hochwertig isolierten 4 l Badreservoir stehen ohne Nachzuf\u00fcllen bis zu 2,5 l Thermofluid f\u00fcr den externen K\u00fchlkreislauf zur Verf\u00fcgung.<br \/>\nhoch effizientes drehzahlgeregeltes K\u00fchlaggregat mit 800 W (@20 \u00b0C) K\u00e4lteleistung<br \/>\nnat\u00fcrliches K\u00e4ltmittel R290<br \/>\ndrehzahlgeregelte Pumpe aus PEEK: (0,5 bar; 21 l\/min)<br \/>\ndigitale F\u00fcllstandsanzeige<br \/>\noptische und akustische Warnfunktionen<br \/>\nleicht zu reinigender Maschenfilter aus Edelstahl<br \/>\nhochwertig isoliertes 4 l Bad-Reservoir (minimal 1,5 l)<\/p>\n<p>Schnittstellen:<br \/>\nRS 232 und USB zur Steuerung und \u00dcberwachung der Ger\u00e4te \u00fcber labworldsoft\u00ae und zur Onlineaktualisierung der Ger\u00e4tesoftware<br \/>\ninterner Temperatursensor kalibrierbar (3 Punkt)<br \/>\nLEMO Buchse zum Anschlie\u00dfen eines externen PT 100-Temperaturf\u00fchlers<\/p>\n<p>Wireless Controller:<br \/>\n10 frei programmierbare Temperatur-Programme mit je 10 Schritten<br \/>\nTimer\/Counter Funktion<br \/>\nInterner und externer Temperatursensor kalibrierbar (3 Punkt)<\/p>\n<p>Technische Daten<br \/>\nGer\u00e4tetyp K\u00e4lte-Umw\u00e4lzthermostat<br \/>\nK\u00e4ltemittel R290<br \/>\nK\u00e4ltemittelmenge 69 g<br \/>\nK\u00e4ltemittel Druck max. 21 bar<br \/>\nK\u00e4lteleistung (@20\u00b0C) 800 W<br \/>\nK\u00e4lteleistung (@10\u00b0C) 700 W<br \/>\nK\u00e4lteleistung (@0\u00b0C) 500 W<br \/>\nK\u00e4lteleistung (@-10\u00b0C) 400 W<br \/>\nK\u00e4lteleistung (@-20\u00b0C) 200 W<br \/>\nK\u00e4lteleistung (@-30\u00b0C) 90 W<br \/>\nArbeitstemperatur -30 &#8211; Raumtemp. \u00b0C<br \/>\nBetriebstemperatur min. -30 \u00b0C<br \/>\nBetriebstemperatur max. (mit Fremdheizung) 70 \u00b0C<br \/>\nTemperaturanzeige ja<br \/>\nTemperaturkonstanz DIN 12876 (@-10\u00b0) \u00b10.15 K<br \/>\nTemperaturregelung PID<br \/>\nArbeitstemperaturf\u00fchler PT 100<br \/>\nArbeitstemperaturanzeige TFT<br \/>\nSicherheitstemperaturanzeige TFT<br \/>\nTemperaturkonstanz DIN 12876 \u00b10.15 K<br \/>\nAnschluss f\u00fcr ext. Temperaturmessf\u00fchler PT 100<br \/>\nAnzeigeaufl\u00f6sung 0.01 K<br \/>\nEinstellgenauigkeit Solltemperatur \u00b10.1 K<br \/>\nWarnfunktion optisch ja<br \/>\nWarnfunktion akustisch ja<br \/>\nWarnfunktion \u00dcbertemperatur ja<br \/>\nWarnfunktion Untertemperatur ja<br \/>\nUnterniveauschutz ja<br \/>\nF\u00fcllvolumen 1.4 &#8211; 4.0 l<br \/>\nPumpentyp Druck- \/ Saugpumpe<br \/>\nPumpenleistung ver\u00e4nderbar ja<br \/>\nPumpendruck max. (0 Liter F\u00f6rderstrom) 0.5 bar<br \/>\nPumpendruck (Saugseite) max. (0 Liter F\u00f6rderstrom) 0.25 bar<br \/>\nF\u00f6rderstrom max. (0 bar Gegendruck) 21 l\/min<br \/>\nPumpenanschl\u00fcsse M16x1<br \/>\nKalibrierungsm\u00f6glichkeit ja<br \/>\nTechnische Daten nach Norm DIN 12876<br \/>\nGer\u00e4uschpegel 61 dB(A)<br \/>\nAbmessungen (B x H x T) 220 x 475 x 525 mm<br \/>\nGewicht 26.5 kg<br \/>\nZul\u00e4ssiger Umgebungstemperaturbereich 5 &#8211; 32 \u00b0C<br \/>\nZul\u00e4ssige Relative Feuchte 80 %<br \/>\nSchutzart nach DIN EN 60529 IP 21<br \/>\nRS 232 Schnittstelle ja<br \/>\nUSB Schnittstelle ja<br \/>\nSpannung 230 V<br \/>\nFrequenz 50\/60 Hz<br \/>\nGer\u00e4teaufnahmeleistung 350 W\n<\/p>\n<p><b>Zubeh\u00f6r- und Ersatzteile auf Anfrage<\/b><\/p>\n","protected":false},"excerpt":{"rendered":"<p>RC 2 GREEN control Leistungsstarker, kompakter und energieeffizienter Umw\u00e4lzk\u00fchler f\u00fcr K\u00fchlaufgaben bis zu -30 \u00b0C. Der mit nat\u00fcrlichem K\u00e4ltemittel betriebene bedarfs- und drehzahlgeregelte Verdichter erreicht bei minimalen Energieeinsatz eine K\u00e4lteleistung von 800 W. Die drehzahlgeregelte PEEK-Pumpe erm\u00f6glicht eine indirekte stufenlose Einstellung von maximalem Druck und Volumenstrom. Der Umlaufk\u00fchler verf\u00fcgt dar\u00fcber hinaus \u00fcber eine Schnittstelle zur [&hellip;]<\/p>\n","protected":false},"featured_media":9569,"template":"","meta":[],"product_brand":[],"product_cat":[163],"product_tag":[],"class_list":{"0":"post-9582","1":"product","2":"type-product","3":"status-publish","4":"has-post-thumbnail","6":"product_cat-waerme-und-kaeltethermostate","7":"product_shipping_class-standard","9":"first","10":"instock","11":"taxable","12":"shipping-taxable","13":"purchasable","14":"product-type-simple"},"tiered_pricing_type":"fixed","tiered_pricing_fixed_rules":[],"tiered_pricing_product_settings":{"layout":"default","base_unit_name":{"singular":null,"plural":null},"default_variation":null},"tiered_pricing_minimum_quantity":null,"tiered_pricing_roles_data":[],"tiered_pricing_percentage_rules":[],"_links":{"self":[{"href":"https:\/\/lt-laborhandel.de\/en\/wp-json\/wp\/v2\/product\/9582","targetHints":{"allow":["GET"]}}],"collection":[{"href":"https:\/\/lt-laborhandel.de\/en\/wp-json\/wp\/v2\/product"}],"about":[{"href":"https:\/\/lt-laborhandel.de\/en\/wp-json\/wp\/v2\/types\/product"}],"wp:featuredmedia":[{"embeddable":true,"href":"https:\/\/lt-laborhandel.de\/en\/wp-json\/wp\/v2\/media\/9569"}],"wp:attachment":[{"href":"https:\/\/lt-laborhandel.de\/en\/wp-json\/wp\/v2\/media?parent=9582"}],"wp:term":[{"taxonomy":"product_brand","embeddable":true,"href":"https:\/\/lt-laborhandel.de\/en\/wp-json\/wp\/v2\/product_brand?post=9582"},{"taxonomy":"product_cat","embeddable":true,"href":"https:\/\/lt-laborhandel.de\/en\/wp-json\/wp\/v2\/product_cat?post=9582"},{"taxonomy":"product_tag","embeddable":true,"href":"https:\/\/lt-laborhandel.de\/en\/wp-json\/wp\/v2\/product_tag?post=9582"}],"curies":[{"name":"wp","href":"https:\/\/api.w.org\/{rel}","templated":true}]}}