{"id":9580,"date":"2022-04-06T16:13:27","date_gmt":"2022-04-06T14:13:27","guid":{"rendered":"https:\/\/lt-laborhandel.de\/produkt\/ika-umlaufkuehler-rc-2-control-0004173000\/"},"modified":"2026-01-09T21:20:45","modified_gmt":"2026-01-09T20:20:45","slug":"ika-umlaufkuehler-rc-2-control-0004173000","status":"publish","type":"product","link":"https:\/\/lt-laborhandel.de\/en\/produkt\/ika-umlaufkuehler-rc-2-control-0004173000\/","title":{"rendered":"IKA Umlaufk\u00fchler, RC 2 control, 0004173000"},"content":{"rendered":"<p>RC 2 control<br \/>\nHoch energieeffizienter und temperaturstabiler Umw\u00e4lzk\u00fchler mit einzigartigem Wireless Controller. Konzipiert f\u00fcr K\u00fchlaufgaben bis -30 \u00b0C bei starken 400 W K\u00e4lteleistung.<br \/>\nDie drehzahlgeregelte PEEK-Pumpe erm\u00f6glicht eine indirekte stufenlose Einstellung von maximalem Druck und Volumenstrom. Eine hervorragende Temperaturkonstanz von \u00b1 0,05 K (bei -10 \u00b0C) wird auch anspruchsvollen Anwendungen gerecht.<br \/>\nDer integrierte Einf\u00fclltrichter und das Ablassventil erm\u00f6glichen eine sichere und saubere Handhabung des Thermofluids. Die leicht zu \u00f6ffnende Frontklappe erm\u00f6glicht ein bequemes Reinigen des Luftfilters.<br \/>\nAus dem hochwertig isolierten 4-Liter Badreservoir stehen ohne nachzuf\u00fcllen bis zu 2,5 Liter Thermofluid f\u00fcr den externen K\u00fchlreislauf zur Verf\u00fcgung.<br \/>\nEin externer PT 100 Temperaturf\u00fchler ist im Lieferumfang enthalten.<br \/>\nTemperaturbereich: &#8211; 30 \u00b0C &#8211; RT<br \/>\nTemperaturkonstanz: \u00b1 0,05 K<br \/>\nTemperatureinstellung und Pumpgeschwindigkeit sowie F\u00fcllstand und Sicherheitstemperatur werden \u00fcber ein gro\u00dfes und gut ablesbares TFT-Display angezeigt<br \/>\nDeutllich sichtbare F\u00fcllstandsanzeige<br \/>\nAblassventil und optimierter Badboden zur sicheren und vollst\u00e4ndigen Entleerung<br \/>\nLeicht zug\u00e4nglicher Luftfilter<br \/>\nOptische und akustische Warnfunktionen<br \/>\nAnschluss f\u00fcr einen externen PT100 Temperaturf\u00fchler<\/p>\n<p>Technische Daten<br \/>\nGer\u00e4tetyp K\u00e4lte-Umw\u00e4lzthermostat<br \/>\nK\u00e4ltemittel R134a<br \/>\nK\u00e4ltemittelmenge 230 g<br \/>\nK\u00e4ltemittel Druck max. 20 bar<br \/>\nK\u00e4lteleistung (@20\u00b0C) 400 W<br \/>\nK\u00e4lteleistung (@10\u00b0C) 370 W<br \/>\nK\u00e4lteleistung (@0\u00b0C) 320 W<br \/>\nK\u00e4lteleistung (@-10\u00b0C) 240 W<br \/>\nK\u00e4lteleistung (@-20\u00b0C) 130 W<br \/>\nArbeitstemperatur -30 &#8211; Raumtemp. \u00b0C<br \/>\nBetriebstemperatur min. -30 \u00b0C<br \/>\nBetriebstemperatur max. (mit Fremdheizung) 80 \u00b0C<br \/>\nTemperaturanzeige ja<br \/>\nTemperaturregelung PID<br \/>\nArbeitstemperaturf\u00fchler PT 100<br \/>\nArbeitstemperaturanzeige TFT<br \/>\nSicherheitstemperaturanzeige TFT<br \/>\nTemperaturkonstanz DIN 12876 \u00b10.05 K<br \/>\nAnschluss f\u00fcr ext. Temperaturmessf\u00fchler PT 100<br \/>\nAnzeigeaufl\u00f6sung 0.01 K<br \/>\nAnzeige des Betriebs mit ext. F\u00fchler ja<br \/>\nWarnfunktion optisch ja<br \/>\nWarnfunktion akustisch ja<br \/>\nWarnfunktion \u00dcbertemperatur ja<br \/>\nWarnfunktion Untertemperatur ja<br \/>\nUnterniveauschutz ja<br \/>\nF\u00fcllvolumen 1.4 &#8211; 4.0 l<br \/>\nPumpentyp Druck- \/ Saugpumpe<br \/>\nPumpenleistung ver\u00e4nderbar ja<br \/>\nPumpendruck max. (0 Liter F\u00f6rderstrom) 0.3 bar<br \/>\nPumpendruck (Saugseite) max. (0 Liter F\u00f6rderstrom) 0.2 bar<br \/>\nF\u00f6rderstrom max. (0 bar Gegendruck) 18 l\/min<br \/>\nKalibrierungsm\u00f6glichkeit ja<br \/>\nTechnische Daten nach Norm DIN 12876<br \/>\nZul\u00e4ssige Einschaltdauer 100 %<br \/>\nGer\u00e4uschpegel 52 dB(A)<br \/>\nAbmessungen (B x H x T) 220 x 475 x 525 mm<br \/>\nGewicht 28.5 kg<br \/>\nZul\u00e4ssiger Umgebungstemperaturbereich 5 &#8211; 32 \u00b0C<br \/>\nZul\u00e4ssige Relative Feuchte 80 %<br \/>\nSchutzart nach DIN EN 60529 IP 21<br \/>\nRS 232 Schnittstelle ja<br \/>\nUSB Schnittstelle ja<br \/>\nSpannung 230 V<br \/>\nFrequenz 50\/60 Hz<br \/>\nGer\u00e4teaufnahmeleistung 300 W<\/p>\n<p><b>Zubeh\u00f6r- und Ersatzteile auf Anfrage<\/b><\/p>\n","protected":false},"excerpt":{"rendered":"<p>RC 2 control Hoch energieeffizienter und temperaturstabiler Umw\u00e4lzk\u00fchler mit einzigartigem Wireless Controller. Konzipiert f\u00fcr K\u00fchlaufgaben bis -30 \u00b0C bei starken 400 W K\u00e4lteleistung. Die drehzahlgeregelte PEEK-Pumpe erm\u00f6glicht eine indirekte stufenlose Einstellung von maximalem Druck und Volumenstrom. Eine hervorragende Temperaturkonstanz von \u00b1 0,05 K (bei -10 \u00b0C) wird auch anspruchsvollen Anwendungen gerecht. Der integrierte Einf\u00fclltrichter und [&hellip;]<\/p>\n","protected":false},"featured_media":9565,"template":"","meta":[],"product_brand":[],"product_cat":[163],"product_tag":[],"class_list":{"0":"post-9580","1":"product","2":"type-product","3":"status-publish","4":"has-post-thumbnail","6":"product_cat-waerme-und-kaeltethermostate","7":"product_shipping_class-standard","9":"first","10":"instock","11":"taxable","12":"shipping-taxable","13":"purchasable","14":"product-type-simple"},"tiered_pricing_type":"fixed","tiered_pricing_fixed_rules":[],"tiered_pricing_product_settings":{"layout":"default","base_unit_name":{"singular":null,"plural":null},"default_variation":null},"tiered_pricing_minimum_quantity":null,"tiered_pricing_roles_data":[],"tiered_pricing_percentage_rules":[],"_links":{"self":[{"href":"https:\/\/lt-laborhandel.de\/en\/wp-json\/wp\/v2\/product\/9580","targetHints":{"allow":["GET"]}}],"collection":[{"href":"https:\/\/lt-laborhandel.de\/en\/wp-json\/wp\/v2\/product"}],"about":[{"href":"https:\/\/lt-laborhandel.de\/en\/wp-json\/wp\/v2\/types\/product"}],"wp:featuredmedia":[{"embeddable":true,"href":"https:\/\/lt-laborhandel.de\/en\/wp-json\/wp\/v2\/media\/9565"}],"wp:attachment":[{"href":"https:\/\/lt-laborhandel.de\/en\/wp-json\/wp\/v2\/media?parent=9580"}],"wp:term":[{"taxonomy":"product_brand","embeddable":true,"href":"https:\/\/lt-laborhandel.de\/en\/wp-json\/wp\/v2\/product_brand?post=9580"},{"taxonomy":"product_cat","embeddable":true,"href":"https:\/\/lt-laborhandel.de\/en\/wp-json\/wp\/v2\/product_cat?post=9580"},{"taxonomy":"product_tag","embeddable":true,"href":"https:\/\/lt-laborhandel.de\/en\/wp-json\/wp\/v2\/product_tag?post=9580"}],"curies":[{"name":"wp","href":"https:\/\/api.w.org\/{rel}","templated":true}]}}