{"id":9579,"date":"2022-04-06T16:13:26","date_gmt":"2022-04-06T14:13:26","guid":{"rendered":"https:\/\/lt-laborhandel.de\/produkt\/ika-umlaufkuehler-rc-2-lite-0025006624\/"},"modified":"2026-01-09T21:20:45","modified_gmt":"2026-01-09T20:20:45","slug":"ika-umlaufkuehler-rc-2-lite-0025006624","status":"publish","type":"product","link":"https:\/\/lt-laborhandel.de\/en\/produkt\/ika-umlaufkuehler-rc-2-lite-0025006624\/","title":{"rendered":"IKA Umlaufk\u00fchler, RC 2 lite, 0025006624"},"content":{"rendered":"<p>RC 2 lite<br \/>\nKompakter Umw\u00e4lzk\u00fchler mit starker 400 Watt K\u00e4lteleistung, konzipiert f\u00fcr einfache K\u00fchlaufgaben bis -10 \u00b0C.<\/p>\n<p>Der RC 2 lite ist das perfekte Peripherieger\u00e4t zur K\u00fchlung von Rotationsverdampfern, R\u00fcckflussk\u00fchlern oder als K\u00fchlquelle f\u00fcr Ger\u00e4te, die mit Hilfe eines W\u00e4rmetauschers W\u00e4rme abf\u00fchren (z.B. Doppelwandmahlbeh\u00e4lter, gek\u00fchlte Inkubatoren, Laborreaktoren, K\u00fchlschlangen).<\/p>\n<p>Der gut zug\u00e4ngliche und leicht zu reinigende Maschenfilter aus Edelstahl stellt eine gleichbleibend hohe K\u00fchlleistung \u00fcber Jahre hinweg sicher. Dank des geringen F\u00fcllvolumens von nur einem Liter k\u00f6nnen mit dem RC 2 lite besonders schnell niedrige Temperaturen erreicht werden. Das gro\u00dfe Arbeitsvolumen von 2,5 Litern erm\u00f6glicht eine Vielzahl von externen Anwendungen ohne Nachf\u00fcllen von Fl\u00fcssigkeit. Der F\u00fcllstand im Reservoir kann besonders \u00fcbersichtlich \u00fcber das gro\u00dfe beleuchtete Schauglas im Blick behalten werden.<\/p>\n<p>Die kraftvolle Druck- und Saug-Pumpe erm\u00f6glicht den gleichzeitigen Betrieb von mehreren kleinen Applikationen sowie externen Anwendungen in offenen B\u00e4dern in Kombination mit einem Levelcontroller. Durch das nat\u00fcrliche K\u00e4ltemittel R290 ist der RC 2 lite besonders umweltfreundlich und bestens vorbereitet auf die Zukunft.<\/p>\n<p>Technische Daten<br \/>\nGer\u00e4tetyp K\u00e4lte-Umw\u00e4lzthermostat<br \/>\nKlassenbezeichnung nach DIN 12876 I<br \/>\nKennzeichnung nach DIN 12876 NFL<br \/>\nK\u00e4ltemittel R290<br \/>\nK\u00e4ltemittelmenge 70 g<br \/>\nK\u00e4ltemittel Druck max. 21 bar<br \/>\nK\u00e4lteleistung (@20\u00b0C) 400 W<br \/>\nK\u00e4lteleistung (@10\u00b0C) 350 W<br \/>\nK\u00e4lteleistung (@0\u00b0C) 250 W<br \/>\nK\u00e4lteleistung (@-10\u00b0C) 140 W<br \/>\nArbeitstemperatur -10 &#8211; Raumtemp. \u00b0C<br \/>\nBetriebstemperatur min. -10 \u00b0C<br \/>\nBetriebstemperatur max. (mit Fremdheizung) 70 \u00b0C<br \/>\nTemperaturanzeige ja<br \/>\nTemperaturregelung PID<br \/>\nArbeitstemperaturf\u00fchler PT1000<br \/>\nArbeitstemperaturanzeige LED<br \/>\nTemperaturkonstanz DIN 12876 \u00b10.5 K<br \/>\nAnzeigeaufl\u00f6sung 0.1 K<br \/>\nEinstellgenauigkeit Solltemperatur \u00b10.1 K<br \/>\nF\u00fcllvolumen 1 &#8211; 3.5 l<br \/>\nPumpentyp Druck- \/ Saugpumpe<br \/>\nPumpendruck max. (0 Liter F\u00f6rderstrom) 0.35 bar<br \/>\nPumpendruck (Saugseite) max. (0 Liter F\u00f6rderstrom) 0.15 bar<br \/>\nF\u00f6rderstrom max. (0 bar Gegendruck) 18 l\/min<br \/>\nPumpenanschl\u00fcsse M16x1<br \/>\nZul\u00e4ssige Einschaltdauer 100 %<br \/>\nGer\u00e4uschpegel 51 dB(A)<br \/>\nAbmessungen (B x H x T) 225 x 385 x 430 mm<br \/>\nGewicht 24.5 kg<br \/>\nZul\u00e4ssiger Umgebungstemperaturbereich 5 &#8211; 32 \u00b0C<br \/>\nZul\u00e4ssige Relative Feuchte 80 %<br \/>\nSchutzart nach DIN EN 60529 IP 21<br \/>\nRS 232 Schnittstelle ja<br \/>\nUSB Schnittstelle ja<br \/>\nSpannung 230 V<br \/>\nFrequenz 50\/60 Hz<br \/>\nGer\u00e4teaufnahmeleistung 250 W<\/p>\n<p><b>Zubeh\u00f6r- und Ersatzteile auf Anfrage<\/b><\/p>\n","protected":false},"excerpt":{"rendered":"<p>RC 2 lite Kompakter Umw\u00e4lzk\u00fchler mit starker 400 Watt K\u00e4lteleistung, konzipiert f\u00fcr einfache K\u00fchlaufgaben bis -10 \u00b0C. Der RC 2 lite ist das perfekte Peripherieger\u00e4t zur K\u00fchlung von Rotationsverdampfern, R\u00fcckflussk\u00fchlern oder als K\u00fchlquelle f\u00fcr Ger\u00e4te, die mit Hilfe eines W\u00e4rmetauschers W\u00e4rme abf\u00fchren (z.B. Doppelwandmahlbeh\u00e4lter, gek\u00fchlte Inkubatoren, Laborreaktoren, K\u00fchlschlangen). Der gut zug\u00e4ngliche und leicht zu reinigende [&hellip;]<\/p>\n","protected":false},"featured_media":9575,"template":"","meta":[],"product_brand":[],"product_cat":[163],"product_tag":[],"class_list":{"0":"post-9579","1":"product","2":"type-product","3":"status-publish","4":"has-post-thumbnail","6":"product_cat-waerme-und-kaeltethermostate","7":"product_shipping_class-standard","9":"first","10":"instock","11":"taxable","12":"shipping-taxable","13":"purchasable","14":"product-type-simple"},"tiered_pricing_type":"fixed","tiered_pricing_fixed_rules":[],"tiered_pricing_product_settings":{"layout":"default","base_unit_name":{"singular":null,"plural":null},"default_variation":null},"tiered_pricing_minimum_quantity":null,"tiered_pricing_roles_data":[],"tiered_pricing_percentage_rules":[],"_links":{"self":[{"href":"https:\/\/lt-laborhandel.de\/en\/wp-json\/wp\/v2\/product\/9579","targetHints":{"allow":["GET"]}}],"collection":[{"href":"https:\/\/lt-laborhandel.de\/en\/wp-json\/wp\/v2\/product"}],"about":[{"href":"https:\/\/lt-laborhandel.de\/en\/wp-json\/wp\/v2\/types\/product"}],"wp:featuredmedia":[{"embeddable":true,"href":"https:\/\/lt-laborhandel.de\/en\/wp-json\/wp\/v2\/media\/9575"}],"wp:attachment":[{"href":"https:\/\/lt-laborhandel.de\/en\/wp-json\/wp\/v2\/media?parent=9579"}],"wp:term":[{"taxonomy":"product_brand","embeddable":true,"href":"https:\/\/lt-laborhandel.de\/en\/wp-json\/wp\/v2\/product_brand?post=9579"},{"taxonomy":"product_cat","embeddable":true,"href":"https:\/\/lt-laborhandel.de\/en\/wp-json\/wp\/v2\/product_cat?post=9579"},{"taxonomy":"product_tag","embeddable":true,"href":"https:\/\/lt-laborhandel.de\/en\/wp-json\/wp\/v2\/product_tag?post=9579"}],"curies":[{"name":"wp","href":"https:\/\/api.w.org\/{rel}","templated":true}]}}