{"id":9552,"date":"2022-04-05T16:41:44","date_gmt":"2022-04-05T14:41:44","guid":{"rendered":"https:\/\/lt-laborhandel.de\/produkt\/ika-waerme-bad-und-umwaelzthermostat-5-7-l-hbc-5-control-0004127000\/"},"modified":"2026-01-09T21:20:44","modified_gmt":"2026-01-09T20:20:44","slug":"ika-waerme-bad-und-umwaelzthermostat-5-7-l-hbc-5-control-0004127000","status":"publish","type":"product","link":"https:\/\/lt-laborhandel.de\/en\/produkt\/ika-waerme-bad-und-umwaelzthermostat-5-7-l-hbc-5-control-0004127000\/","title":{"rendered":"IKA W\u00e4rme-Bad- und Umw\u00e4lzthermostat, 5-7 l, HBC 5 control, 0004127000"},"content":{"rendered":"<p>HBC 5 control<br \/>\nDer Bad- und Umw\u00e4lzthermostat HBC 5 control hat eine maximale Arbeitstemperatur von 250 \u00b0C und sein hochwertiges Edelstahlbad verf\u00fcgt \u00fcber ein F\u00fcllvolumen von 5 \u2013 7 Litern. Das farbige TFT-Grafikdisplay zeigt alle relevanten Prozessdaten an. Der Benutzer kann auf Knopfdruck von interner auf externe Regelung umschalten. Die hochwertige Isolierung des Ger\u00e4tes erm\u00f6glicht besonders schnelle Aufheizzeiten. Die mehrsprachige und bildgest\u00fctzte Men\u00fcf\u00fchrung mittels Druck- und Drehkn\u00f6pfen macht die Navigation einfach und sicher. Das Bad hat auf der Vorderseite ein Ablaufventil. Zur Entleerung wird ein Schlauch angeschlossen, so dass der Anwender nicht in direkten Kontakt mit dem Temperiermedium kommt. Dank der innovativen abnehmbaren Fernbedienung kann das Ger\u00e4t aus einer Entfernung von bis zu 10 Metern bedient werden.<br \/>\nTemperaturbereich: 20 &#8211; 250 \u00b0C<br \/>\nTemperaturkonstanz: \u00b1 0,01 K<br \/>\nDas abnehmbare, drahtlose Display erm\u00f6glicht eine sichere Bedienung z. B. vor einer geschlossenen Abzugshaube<br \/>\nTemperatureinstellung, Pumpgeschwindigkeit, F\u00fcllstand und Sicherheitstemperatur werden \u00fcber ein gro\u00dfes und gut ablesbares TFT-Display angezeigt<br \/>\nLeistungsf\u00e4hige Druck- und Saugpumpe mit Geh\u00e4use aus temperatur- und chemikalienbest\u00e4ndigem Kunststoff<br \/>\nIntegrierte K\u00fchlschlange<br \/>\nEinstellbarer Sicherheitskreis<br \/>\nSicherheitsklassifizierung III (FL) gem\u00e4\u00df DIN 12876<br \/>\nElektronische Zeitgeberfunktion: 0 &#8211; 99h 59min<br \/>\nOptische und akustische Warnfunktionen<br \/>\nAnschluss eines Magnetventils m\u00f6glich<br \/>\nUSB \/ RS 232-Schnittstelle zur Steuerung und \u00dcberwachung der Ger\u00e4te \u00fcber labworldsoft\u00ae und zur online Aktualisierung der Ger\u00e4tesoftware<\/p>\n<p>Technische Daten<br \/>\nGer\u00e4tetyp Umw\u00e4lzthermostat<br \/>\nKlassenbezeichnung nach DIN 12876 III<br \/>\nKennzeichnung nach DIN 12876 FL<br \/>\nHeizleistung 2500 W<br \/>\nArbeitstemperatur Raumtemp. +10K @1000rpm &#8211; 250 \u00b0C<br \/>\nBetriebstemperatur min. (mit Fremdk\u00fchlung) -20 \u00b0C<br \/>\nTemperaturanzeige ja<br \/>\nTemperaturregelung PID<br \/>\nArbeitstemperaturf\u00fchler PT 100<br \/>\nSicherheitstemperaturf\u00fchler PT1000<br \/>\nArbeitstemperaturanzeige TFT<br \/>\nSicherheitstemperaturanzeige TFT<br \/>\nTemperaturkonstanz DIN 12876 \u00b10.01 K<br \/>\nAnschluss f\u00fcr ext. Temperaturmessf\u00fchler PT 100<br \/>\nAnzeigeaufl\u00f6sung 0.01 K<br \/>\nAnzeige des Betriebs mit ext. F\u00fchler ja<br \/>\nEinstellgenauigkeit Solltemperatur \u00b10.1 K<br \/>\nWarnfunktion optisch ja<br \/>\nWarnfunktion akustisch ja<br \/>\nWarnfunktion \u00dcbertemperatur ja<br \/>\nSicherheitskreis einstellbar 0 &#8211; 260 \u00b0C<br \/>\nUnterniveauschutz ja<br \/>\n\u00dcberniveauschutz ja<br \/>\nF\u00fcllvolumen 5 &#8211; 7 l<br \/>\nPumpentyp Druck- \/ Saugpumpe<br \/>\nPumpenleistung ver\u00e4nderbar ja<br \/>\nPumpendruck max. (0 Liter F\u00f6rderstrom) 0.61 bar<br \/>\nPumpendruck (Saugseite) max. (0 Liter F\u00f6rderstrom) 0.45 bar<br \/>\nF\u00f6rderstrom max. (0 bar Gegendruck) 31 l\/min<br \/>\nPumpenanschl\u00fcsse M16x1<br \/>\nAnschluss K\u00fchlschlange NW 8<br \/>\nBadtiefe min. 150 mm<br \/>\nBreite Bad \u00d6ffnung 172 mm<br \/>\nTiefe Bad \u00d6ffnung 82 mm<br \/>\nKalibrierungsm\u00f6glichkeit ja<br \/>\nTechnische Daten nach Norm DIN 12876<br \/>\nZul\u00e4ssige Einschaltdauer 100 %<br \/>\nMulti-Interface ja<br \/>\nAlarmausgang (potentialfreier Kontakt) max. 30 V AC\/DC<br \/>\nAlarmausgang (potentialfreier Kontakt) max. 1 A<br \/>\nSchaltausgang f\u00fcr Magnetventil 24 VDC<br \/>\nSchaltausgang f\u00fcr Magnetventil max. 0.8 A<br \/>\nStandby-Eingang 5 VDC<br \/>\nAbmessungen (B x H x T) 275 x 406 x 500 mm<br \/>\nGewicht 17.3 kg<br \/>\nZul\u00e4ssiger Umgebungstemperaturbereich 5 &#8211; 40 \u00b0C<br \/>\nZul\u00e4ssige Relative Feuchte 80 %<br \/>\nSchutzart nach DIN EN 60529 IP 21<br \/>\nRS 232 Schnittstelle ja<br \/>\nUSB Schnittstelle ja<br \/>\nSpannung 230 V<br \/>\nFrequenz 50\/60 Hz<br \/>\nGer\u00e4teaufnahmeleistung 2650 W<\/p>\n<p><b>Zubeh\u00f6r- und Ersatzteile auf Anfrage<\/b><\/p>\n","protected":false},"excerpt":{"rendered":"<p>HBC 5 control Der Bad- und Umw\u00e4lzthermostat HBC 5 control hat eine maximale Arbeitstemperatur von 250 \u00b0C und sein hochwertiges Edelstahlbad verf\u00fcgt \u00fcber ein F\u00fcllvolumen von 5 \u2013 7 Litern. Das farbige TFT-Grafikdisplay zeigt alle relevanten Prozessdaten an. Der Benutzer kann auf Knopfdruck von interner auf externe Regelung umschalten. Die hochwertige Isolierung des Ger\u00e4tes erm\u00f6glicht [&hellip;]<\/p>\n","protected":false},"featured_media":9527,"template":"","meta":[],"product_brand":[],"product_cat":[163],"product_tag":[],"class_list":{"0":"post-9552","1":"product","2":"type-product","3":"status-publish","4":"has-post-thumbnail","6":"product_cat-waerme-und-kaeltethermostate","7":"product_shipping_class-standard","9":"first","10":"instock","11":"taxable","12":"shipping-taxable","13":"purchasable","14":"product-type-simple"},"tiered_pricing_type":"fixed","tiered_pricing_fixed_rules":[],"tiered_pricing_product_settings":{"layout":"default","base_unit_name":{"singular":null,"plural":null},"default_variation":null},"tiered_pricing_minimum_quantity":null,"tiered_pricing_roles_data":[],"tiered_pricing_percentage_rules":[],"_links":{"self":[{"href":"https:\/\/lt-laborhandel.de\/en\/wp-json\/wp\/v2\/product\/9552","targetHints":{"allow":["GET"]}}],"collection":[{"href":"https:\/\/lt-laborhandel.de\/en\/wp-json\/wp\/v2\/product"}],"about":[{"href":"https:\/\/lt-laborhandel.de\/en\/wp-json\/wp\/v2\/types\/product"}],"wp:featuredmedia":[{"embeddable":true,"href":"https:\/\/lt-laborhandel.de\/en\/wp-json\/wp\/v2\/media\/9527"}],"wp:attachment":[{"href":"https:\/\/lt-laborhandel.de\/en\/wp-json\/wp\/v2\/media?parent=9552"}],"wp:term":[{"taxonomy":"product_brand","embeddable":true,"href":"https:\/\/lt-laborhandel.de\/en\/wp-json\/wp\/v2\/product_brand?post=9552"},{"taxonomy":"product_cat","embeddable":true,"href":"https:\/\/lt-laborhandel.de\/en\/wp-json\/wp\/v2\/product_cat?post=9552"},{"taxonomy":"product_tag","embeddable":true,"href":"https:\/\/lt-laborhandel.de\/en\/wp-json\/wp\/v2\/product_tag?post=9552"}],"curies":[{"name":"wp","href":"https:\/\/api.w.org\/{rel}","templated":true}]}}