{"id":9547,"date":"2022-04-05T16:41:42","date_gmt":"2022-04-05T14:41:42","guid":{"rendered":"https:\/\/lt-laborhandel.de\/produkt\/ika-package-ic-basic-und-12-l-pro-bad-deckel-ic-basic-pro-12-c-0008039900\/"},"modified":"2026-01-09T21:20:43","modified_gmt":"2026-01-09T20:20:43","slug":"ika-package-ic-basic-und-12-l-pro-bad-deckel-ic-basic-pro-12-c-0008039900","status":"publish","type":"product","link":"https:\/\/lt-laborhandel.de\/en\/produkt\/ika-package-ic-basic-und-12-l-pro-bad-deckel-ic-basic-pro-12-c-0008039900\/","title":{"rendered":"IKA Package IC basic und 12 l pro Bad, Deckel, IC basic pro 12 c, 0008039900"},"content":{"rendered":"<p>IC basic pro 12 c<br \/>\nIKA erleichtert Ihnen die Zusammenstellung Ihres Temperiersystems und bietet anschlussfertige Packages mit dem notwendigen Zubeh\u00f6r an.<\/p>\n<p>Package beinhaltet<br \/>\nIC basic Br\u00fcckenthermostat<br \/>\nIB 12 pro Edelstahlbad (Gr\u00f6\u00dfe M)<br \/>\nPT 100.30 Temperaturmessf\u00fchler<br \/>\nCC1 K\u00fchlschlange<br \/>\nCM.IC Abdeckung<br \/>\nBS.IC Badbr\u00fccke<\/p>\n<p>Gesamtma\u00df: 354 x 461 x 359 mm<br \/>\nBad\u00f6ffnung: 255 x 80 mm *<br \/>\nMax. Bad\u00f6ffnung: 292 x 105 mm **<br \/>\nEintauchtiefe: 95 mm\u2013135 mm<\/p>\n<p>*maximale Gr\u00f6\u00dfe einer auf den Boden des Bades platzierbaren Platte.<br \/>\n**Maximale Abmessungen der Bad\u00f6ffnung an der oberen Badkante<\/p>\n<p>Max. Temperatur im Edelstahlbad (\u201epro&#8221; Reihe): 200 \u00b0C<\/p>\n<p>Technische Daten beziehen sich auf das im Package enthaltene Thermostat<\/p>\n<p>Technische Daten<br \/>\nGer\u00e4tetyp Einh\u00e4ngethermostat<br \/>\nKlassenbezeichnung nach DIN 12876 III<br \/>\nKennzeichnung nach DIN 12876 FL<br \/>\nHeizleistung 2500 W<br \/>\nArbeitstemperatur Raumtemp. +10K @1000rpm &#8211; 250 \u00b0C<br \/>\nBetriebstemperatur min. (mit Fremdk\u00fchlung) -20 \u00b0C<br \/>\nTemperaturanzeige ja<br \/>\nTemperaturregelung PID<br \/>\nArbeitstemperaturf\u00fchler PT 100<br \/>\nSicherheitstemperaturf\u00fchler PT1000<br \/>\nArbeitstemperaturanzeige LED<br \/>\nSicherheitstemperaturanzeige LED<br \/>\nTemperaturkonstanz DIN 12876 \u00b10.02 K<br \/>\nAnschluss f\u00fcr ext. Temperaturmessf\u00fchler PT 100<br \/>\nAnzeigeaufl\u00f6sung 0.1 K<br \/>\nAnzeige des Betriebs mit ext. F\u00fchler ja<br \/>\nEinstellgenauigkeit Solltemperatur \u00b10.1 K<br \/>\nWarnfunktion optisch ja<br \/>\nWarnfunktion akustisch ja<br \/>\nWarnfunktion \u00dcbertemperatur ja<br \/>\nSicherheitskreis einstellbar 0 &#8211; 260 \u00b0C<br \/>\nUnterniveauschutz ja<br \/>\n\u00dcberniveauschutz ja<br \/>\nPumpentyp Druck- \/ Saugpumpe<br \/>\nPumpenleistung ver\u00e4nderbar ja<br \/>\nPumpendruck max. (0 Liter F\u00f6rderstrom) 0.61 bar<br \/>\nPumpendruck (Saugseite) max. (0 Liter F\u00f6rderstrom) 0.45 bar<br \/>\nF\u00f6rderstrom max. (0 bar Gegendruck) 31 l\/min<br \/>\nPumpenanschl\u00fcsse M16x1<br \/>\nBadtiefe min. 150 mm<br \/>\nKalibrierungsm\u00f6glichkeit ja<br \/>\nGer\u00e4tebefestigung Br\u00fccke<br \/>\nSpannbreite der Universalklemme 280 &#8211; 375 mm<br \/>\nTechnische Daten nach Norm DIN 12876<br \/>\nZul\u00e4ssige Einschaltdauer 100 %<br \/>\nMulti-Interface ja<br \/>\nAlarmausgang (potentialfreier Kontakt) max. 30 V AC\/DC<br \/>\nAlarmausgang (potentialfreier Kontakt) max. 1 A<br \/>\nSchaltausgang f\u00fcr Magnetventil 24 VDC<br \/>\nSchaltausgang f\u00fcr Magnetventil max. 0.8 A<br \/>\nStandby-Eingang 5 VDC<br \/>\nAbmessungen (B x H x T) 285 x 313 x 291 mm<br \/>\nGewicht 10 kg<br \/>\nZul\u00e4ssiger Umgebungstemperaturbereich 5 &#8211; 40 \u00b0C<br \/>\nZul\u00e4ssige Relative Feuchte 80 %<br \/>\nSchutzart nach DIN EN 60529 IP 21<br \/>\nRS 232 Schnittstelle ja<br \/>\nUSB Schnittstelle ja<br \/>\nSpannung 230 V<br \/>\nFrequenz 50\/60 Hz<br \/>\nGer\u00e4teaufnahmeleistung 2650 W<\/p>\n<p><b>Zubeh\u00f6r- und Ersatzteile auf Anfrage<\/b><\/p>\n","protected":false},"excerpt":{"rendered":"<p>IC basic pro 12 c IKA erleichtert Ihnen die Zusammenstellung Ihres Temperiersystems und bietet anschlussfertige Packages mit dem notwendigen Zubeh\u00f6r an. Package beinhaltet IC basic Br\u00fcckenthermostat IB 12 pro Edelstahlbad (Gr\u00f6\u00dfe M) PT 100.30 Temperaturmessf\u00fchler CC1 K\u00fchlschlange CM.IC Abdeckung BS.IC Badbr\u00fccke Gesamtma\u00df: 354 x 461 x 359 mm Bad\u00f6ffnung: 255 x 80 mm * Max. [&hellip;]<\/p>\n","protected":false},"featured_media":9517,"template":"","meta":[],"product_brand":[],"product_cat":[163],"product_tag":[],"class_list":{"0":"post-9547","1":"product","2":"type-product","3":"status-publish","4":"has-post-thumbnail","6":"product_cat-waerme-und-kaeltethermostate","7":"product_shipping_class-standard","9":"first","10":"instock","11":"taxable","12":"shipping-taxable","13":"purchasable","14":"product-type-simple"},"tiered_pricing_type":"fixed","tiered_pricing_fixed_rules":[],"tiered_pricing_product_settings":{"layout":"default","base_unit_name":{"singular":null,"plural":null},"default_variation":null},"tiered_pricing_minimum_quantity":null,"tiered_pricing_roles_data":[],"tiered_pricing_percentage_rules":[],"_links":{"self":[{"href":"https:\/\/lt-laborhandel.de\/en\/wp-json\/wp\/v2\/product\/9547","targetHints":{"allow":["GET"]}}],"collection":[{"href":"https:\/\/lt-laborhandel.de\/en\/wp-json\/wp\/v2\/product"}],"about":[{"href":"https:\/\/lt-laborhandel.de\/en\/wp-json\/wp\/v2\/types\/product"}],"wp:featuredmedia":[{"embeddable":true,"href":"https:\/\/lt-laborhandel.de\/en\/wp-json\/wp\/v2\/media\/9517"}],"wp:attachment":[{"href":"https:\/\/lt-laborhandel.de\/en\/wp-json\/wp\/v2\/media?parent=9547"}],"wp:term":[{"taxonomy":"product_brand","embeddable":true,"href":"https:\/\/lt-laborhandel.de\/en\/wp-json\/wp\/v2\/product_brand?post=9547"},{"taxonomy":"product_cat","embeddable":true,"href":"https:\/\/lt-laborhandel.de\/en\/wp-json\/wp\/v2\/product_cat?post=9547"},{"taxonomy":"product_tag","embeddable":true,"href":"https:\/\/lt-laborhandel.de\/en\/wp-json\/wp\/v2\/product_tag?post=9547"}],"curies":[{"name":"wp","href":"https:\/\/api.w.org\/{rel}","templated":true}]}}