{"id":9511,"date":"2022-04-05T15:52:06","date_gmt":"2022-04-05T13:52:06","guid":{"rendered":"https:\/\/lt-laborhandel.de\/produkt\/ika-heizbad-4-l-hbr-4-control-0020003549\/"},"modified":"2026-01-14T07:51:57","modified_gmt":"2026-01-14T06:51:57","slug":"ika-heizbad-4-l-hbr-4-control-0020003549","status":"publish","type":"product","link":"https:\/\/lt-laborhandel.de\/en\/produkt\/ika-heizbad-4-l-hbr-4-control-0020003549\/","title":{"rendered":"IKA Heizbad, 4 l, HBR 4 control, 0020003549"},"content":{"rendered":"<p>HBR 4 control<\/p>\n<p>Das Heizbad zeichnet sich aus durch:<\/p>\n<p>Zylindrische Badform<\/p>\n<p>In den Badboden integrierte Heizelemente<\/p>\n<p>Wahlweise niederviskoses \u00d6l (50 mPas) oder Wasser als W\u00e4rmetr\u00e4ger<\/p>\n<p>Nutzvolumen: ca. 4 l<\/p>\n<p>Heizleistung: 1000 W<\/p>\n<p>Zwei Tragegriffe<\/p>\n<p>Stufenlos einstellbarer Sicherheitstemperaturbegrenzer nach DIN 12877<\/p>\n<p>Schutz vor Verbrennung durch Doppelmantel<\/p>\n<p>Digitalanzeige f\u00fcr Soll-, Ist- und Sicherheitstemperatur sowie Drehzahl<\/p>\n<p>Integrierter Magnetr\u00fchrantrieb zum Umw\u00e4lzen der Temperierfl\u00fcssigkeit, dadurch bessere W\u00e4rmeverteilung im Bad<\/p>\n<p>RS 232-Schnittstelle<\/p>\n<p>Heizbad kann mit einem externen Temperaturf\u00fchler zur Temperierung direkt im Medium betrieben werden<\/p>\n<p>Lieferumfang<\/p>\n<p>HBR 4 control<\/p>\n<p>PT 1000.60 Temperaturmessf\u00fchler, Edelstahl<\/p>\n<p>Technische Daten<\/p>\n<p>Heizleistung\t1000 W<\/p>\n<p>Heiztemperaturbereich\tRaumtemp. &#8211; 200 \u00b0C<\/p>\n<p>Einstellm\u00f6glichkeit Heiztemperatur\tStufenlos<\/p>\n<p>Einstellgenauigkeit Solltemperatur\t\u00b11 K<\/p>\n<p>Reglerschwankung (3l Wasser \/ 90 \u00b0C)\t\u00b11 K<\/p>\n<p>Reglerschwankung (3l Silicon\u00f6l \/ 50mPas \/ 150\u00b0C)\t\u00b12 K<\/p>\n<p>Drehzahlanzeige\tLCD<\/p>\n<p>Einstellm\u00f6glichkeit Drehzahl\tStufenlos<\/p>\n<p>Drehzahlbereich\t150 &#8211; 800 rpm<\/p>\n<p>Motorleistung Aufnahme\t5 W<\/p>\n<p>Motorleistung Abgabe\t1 W<\/p>\n<p>F\u00fcllvolumen max.\t4 l<\/p>\n<p>F\u00fcllh\u00f6he min.\t20 mm<\/p>\n<p>Produktber\u00fchrendes Material\tEdelstahl 1.4301<\/p>\n<p>Anschluss f\u00fcr ext. Temperaturmessf\u00fchler\tPT1000<\/p>\n<p>Sicherheitskreis einstellbar\t50 &#8211; 210 \u00b0C<\/p>\n<p>Klassenbezeichnung nach DIN 12876\tII<\/p>\n<p>Au\u00dfendurchmesser\t250 mm<\/p>\n<p>Innendurchmesser\t200 mm<\/p>\n<p>Au\u00dfenh\u00f6he\t250 mm<\/p>\n<p>Innenh\u00f6he\t160 mm<\/p>\n<p>Abmessungen (B x H x T)\t340 x 250 x 340 mm<\/p>\n<p>Gewicht\t5.6 kg<\/p>\n<p>Zul\u00e4ssige Umgebungstemperatur max.\t40 \u00b0C<\/p>\n<p>Zul\u00e4ssige Relative Feuchte\t80 %<\/p>\n<p>Schutzart nach DIN EN 60529\tIP 20<\/p>\n<p>RS 232 Schnittstelle\tja<\/p>\n<p>Spannung\t230 V<\/p>\n<p>Frequenz\t50\/60 Hz<\/p>\n<p>Ger\u00e4teaufnahmeleistung\t1020 W<\/p>\n<p><b>Zubeh\u00f6r- und Ersatzteile auf Anfrage<\/b><\/p>\n","protected":false},"excerpt":{"rendered":"<p>HBR 4 control Das Heizbad zeichnet sich aus durch: Zylindrische Badform In den Badboden integrierte Heizelemente Wahlweise niederviskoses \u00d6l (50 mPas) oder Wasser als W\u00e4rmetr\u00e4ger Nutzvolumen: ca. 4 l Heizleistung: 1000 W Zwei Tragegriffe Stufenlos einstellbarer Sicherheitstemperaturbegrenzer nach DIN 12877 Schutz vor Verbrennung durch Doppelmantel Digitalanzeige f\u00fcr Soll-, Ist- und Sicherheitstemperatur sowie Drehzahl Integrierter Magnetr\u00fchrantrieb [&hellip;]<\/p>\n","protected":false},"featured_media":9441,"template":"","meta":[],"product_brand":[],"product_cat":[194],"product_tag":[],"class_list":{"0":"post-9511","1":"product","2":"type-product","3":"status-publish","4":"has-post-thumbnail","6":"product_cat-heizplatten","7":"product_shipping_class-standard","9":"first","10":"instock","11":"taxable","12":"shipping-taxable","13":"purchasable","14":"product-type-simple"},"tiered_pricing_type":"fixed","tiered_pricing_fixed_rules":[],"tiered_pricing_product_settings":{"layout":"default","base_unit_name":{"singular":null,"plural":null},"default_variation":null},"tiered_pricing_minimum_quantity":null,"tiered_pricing_roles_data":[],"tiered_pricing_percentage_rules":[],"_links":{"self":[{"href":"https:\/\/lt-laborhandel.de\/en\/wp-json\/wp\/v2\/product\/9511","targetHints":{"allow":["GET"]}}],"collection":[{"href":"https:\/\/lt-laborhandel.de\/en\/wp-json\/wp\/v2\/product"}],"about":[{"href":"https:\/\/lt-laborhandel.de\/en\/wp-json\/wp\/v2\/types\/product"}],"wp:featuredmedia":[{"embeddable":true,"href":"https:\/\/lt-laborhandel.de\/en\/wp-json\/wp\/v2\/media\/9441"}],"wp:attachment":[{"href":"https:\/\/lt-laborhandel.de\/en\/wp-json\/wp\/v2\/media?parent=9511"}],"wp:term":[{"taxonomy":"product_brand","embeddable":true,"href":"https:\/\/lt-laborhandel.de\/en\/wp-json\/wp\/v2\/product_brand?post=9511"},{"taxonomy":"product_cat","embeddable":true,"href":"https:\/\/lt-laborhandel.de\/en\/wp-json\/wp\/v2\/product_cat?post=9511"},{"taxonomy":"product_tag","embeddable":true,"href":"https:\/\/lt-laborhandel.de\/en\/wp-json\/wp\/v2\/product_tag?post=9511"}],"curies":[{"name":"wp","href":"https:\/\/api.w.org\/{rel}","templated":true}]}}