{"id":9510,"date":"2022-04-05T15:52:06","date_gmt":"2022-04-05T13:52:06","guid":{"rendered":"https:\/\/lt-laborhandel.de\/produkt\/ika-heizbad-4-l-hb-digital-0020016334\/"},"modified":"2026-01-14T07:51:57","modified_gmt":"2026-01-14T06:51:57","slug":"ika-heizbad-4-l-hb-digital-0020016334","status":"publish","type":"product","link":"https:\/\/lt-laborhandel.de\/en\/produkt\/ika-heizbad-4-l-hb-digital-0020016334\/","title":{"rendered":"IKA Heizbad, 4 l, HB digital, 0020016334"},"content":{"rendered":"<p>HB digital<\/p>\n<p>Kompaktes, ergonomisches Sicherheitsheitbad f\u00fcr s\u00e4mtliche Temperiermedien.<\/p>\n<p>4 L Fassungsvolumen<\/p>\n<p>Bis max. 180 \u00b0C Mediumstemperatur<\/p>\n<p>Heizbad mit ergonomischen Tragegriffen<\/p>\n<p>Schl\u00fcsseltaste zur Sicherung der Heizbadtemperatur<\/p>\n<p>\u00dcbersichtliches schwarz-wei\u00df Display<\/p>\n<p>Dauerhafte Soll-\/ Ist-Temperturanzeige<\/p>\n<p>Sicherheitsbetriebmodies A, B, C<\/p>\n<p>USB Schnittstelle<\/p>\n<p>Lieferumfang<\/p>\n<p>HB digital<\/p>\n<p>USB-Kabel &#8211; USB A zu Micro-B, 2 m<\/p>\n<p>Technische Daten<\/p>\n<p>Heizleistung\t1400 W<\/p>\n<p>Heiztemperaturbereich\tRaumtemp. &#8211; 180 \u00b0C<\/p>\n<p>Einstellm\u00f6glichkeit Heiztemperatur\tDrehknopf<\/p>\n<p>Einstellgenauigkeit Solltemperatur\t\u00b11 K<\/p>\n<p>Reglerschwankung (3l Wasser \/ 90 \u00b0C)\t\u00b11 K<\/p>\n<p>Absolute Abweichung\/Mittelwert (3l Wasser \/ 90 \u00b0C)\t\u00b12 K<\/p>\n<p>Reglerschwankung (3l Silicon\u00f6l \/ 50mPas \/ 150\u00b0C)\t\u00b12 K<\/p>\n<p>Absolute Abweichung\/Mittelwert (3l Silicon\u00f6l \/ 50mPas\/ 150\u00b0C)\t\u00b14 K<\/p>\n<p>Drehzahlanzeige\tLCD<\/p>\n<p>F\u00fcllvolumen max.\t4 l<\/p>\n<p>F\u00fcllh\u00f6he min.\t60 mm<\/p>\n<p>Produktber\u00fchrendes Material\tEdelstahl 1.4404<\/p>\n<p>Sicherheitskreis fest\t190 \u00b0C<\/p>\n<p>Sicherheitskreis einstellbar\t50 &#8211; 190 \u00b0C<\/p>\n<p>Klassenbezeichnung nach DIN 12876\tII<\/p>\n<p>Au\u00dfendurchmesser\t257 mm<\/p>\n<p>Innendurchmesser\t225 mm<\/p>\n<p>Au\u00dfenh\u00f6he\t190 mm<\/p>\n<p>Innenh\u00f6he\t130 mm<\/p>\n<p>Abmessungen (B x H x T)\t330 x 190 x 325 mm<\/p>\n<p>Gewicht\t3.9 kg<\/p>\n<p>Zul\u00e4ssiger Umgebungstemperaturbereich\t5 &#8211; 40 \u00b0C<\/p>\n<p>Zul\u00e4ssige Relative Feuchte\t80 %<\/p>\n<p>Schutzart nach DIN EN 60529\tIP 21<\/p>\n<p>USB Schnittstelle\tja<\/p>\n<p>Spannung\t220 &#8211; 240 V<\/p>\n<p>Frequenz\t50\/60 Hz<\/p>\n<p>Ger\u00e4teaufnahmeleistung\t1450 W<\/p>\n<p>Ger\u00e4teaufnahmeleistung Standby\t3 W<\/p>\n<p><b>Zubeh\u00f6r- und Ersatzteile auf Anfrage<\/b><\/p>\n","protected":false},"excerpt":{"rendered":"<p>HB digital Kompaktes, ergonomisches Sicherheitsheitbad f\u00fcr s\u00e4mtliche Temperiermedien. 4 L Fassungsvolumen Bis max. 180 \u00b0C Mediumstemperatur Heizbad mit ergonomischen Tragegriffen Schl\u00fcsseltaste zur Sicherung der Heizbadtemperatur \u00dcbersichtliches schwarz-wei\u00df Display Dauerhafte Soll-\/ Ist-Temperturanzeige Sicherheitsbetriebmodies A, B, C USB Schnittstelle Lieferumfang HB digital USB-Kabel &#8211; USB A zu Micro-B, 2 m Technische Daten Heizleistung 1400 W Heiztemperaturbereich Raumtemp. [&hellip;]<\/p>\n","protected":false},"featured_media":9443,"template":"","meta":[],"product_brand":[],"product_cat":[194],"product_tag":[],"class_list":{"0":"post-9510","1":"product","2":"type-product","3":"status-publish","4":"has-post-thumbnail","6":"product_cat-heizplatten","7":"product_shipping_class-standard","9":"first","10":"instock","11":"taxable","12":"shipping-taxable","13":"purchasable","14":"product-type-simple"},"tiered_pricing_type":"fixed","tiered_pricing_fixed_rules":[],"tiered_pricing_product_settings":{"layout":"default","base_unit_name":{"singular":null,"plural":null},"default_variation":null},"tiered_pricing_minimum_quantity":null,"tiered_pricing_roles_data":[],"tiered_pricing_percentage_rules":[],"_links":{"self":[{"href":"https:\/\/lt-laborhandel.de\/en\/wp-json\/wp\/v2\/product\/9510","targetHints":{"allow":["GET"]}}],"collection":[{"href":"https:\/\/lt-laborhandel.de\/en\/wp-json\/wp\/v2\/product"}],"about":[{"href":"https:\/\/lt-laborhandel.de\/en\/wp-json\/wp\/v2\/types\/product"}],"wp:featuredmedia":[{"embeddable":true,"href":"https:\/\/lt-laborhandel.de\/en\/wp-json\/wp\/v2\/media\/9443"}],"wp:attachment":[{"href":"https:\/\/lt-laborhandel.de\/en\/wp-json\/wp\/v2\/media?parent=9510"}],"wp:term":[{"taxonomy":"product_brand","embeddable":true,"href":"https:\/\/lt-laborhandel.de\/en\/wp-json\/wp\/v2\/product_brand?post=9510"},{"taxonomy":"product_cat","embeddable":true,"href":"https:\/\/lt-laborhandel.de\/en\/wp-json\/wp\/v2\/product_cat?post=9510"},{"taxonomy":"product_tag","embeddable":true,"href":"https:\/\/lt-laborhandel.de\/en\/wp-json\/wp\/v2\/product_tag?post=9510"}],"curies":[{"name":"wp","href":"https:\/\/api.w.org\/{rel}","templated":true}]}}