{"id":9508,"date":"2022-04-05T15:52:05","date_gmt":"2022-04-05T13:52:05","guid":{"rendered":"https:\/\/lt-laborhandel.de\/produkt\/ika-heizplatte-keramik-1500-w-c-mag-hp-10-0003582000\/"},"modified":"2026-03-26T21:16:55","modified_gmt":"2026-03-26T20:16:55","slug":"ika-heizplatte-keramik-1500-w-c-mag-hp-10-0003582000","status":"publish","type":"product","link":"https:\/\/lt-laborhandel.de\/en\/produkt\/ika-heizplatte-keramik-1500-w-c-mag-hp-10-0003582000\/","title":{"rendered":"IKA Heizplatte, Keramik, 1500 W, C-MAG HP 10, 0003582000"},"content":{"rendered":"<p>C-MAG HP 10<\/p>\n<p>Heizplatte aus Glaskeramik, diese zeichnet sich durch eine sehr gute chemische Best\u00e4ndigkeit aus.<\/p>\n<p>Fester Sicherheitskreis von 550 \u00b0C<\/p>\n<p>Hot Top indicator &gt;&gt; Warnung bei hei\u00dfer Oberfl\u00e4che zum Schutz vor Verbrennungen!<\/p>\n<p>Exakte Temperatureinstellung \u00fcber Digitalanzeige (LED)<\/p>\n<p>DIN Buchse 12878 f\u00fcr den Anschluss eines elektronischen Kontaktthermometers z. B. ETS-D5 zur hochpr\u00e4zisen Temperaturf\u00fchrung<\/p>\n<p>Fehlercodeanzeige bei St\u00f6rung<\/p>\n<p>Abgesetzte Bedienfl\u00e4che zum Schutz vor auslaufenden Fl\u00fcssigkeiten<\/p>\n<p>Technische Daten<\/p>\n<p>Anzahl Heizstellen 1<\/p>\n<p>Heizleistung 1500 W<\/p>\n<p>Heiztemperaturbereich 50 &#8211; 500 \u00b0C<\/p>\n<p>Einstellm\u00f6glichkeit Heiztemperatur Drehknopf<\/p>\n<p>Einstellgenauigkeit Solltemperatur \u00b110 K<\/p>\n<p>Anschluss f\u00fcr ext. Temperaturmessf\u00fchler ETS-D5<\/p>\n<p>Volumen max. 15 l<\/p>\n<p>Aufheizgeschwindigkeit Heizplatte 5 K\/min<\/p>\n<p>Aufstellfl\u00e4che Werkstoff Keramik<\/p>\n<p>Aufstellfl\u00e4che Abmessungen 260 x 260 mm<\/p>\n<p>Abmessungen (B x H x T) 300 x 105 x 415 mm<\/p>\n<p>Gewicht 6 kg<\/p>\n<p>Zul\u00e4ssiger Umgebungstemperaturbereich 5 &#8211; 40 \u00b0C<\/p>\n<p>Zul\u00e4ssige Relative Feuchte 80 %<\/p>\n<p>Schutzart nach DIN EN 60529 IP 21<\/p>\n<p>Spannung 230 V<\/p>\n<p>Frequenz 50\/60 Hz<\/p>\n<p>Ger\u00e4teaufnahmeleistung 1505 W<\/p>\n<p><b>Zubeh\u00f6r- und Ersatzteile auf Anfrage<\/b><\/p>\n","protected":false},"excerpt":{"rendered":"<p>C-MAG HP 10 Heizplatte aus Glaskeramik, diese zeichnet sich durch eine sehr gute chemische Best\u00e4ndigkeit aus. Fester Sicherheitskreis von 550 \u00b0C Hot Top indicator &gt;&gt; Warnung bei hei\u00dfer Oberfl\u00e4che zum Schutz vor Verbrennungen! Exakte Temperatureinstellung \u00fcber Digitalanzeige (LED) DIN Buchse 12878 f\u00fcr den Anschluss eines elektronischen Kontaktthermometers z. B. ETS-D5 zur hochpr\u00e4zisen Temperaturf\u00fchrung Fehlercodeanzeige bei [&hellip;]<\/p>\n","protected":false},"featured_media":9336,"template":"","meta":[],"product_brand":[],"product_cat":[194],"product_tag":[],"class_list":{"0":"post-9508","1":"product","2":"type-product","3":"status-publish","4":"has-post-thumbnail","6":"product_cat-heizplatten","7":"product_shipping_class-standard","9":"first","10":"instock","11":"taxable","12":"shipping-taxable","13":"purchasable","14":"product-type-simple"},"tiered_pricing_type":"fixed","tiered_pricing_fixed_rules":[],"tiered_pricing_product_settings":{"layout":"default","base_unit_name":{"singular":null,"plural":null},"default_variation":null},"tiered_pricing_minimum_quantity":null,"tiered_pricing_roles_data":[],"tiered_pricing_percentage_rules":[],"_links":{"self":[{"href":"https:\/\/lt-laborhandel.de\/en\/wp-json\/wp\/v2\/product\/9508","targetHints":{"allow":["GET"]}}],"collection":[{"href":"https:\/\/lt-laborhandel.de\/en\/wp-json\/wp\/v2\/product"}],"about":[{"href":"https:\/\/lt-laborhandel.de\/en\/wp-json\/wp\/v2\/types\/product"}],"wp:featuredmedia":[{"embeddable":true,"href":"https:\/\/lt-laborhandel.de\/en\/wp-json\/wp\/v2\/media\/9336"}],"wp:attachment":[{"href":"https:\/\/lt-laborhandel.de\/en\/wp-json\/wp\/v2\/media?parent=9508"}],"wp:term":[{"taxonomy":"product_brand","embeddable":true,"href":"https:\/\/lt-laborhandel.de\/en\/wp-json\/wp\/v2\/product_brand?post=9508"},{"taxonomy":"product_cat","embeddable":true,"href":"https:\/\/lt-laborhandel.de\/en\/wp-json\/wp\/v2\/product_cat?post=9508"},{"taxonomy":"product_tag","embeddable":true,"href":"https:\/\/lt-laborhandel.de\/en\/wp-json\/wp\/v2\/product_tag?post=9508"}],"curies":[{"name":"wp","href":"https:\/\/api.w.org\/{rel}","templated":true}]}}