{"id":9507,"date":"2022-04-05T15:52:05","date_gmt":"2022-04-05T13:52:05","guid":{"rendered":"https:\/\/lt-laborhandel.de\/produkt\/ka-heizplatte-keramik-1000-w-c-mag-hp-7-0003581800\/"},"modified":"2026-03-03T12:01:05","modified_gmt":"2026-03-03T11:01:05","slug":"ka-heizplatte-keramik-1000-w-c-mag-hp-7-0003581800","status":"publish","type":"product","link":"https:\/\/lt-laborhandel.de\/en\/produkt\/ka-heizplatte-keramik-1000-w-c-mag-hp-7-0003581800\/","title":{"rendered":"IKA Heizplatte, Keramik, 1000 W, C-MAG HP 7, 0003581800"},"content":{"rendered":"<p>C-MAG HP 7<\/p>\n<p>Heizplatte aus Glaskeramik, diese zeichnet sich durch eine sehr gute chemische Best\u00e4ndigkeit aus.<\/p>\n<p>Fester Sicherheitskreis von 550 \u00b0C<\/p>\n<p>Hot Top indicator >> Warnung bei hei\u00dfer Oberfl\u00e4che zum Schutz vor Verbrennungen!<\/p>\n<p>Exakte Temperatureinstellung \u00fcber Digitalanzeige (LED)<\/p>\n<p>DIN Buchse 12878 f\u00fcr den Anschluss eines elektronischen Kontaktthermometers z. B. ETS-D5 zur hochpr\u00e4zisen Temperaturf\u00fchrung<\/p>\n<p>Fehlercodeanzeige bei St\u00f6rung<\/p>\n<p>Abgesetzte Bedienfl\u00e4che zum Schutz vor auslaufenden Fl\u00fcssigkeiten<\/p>\n<p>Technische Daten<\/p>\n<p>Anzahl Heizstellen\t1<\/p>\n<p>Heizleistung\t1000 W<\/p>\n<p>Heiztemperaturbereich\t50 &#8211; 500 \u00b0C<\/p>\n<p>Einstellm\u00f6glichkeit Heiztemperatur\tDrehknopf<\/p>\n<p>Anschluss f\u00fcr ext. Temperaturmessf\u00fchler\tETS-D5<\/p>\n<p>Volumen max.\t10 l<\/p>\n<p>Aufheizgeschwindigkeit Heizplatte\t5 K\/min<\/p>\n<p>Aufstellfl\u00e4che Werkstoff\tKeramik<\/p>\n<p>Aufstellfl\u00e4che Abmessungen\t180 x 180 mm<\/p>\n<p>Abmessungen (B x H x T)\t220 x 105 x 330 mm<\/p>\n<p>Gewicht\t4.4 kg<\/p>\n<p>Zul\u00e4ssiger Umgebungstemperaturbereich\t5 &#8211; 40 \u00b0C<\/p>\n<p>Zul\u00e4ssige Relative Feuchte\t80 %<\/p>\n<p>Schutzart nach DIN EN 60529\tIP 21<\/p>\n<p>Spannung\t230 V<\/p>\n<p>Frequenz\t50\/60 Hz<\/p>\n<p>Ger\u00e4teaufnahmeleistung\t1005 W<\/p>\n<p><b>Zubeh\u00f6r- und Ersatzteile auf Anfrage<\/b><\/p>\n","protected":false},"excerpt":{"rendered":"<p>C-MAG HP 7 Heizplatte aus Glaskeramik, diese zeichnet sich durch eine sehr gute chemische Best\u00e4ndigkeit aus. Fester Sicherheitskreis von 550 \u00b0C Hot Top indicator >> Warnung bei hei\u00dfer Oberfl\u00e4che zum Schutz vor Verbrennungen! Exakte Temperatureinstellung \u00fcber Digitalanzeige (LED) DIN Buchse 12878 f\u00fcr den Anschluss eines elektronischen Kontaktthermometers z. B. ETS-D5 zur hochpr\u00e4zisen Temperaturf\u00fchrung Fehlercodeanzeige bei [&hellip;]<\/p>\n","protected":false},"featured_media":9334,"template":"","meta":[],"product_brand":[],"product_cat":[194],"product_tag":[],"class_list":{"0":"post-9507","1":"product","2":"type-product","3":"status-publish","4":"has-post-thumbnail","6":"product_cat-heizplatten","7":"product_shipping_class-standard","9":"first","10":"instock","11":"taxable","12":"shipping-taxable","13":"purchasable","14":"product-type-simple"},"tiered_pricing_type":"fixed","tiered_pricing_fixed_rules":[],"tiered_pricing_product_settings":{"layout":"default","base_unit_name":{"singular":null,"plural":null},"default_variation":null},"tiered_pricing_minimum_quantity":null,"tiered_pricing_roles_data":[],"tiered_pricing_percentage_rules":[],"_links":{"self":[{"href":"https:\/\/lt-laborhandel.de\/en\/wp-json\/wp\/v2\/product\/9507","targetHints":{"allow":["GET"]}}],"collection":[{"href":"https:\/\/lt-laborhandel.de\/en\/wp-json\/wp\/v2\/product"}],"about":[{"href":"https:\/\/lt-laborhandel.de\/en\/wp-json\/wp\/v2\/types\/product"}],"wp:featuredmedia":[{"embeddable":true,"href":"https:\/\/lt-laborhandel.de\/en\/wp-json\/wp\/v2\/media\/9334"}],"wp:attachment":[{"href":"https:\/\/lt-laborhandel.de\/en\/wp-json\/wp\/v2\/media?parent=9507"}],"wp:term":[{"taxonomy":"product_brand","embeddable":true,"href":"https:\/\/lt-laborhandel.de\/en\/wp-json\/wp\/v2\/product_brand?post=9507"},{"taxonomy":"product_cat","embeddable":true,"href":"https:\/\/lt-laborhandel.de\/en\/wp-json\/wp\/v2\/product_cat?post=9507"},{"taxonomy":"product_tag","embeddable":true,"href":"https:\/\/lt-laborhandel.de\/en\/wp-json\/wp\/v2\/product_tag?post=9507"}],"curies":[{"name":"wp","href":"https:\/\/api.w.org\/{rel}","templated":true}]}}