{"id":9506,"date":"2022-04-05T15:52:04","date_gmt":"2022-04-05T13:52:04","guid":{"rendered":"https:\/\/lt-laborhandel.de\/produkt\/ika-heizplatte-keramik-250-w-c-mag-hp-4-0003581600\/"},"modified":"2026-01-14T07:51:56","modified_gmt":"2026-01-14T06:51:56","slug":"ika-heizplatte-keramik-250-w-c-mag-hp-4-0003581600","status":"publish","type":"product","link":"https:\/\/lt-laborhandel.de\/en\/produkt\/ika-heizplatte-keramik-250-w-c-mag-hp-4-0003581600\/","title":{"rendered":"IKA Heizplatte, Keramik, 250 W, C-MAG HP 4, 0003581600"},"content":{"rendered":"<p>C-MAG HP 4<\/p>\n<p>Heizplatte aus Glaskeramik, diese zeichnet sich durch eine sehr gute chemische Best\u00e4ndigkeit aus.<\/p>\n<p>Fester Sicherheitskreis von 550 \u00b0C<\/p>\n<p>Hot Top indicator >> Warnung bei hei\u00dfer Oberfl\u00e4che zum Schutz vor Verbrennungen!<\/p>\n<p>Exakte Temperatureinstellung \u00fcber Digitalanzeige (LED)<\/p>\n<p>Fehlercodeanzeige bei St\u00f6rung<\/p>\n<p>Abgesetzte Bedienfl\u00e4che zum Schutz vor auslaufenden Fl\u00fcssigkeiten<\/p>\n<p>Technische Daten<\/p>\n<p>Anzahl Heizstellen\t1<\/p>\n<p>Heizleistung\t250 W<\/p>\n<p>Heiztemperaturbereich\t50 &#8211; 500 \u00b0C<\/p>\n<p>Einstellm\u00f6glichkeit Heiztemperatur\tDrehknopf<\/p>\n<p>Einstellgenauigkeit Solltemperatur\t\u00b110 K<\/p>\n<p>Volumen max.\t5 l<\/p>\n<p>Aufheizgeschwindigkeit Heizplatte\t2.5 K\/min<\/p>\n<p>Aufstellfl\u00e4che Werkstoff\tKeramik<\/p>\n<p>Aufstellfl\u00e4che Abmessungen\t100 x 100 mm<\/p>\n<p>Abmessungen (B x H x T)\t150 x 105 x 260 mm<\/p>\n<p>Gewicht\t2.44 kg<\/p>\n<p>Zul\u00e4ssiger Umgebungstemperaturbereich\t5 &#8211; 40 \u00b0C<\/p>\n<p>Zul\u00e4ssige Relative Feuchte\t80 %<\/p>\n<p>Schutzart nach DIN EN 60529\tIP 21<\/p>\n<p>Spannung\t230 V<\/p>\n<p>Frequenz\t50\/60 Hz<\/p>\n<p>Ger\u00e4teaufnahmeleistung\t255 W<\/p>\n<p><b>Zubeh\u00f6r- und Ersatzteile auf Anfrage<\/b><\/p>\n","protected":false},"excerpt":{"rendered":"<p>C-MAG HP 4 Heizplatte aus Glaskeramik, diese zeichnet sich durch eine sehr gute chemische Best\u00e4ndigkeit aus. Fester Sicherheitskreis von 550 \u00b0C Hot Top indicator >> Warnung bei hei\u00dfer Oberfl\u00e4che zum Schutz vor Verbrennungen! Exakte Temperatureinstellung \u00fcber Digitalanzeige (LED) Fehlercodeanzeige bei St\u00f6rung Abgesetzte Bedienfl\u00e4che zum Schutz vor auslaufenden Fl\u00fcssigkeiten Technische Daten Anzahl Heizstellen 1 Heizleistung 250 [&hellip;]<\/p>\n","protected":false},"featured_media":9332,"template":"","meta":[],"product_brand":[],"product_cat":[194],"product_tag":[],"class_list":{"0":"post-9506","1":"product","2":"type-product","3":"status-publish","4":"has-post-thumbnail","6":"product_cat-heizplatten","7":"product_shipping_class-standard","9":"first","10":"instock","11":"taxable","12":"shipping-taxable","13":"purchasable","14":"product-type-simple"},"tiered_pricing_type":"fixed","tiered_pricing_fixed_rules":[],"tiered_pricing_product_settings":{"layout":"default","base_unit_name":{"singular":null,"plural":null},"default_variation":null},"tiered_pricing_minimum_quantity":null,"tiered_pricing_roles_data":[],"tiered_pricing_percentage_rules":[],"_links":{"self":[{"href":"https:\/\/lt-laborhandel.de\/en\/wp-json\/wp\/v2\/product\/9506","targetHints":{"allow":["GET"]}}],"collection":[{"href":"https:\/\/lt-laborhandel.de\/en\/wp-json\/wp\/v2\/product"}],"about":[{"href":"https:\/\/lt-laborhandel.de\/en\/wp-json\/wp\/v2\/types\/product"}],"wp:featuredmedia":[{"embeddable":true,"href":"https:\/\/lt-laborhandel.de\/en\/wp-json\/wp\/v2\/media\/9332"}],"wp:attachment":[{"href":"https:\/\/lt-laborhandel.de\/en\/wp-json\/wp\/v2\/media?parent=9506"}],"wp:term":[{"taxonomy":"product_brand","embeddable":true,"href":"https:\/\/lt-laborhandel.de\/en\/wp-json\/wp\/v2\/product_brand?post=9506"},{"taxonomy":"product_cat","embeddable":true,"href":"https:\/\/lt-laborhandel.de\/en\/wp-json\/wp\/v2\/product_cat?post=9506"},{"taxonomy":"product_tag","embeddable":true,"href":"https:\/\/lt-laborhandel.de\/en\/wp-json\/wp\/v2\/product_tag?post=9506"}],"curies":[{"name":"wp","href":"https:\/\/api.w.org\/{rel}","templated":true}]}}