{"id":9498,"date":"2022-04-05T15:51:50","date_gmt":"2022-04-05T13:51:50","guid":{"rendered":"https:\/\/lt-laborhandel.de\/produkt\/ka-dispergiergeraet-ultra-turrax-tube-drive-p-control-0025005981\/"},"modified":"2026-03-26T21:32:30","modified_gmt":"2026-03-26T20:32:30","slug":"ka-dispergiergeraet-ultra-turrax-tube-drive-p-control-0025005981","status":"publish","type":"product","link":"https:\/\/lt-laborhandel.de\/en\/produkt\/ka-dispergiergeraet-ultra-turrax-tube-drive-p-control-0025005981\/","title":{"rendered":"IKA Dispergierger\u00e4t, ULTRA-TURRAX\u00ae Tube Drive P control, 0025005981"},"content":{"rendered":"<p>ULTRA-TURRAX\u00ae Tube Drive P control<br \/>\nEin noch st\u00e4rkerer Motor gibt dem neuen Dispergierer IKA ULTRA-TURRAX\u00ae Tube Drive Power control seinen Namen. Er verspricht beste R\u00fchr-, Dispergier-, Mahl- und Homogenisierungsergebnisse und eignet sich besonders zur sicheren Bearbeitung von infekti\u00f6sen, toxischen oder geruchsintensiven Proben.<\/p>\n<p>Einweg-Probengef\u00e4\u00dfe<br \/>\nDie verschlie\u00dfbaren Einweg-Probengef\u00e4\u00dfe wurden f\u00fcr Ihre Anwendung optimiert. Sie reduzieren den Reinigungsaufwand und schlie\u00dfen Kreuzkontaminationen systematisch aus.<\/p>\n<p>Programmierbare Versuchsbedingungen<br \/>\nZeit, Energie, Volumen: Sie definieren und programmieren systematisch und einfach die Versuchsbedingungen und speichern h\u00e4ufig verwendete Parameter in Ihrer Bibliothek.<\/p>\n<p>Einstellbare Drehrichtungsumkehr<br \/>\nWann und wie oft die Drehrichtung gewechselt werden soll, k\u00f6nnen Sie im \u00fcbersichtlichen und mehrsprachigen Men\u00fc ganz einfach einstellen.<\/p>\n<p>Turbotaste<br \/>\nKurzzeitig noch intensiver mischen, dispergieren oder mahlen: Das geht mit der Turbotaste. Sie erm\u00f6glicht kurzzeitig Drehzahlen von bis zu 8.000 rpm.<\/p>\n<p>Technische Daten<br \/>\nMotorleistung Aufnahme 36 W<br \/>\nMotorleistung Abgabe 28 W<br \/>\nDrehzahlanzeige OLED<br \/>\nDrehzahlbereich 400 &#8211; 8000 rpm<br \/>\nViskosit\u00e4t max. 5000 mPas<br \/>\nZeitschaltuhr ja<br \/>\nAnzeige Zeitschaltuhr OLED<br \/>\nDrehzahlabweichung 3 %<br \/>\nEinstellm\u00f6glichkeit Drehzahl 10 RPM Schritte<br \/>\nLautst\u00e4rke ohne Werkzeug 50 dB(A)<br \/>\nProcesstyp batch<br \/>\nDrehrichtung umkehrbar ja<br \/>\nAbmessungen (B x H x T) 122 x 54 x 178 mm<br \/>\nGewicht 1.3 kg<br \/>\nZul\u00e4ssiger Umgebungstemperaturbereich 5 &#8211; 40 \u00b0C<br \/>\nZul\u00e4ssige Relative Feuchte 80 %<br \/>\nSchutzart nach DIN EN 60529 IP 20<br \/>\nUSB Schnittstelle ja<br \/>\nSpannung 100 &#8211; 240 V<br \/>\nFrequenz 50\/60 Hz<br \/>\nGer\u00e4teaufnahmeleistung 36 W<br \/>\nGleichspannung 24 V=<br \/>\nStromaufnahme 1500 mA<\/p>\n<p><b>Zubeh\u00f6r- und Ersatzteile auf Anfrage<\/b><\/p>\n","protected":false},"excerpt":{"rendered":"<p>ULTRA-TURRAX\u00ae Tube Drive P control Ein noch st\u00e4rkerer Motor gibt dem neuen Dispergierer IKA ULTRA-TURRAX\u00ae Tube Drive Power control seinen Namen. Er verspricht beste R\u00fchr-, Dispergier-, Mahl- und Homogenisierungsergebnisse und eignet sich besonders zur sicheren Bearbeitung von infekti\u00f6sen, toxischen oder geruchsintensiven Proben. Einweg-Probengef\u00e4\u00dfe Die verschlie\u00dfbaren Einweg-Probengef\u00e4\u00dfe wurden f\u00fcr Ihre Anwendung optimiert. Sie reduzieren den Reinigungsaufwand [&hellip;]<\/p>\n","protected":false},"featured_media":9390,"template":"","meta":[],"product_brand":[357],"product_cat":[166,324],"product_tag":[],"class_list":{"0":"post-9498","1":"product","2":"type-product","3":"status-publish","4":"has-post-thumbnail","6":"product_brand-ika","7":"product_cat-dispergieren","8":"product_cat-ika","9":"product_shipping_class-standard","11":"first","12":"instock","13":"taxable","14":"shipping-taxable","15":"purchasable","16":"product-type-simple"},"tiered_pricing_type":"fixed","tiered_pricing_fixed_rules":[],"tiered_pricing_product_settings":{"layout":"default","base_unit_name":{"singular":null,"plural":null},"default_variation":null},"tiered_pricing_minimum_quantity":null,"tiered_pricing_roles_data":[],"tiered_pricing_percentage_rules":[],"_links":{"self":[{"href":"https:\/\/lt-laborhandel.de\/en\/wp-json\/wp\/v2\/product\/9498","targetHints":{"allow":["GET"]}}],"collection":[{"href":"https:\/\/lt-laborhandel.de\/en\/wp-json\/wp\/v2\/product"}],"about":[{"href":"https:\/\/lt-laborhandel.de\/en\/wp-json\/wp\/v2\/types\/product"}],"wp:featuredmedia":[{"embeddable":true,"href":"https:\/\/lt-laborhandel.de\/en\/wp-json\/wp\/v2\/media\/9390"}],"wp:attachment":[{"href":"https:\/\/lt-laborhandel.de\/en\/wp-json\/wp\/v2\/media?parent=9498"}],"wp:term":[{"taxonomy":"product_brand","embeddable":true,"href":"https:\/\/lt-laborhandel.de\/en\/wp-json\/wp\/v2\/product_brand?post=9498"},{"taxonomy":"product_cat","embeddable":true,"href":"https:\/\/lt-laborhandel.de\/en\/wp-json\/wp\/v2\/product_cat?post=9498"},{"taxonomy":"product_tag","embeddable":true,"href":"https:\/\/lt-laborhandel.de\/en\/wp-json\/wp\/v2\/product_tag?post=9498"}],"curies":[{"name":"wp","href":"https:\/\/api.w.org\/{rel}","templated":true}]}}