{"id":9496,"date":"2022-04-05T15:51:49","date_gmt":"2022-04-05T13:51:49","guid":{"rendered":"https:\/\/lt-laborhandel.de\/produkt\/ika-dispergiergeraet-ultra-turrax-tube-drive-0003646000\/"},"modified":"2026-01-14T07:51:55","modified_gmt":"2026-01-14T06:51:55","slug":"ika-dispergiergeraet-ultra-turrax-tube-drive-0003646000","status":"publish","type":"product","link":"https:\/\/lt-laborhandel.de\/en\/produkt\/ika-dispergiergeraet-ultra-turrax-tube-drive-0003646000\/","title":{"rendered":"IKA Dispergierger\u00e4t, ULTRA-TURRAX\u00ae Tube Drive, 0003646000"},"content":{"rendered":"<p>ULTRA-TURRAX\u00ae Tube Drive<br \/>\nEinzigartiges und universelles Einweg-Homogenisiersystem mit verschlie\u00dfbaren Probengef\u00e4\u00dfen zum Dispergieren, Homogenisieren, R\u00fchren und Mahlen. Zur sicheren Bearbeitung von z. B. infekti\u00f6sem, toxischem oder geruchsintensivem Probenmaterial unter definierten Bedingungen (Zeit, Energie, Volumen).<\/p>\n<p>Nur f\u00fcr Forschungszwecke! Nicht f\u00fcr den Einsatz in der Diagnostik (gem. IVD-Richtlinien) geeignet<br \/>\nR\u00fchren, dispergieren, homogenisieren und mahlen mit einem System<br \/>\nKreuzkontamination ausgeschlossen<br \/>\nVerschlie\u00dfbare Einweg-Probengef\u00e4\u00dfe<br \/>\nKein Reinigungsaufwand<br \/>\nHohe Sicherheit f\u00fcr den Anwender<br \/>\nF\u00fcr Einzel- wie auch f\u00fcr Reihenanwendungen geeignet<br \/>\nSterilisierte Tubes<br \/>\nDurchstechbare Membran im Deckel<br \/>\nVolumen von 2 &#8211; 15 ml und 15 &#8211; 50 ml<br \/>\nReproduzierbare Ergebnisse<br \/>\nPatentiert<\/p>\n<p>Anwendungsfelder: Humanmedizin, Pathologie, Veterin\u00e4rmedizin, Tierhygienische Institute, Nahrungsmittel Untersuchungslabors, Toxikologie, Forschung Medizin, Pharmaforschung, Forschung Biologie, Tumorbiologie, Chemie, Kosmetik<\/p>\n<p>Technische Daten<br \/>\nMotorleistung Aufnahme 20 W<br \/>\nMotorleistung Abgabe 17 W<br \/>\nDrehzahlanzeige Skala<br \/>\nDrehzahlbereich 300 &#8211; 6000 rpm<br \/>\nViskosit\u00e4t max. 5000 mPas<br \/>\nDrehzahlabweichung 10 %<br \/>\nEinstellm\u00f6glichkeit Drehzahl Stufenlos<br \/>\nLautst\u00e4rke ohne Werkzeug 50 dB(A)<br \/>\nProcesstyp batch<br \/>\nAbmessungen (B x H x T) 100 x 40 x 160 mm<br \/>\nGewicht 0.75 kg<br \/>\nZul\u00e4ssiger Umgebungstemperaturbereich 5 &#8211; 40 \u00b0C<br \/>\nZul\u00e4ssige Relative Feuchte 80 %<br \/>\nSchutzart nach DIN EN 60529 IP 20<br \/>\nSpannung 100 &#8211; 240 V<br \/>\nFrequenz 50\/60 Hz<br \/>\nGer\u00e4teaufnahmeleistung 20 W<br \/>\nGleichspannung 24 V=<br \/>\nStromaufnahme 800 mA<\/p>\n<p><b>Zubeh\u00f6r- und Ersatzteile auf Anfrage<\/b><\/p>\n","protected":false},"excerpt":{"rendered":"<p>ULTRA-TURRAX\u00ae Tube Drive Einzigartiges und universelles Einweg-Homogenisiersystem mit verschlie\u00dfbaren Probengef\u00e4\u00dfen zum Dispergieren, Homogenisieren, R\u00fchren und Mahlen. Zur sicheren Bearbeitung von z. B. infekti\u00f6sem, toxischem oder geruchsintensivem Probenmaterial unter definierten Bedingungen (Zeit, Energie, Volumen). Nur f\u00fcr Forschungszwecke! Nicht f\u00fcr den Einsatz in der Diagnostik (gem. IVD-Richtlinien) geeignet R\u00fchren, dispergieren, homogenisieren und mahlen mit einem System Kreuzkontamination [&hellip;]<\/p>\n","protected":false},"featured_media":9386,"template":"","meta":[],"product_brand":[357],"product_cat":[166,324],"product_tag":[],"class_list":{"0":"post-9496","1":"product","2":"type-product","3":"status-publish","4":"has-post-thumbnail","6":"product_brand-ika","7":"product_cat-dispergieren","8":"product_cat-ika","9":"product_shipping_class-standard","11":"first","12":"instock","13":"taxable","14":"shipping-taxable","15":"purchasable","16":"product-type-simple"},"tiered_pricing_type":"fixed","tiered_pricing_fixed_rules":[],"tiered_pricing_product_settings":{"layout":"default","base_unit_name":{"singular":null,"plural":null},"default_variation":null},"tiered_pricing_minimum_quantity":null,"tiered_pricing_roles_data":[],"tiered_pricing_percentage_rules":[],"_links":{"self":[{"href":"https:\/\/lt-laborhandel.de\/en\/wp-json\/wp\/v2\/product\/9496","targetHints":{"allow":["GET"]}}],"collection":[{"href":"https:\/\/lt-laborhandel.de\/en\/wp-json\/wp\/v2\/product"}],"about":[{"href":"https:\/\/lt-laborhandel.de\/en\/wp-json\/wp\/v2\/types\/product"}],"wp:featuredmedia":[{"embeddable":true,"href":"https:\/\/lt-laborhandel.de\/en\/wp-json\/wp\/v2\/media\/9386"}],"wp:attachment":[{"href":"https:\/\/lt-laborhandel.de\/en\/wp-json\/wp\/v2\/media?parent=9496"}],"wp:term":[{"taxonomy":"product_brand","embeddable":true,"href":"https:\/\/lt-laborhandel.de\/en\/wp-json\/wp\/v2\/product_brand?post=9496"},{"taxonomy":"product_cat","embeddable":true,"href":"https:\/\/lt-laborhandel.de\/en\/wp-json\/wp\/v2\/product_cat?post=9496"},{"taxonomy":"product_tag","embeddable":true,"href":"https:\/\/lt-laborhandel.de\/en\/wp-json\/wp\/v2\/product_tag?post=9496"}],"curies":[{"name":"wp","href":"https:\/\/api.w.org\/{rel}","templated":true}]}}