{"id":9495,"date":"2022-04-05T15:51:49","date_gmt":"2022-04-05T13:51:49","guid":{"rendered":"https:\/\/lt-laborhandel.de\/produkt\/ika-kreisschuettler-ks-501-digital-0025002985\/"},"modified":"2026-01-14T07:51:55","modified_gmt":"2026-01-14T06:51:55","slug":"ika-kreisschuettler-ks-501-digital-0025002985","status":"publish","type":"product","link":"https:\/\/lt-laborhandel.de\/en\/produkt\/ika-kreisschuettler-ks-501-digital-0025002985\/","title":{"rendered":"IKA Kreissch\u00fcttler, KS 501 digital, 0025002985"},"content":{"rendered":"<p>KS 501 digital<br \/>\nFlacher Kreissch\u00fcttler mit gro\u00dfer Auflagefl\u00e4che und maximalem Sch\u00fcttelgewicht von 15 kg.<br \/>\nDrehzahl stufenlos regelbar von 0 bis 300 min-1<br \/>\nDigitale Drehzahlanzeige<br \/>\nSch\u00fcttelhub 30 mm<br \/>\nIdeal f\u00fcr Gef\u00e4\u00dfe \u00fcber 250 ml, z. B. Rundkolben, Erlenmeyerkolben, Kulturkolben, Kulturflaschen<br \/>\nF\u00fcr biologische und mikrobiologische Wachstumsversuche, zum Herstellen von Stamml\u00f6sungen<br \/>\nDauerbetrieb (unendlich) auch unter extremen Belastungen<br \/>\nZeitschaltuhr<br \/>\nAufs\u00e4tze nicht im Lieferumfang enthalten, bitte zus\u00e4tzlich mitbestellen<br \/>\nIntegrierte USB und RS 232-Schnittstelle<\/p>\n<p>Technische Daten<br \/>\nBewegungsart kreisend<br \/>\nSch\u00fcttelhub 30 mm<br \/>\nZul\u00e4ssiges Sch\u00fcttelgewicht (inkl. Aufsatz) 15 kg<br \/>\nMotorleistung Aufnahme 70 W<br \/>\nMotorleistung Abgabe 19 W<br \/>\nZul\u00e4ssige Einschaltdauer 100 %<br \/>\nDrehzahlbereich 0 &#8211; 300 rpm<br \/>\nDrehzahlanzeige 7 Segment LED<br \/>\nZeitschaltuhr ja<br \/>\nAnzeige Zeitschaltuhr Skala<br \/>\nZeiteinstellbereich 1 &#8211; 55 min<br \/>\nBetriebsart Timer- und Dauerbetrieb<br \/>\nAbmessungen (B x H x T) 505 x 120 x 585 mm<br \/>\nGewicht 26 kg<br \/>\nZul\u00e4ssiger Umgebungstemperaturbereich 5 &#8211; 50 \u00b0C<br \/>\nZul\u00e4ssige Relative Feuchte 80 %<br \/>\nSchutzart nach DIN EN 60529 IP 21<br \/>\nRS 232 Schnittstelle ja<br \/>\nUSB Schnittstelle ja<br \/>\nSpannung 230 V<br \/>\nFrequenz 50\/60 Hz<br \/>\nGer\u00e4teaufnahmeleistung 74 W<br \/>\nSicherung 2x T4A 250V<\/p>\n<p><b>Zubeh\u00f6r- und Ersatzteile auf Anfrage<\/b><\/p>\n","protected":false},"excerpt":{"rendered":"<p>KS 501 digital Flacher Kreissch\u00fcttler mit gro\u00dfer Auflagefl\u00e4che und maximalem Sch\u00fcttelgewicht von 15 kg. Drehzahl stufenlos regelbar von 0 bis 300 min-1 Digitale Drehzahlanzeige Sch\u00fcttelhub 30 mm Ideal f\u00fcr Gef\u00e4\u00dfe \u00fcber 250 ml, z. B. Rundkolben, Erlenmeyerkolben, Kulturkolben, Kulturflaschen F\u00fcr biologische und mikrobiologische Wachstumsversuche, zum Herstellen von Stamml\u00f6sungen Dauerbetrieb (unendlich) auch unter extremen Belastungen Zeitschaltuhr [&hellip;]<\/p>\n","protected":false},"featured_media":9428,"template":"","meta":[],"product_brand":[],"product_cat":[109],"product_tag":[],"class_list":{"0":"post-9495","1":"product","2":"type-product","3":"status-publish","4":"has-post-thumbnail","6":"product_cat-mischerruehrer-und-schuettler","7":"product_shipping_class-standard","9":"first","10":"instock","11":"taxable","12":"shipping-taxable","13":"purchasable","14":"product-type-simple"},"tiered_pricing_type":"fixed","tiered_pricing_fixed_rules":[],"tiered_pricing_product_settings":{"layout":"default","base_unit_name":{"singular":null,"plural":null},"default_variation":null},"tiered_pricing_minimum_quantity":null,"tiered_pricing_roles_data":[],"tiered_pricing_percentage_rules":[],"_links":{"self":[{"href":"https:\/\/lt-laborhandel.de\/en\/wp-json\/wp\/v2\/product\/9495","targetHints":{"allow":["GET"]}}],"collection":[{"href":"https:\/\/lt-laborhandel.de\/en\/wp-json\/wp\/v2\/product"}],"about":[{"href":"https:\/\/lt-laborhandel.de\/en\/wp-json\/wp\/v2\/types\/product"}],"wp:featuredmedia":[{"embeddable":true,"href":"https:\/\/lt-laborhandel.de\/en\/wp-json\/wp\/v2\/media\/9428"}],"wp:attachment":[{"href":"https:\/\/lt-laborhandel.de\/en\/wp-json\/wp\/v2\/media?parent=9495"}],"wp:term":[{"taxonomy":"product_brand","embeddable":true,"href":"https:\/\/lt-laborhandel.de\/en\/wp-json\/wp\/v2\/product_brand?post=9495"},{"taxonomy":"product_cat","embeddable":true,"href":"https:\/\/lt-laborhandel.de\/en\/wp-json\/wp\/v2\/product_cat?post=9495"},{"taxonomy":"product_tag","embeddable":true,"href":"https:\/\/lt-laborhandel.de\/en\/wp-json\/wp\/v2\/product_tag?post=9495"}],"curies":[{"name":"wp","href":"https:\/\/api.w.org\/{rel}","templated":true}]}}