{"id":9492,"date":"2022-04-05T15:51:48","date_gmt":"2022-04-05T13:51:48","guid":{"rendered":"https:\/\/lt-laborhandel.de\/produkt\/ika-horizontalschuettler-mit-endpunktpositionierung-hs-260-control-0003066700\/"},"modified":"2026-01-14T07:51:54","modified_gmt":"2026-01-14T06:51:54","slug":"ika-horizontalschuettler-mit-endpunktpositionierung-hs-260-control-0003066700","status":"publish","type":"product","link":"https:\/\/lt-laborhandel.de\/en\/produkt\/ika-horizontalschuettler-mit-endpunktpositionierung-hs-260-control-0003066700\/","title":{"rendered":"IKA Horizontalsch\u00fcttler mit Endpunktpositionierung, HS 260 control, 0003066700"},"content":{"rendered":"<p>HS 260 control<br \/>\nDer Horizontalsch\u00fcttler HS 260 control ist die ideale L\u00f6sung f\u00fcr Laboranwendungen, die ein schonendes Mischen von Proben erfordern. Dank seiner kompakten und flachen Bauweise l\u00e4sst er sich leicht auf jeder Laborbank unterbringen. Mit einem maximalen Sch\u00fcttelgewicht von 7,5 kg eignet er sich f\u00fcr eine Vielzahl von Probengef\u00e4\u00dfgr\u00f6\u00dfen und -formen. Die integrierte Endpunktpositionierung des Sch\u00fcttlers erm\u00f6glicht eine automatisierte, robotergesteuerte Probenahme.<br \/>\nDie digitale LED-Anzeige vereinfacht das Ablesen von Drehzahl und Timerfunktion<br \/>\nGeschwindigkeit und Timer k\u00f6nnen f\u00fcr eine pr\u00e4zise Steuerung elektronisch eingestellt werden<br \/>\nDer Sch\u00fcttelhub von 20 mm gew\u00e4hrleistet eine gleichm\u00e4\u00dfige Durchmischung<br \/>\nDank des variablen Drehzahlbereichs von 10-300 U\/min f\u00fcr eine Vielzahl von Anwendungen geeignet<br \/>\nTimerfunktion (von 1 min bis 99 h 59 min) und Dauerbetrieb m\u00f6glich<br \/>\nRS 232-Schnittstelle zur externen Steuerung und Dokumentation \u00fcber labworldsoft\u00ae<br \/>\nVielf\u00e4ltige Aufsatzkombinationen f\u00fcr nahezu alle Gef\u00e4\u00dfformen und -gr\u00f6\u00dfen verf\u00fcgbar, Zubeh\u00f6r ist nicht im Lieferumfang enthalten und muss separat bestellt werden<br \/>\nEine Sonderausf\u00fchrung mit Rechts- und Linkslauf ist auf Anfrage erh\u00e4ltlich<\/p>\n<p>Technische Daten<br \/>\nBewegungsart reziprok<br \/>\nSch\u00fcttelhub 20 mm<br \/>\nZul\u00e4ssiges Sch\u00fcttelgewicht (inkl. Aufsatz) 7.5 kg<br \/>\nMotorleistung Aufnahme 45 W<br \/>\nMotorleistung Abgabe 10 W<br \/>\nZul\u00e4ssige Einschaltdauer 100 %<br \/>\nDrehzahlbereich 10 &#8211; 300 rpm<br \/>\nDrehzahlanzeige LED<br \/>\nZeitschaltuhr ja<br \/>\nAnzeige Zeitschaltuhr LED<br \/>\nZeiteinstellbereich 1 &#8211; 5999 min<br \/>\nBetriebsart Timer- und Dauerbetrieb<br \/>\nSch\u00fctteltischarretierung ja<br \/>\nAbmessungen (B x H x T) 360 x 100 x 420 mm<br \/>\nGewicht 8.8 kg<br \/>\nZul\u00e4ssiger Umgebungstemperaturbereich 5 &#8211; 50 \u00b0C<br \/>\nZul\u00e4ssige Relative Feuchte 80 %<br \/>\nSchutzart nach DIN EN 60529 IP 21<br \/>\nRS 232 Schnittstelle ja<br \/>\nAnalogausgang ja<br \/>\nSpannung 220 &#8211; 240 V<br \/>\nFrequenz 50\/60 Hz<br \/>\nGer\u00e4teaufnahmeleistung 45 W<br \/>\nSicherung 2x T1A 250V\n<\/p>\n<p><b>Zubeh\u00f6r- und Ersatzteile auf Anfrage<\/b><\/p>\n","protected":false},"excerpt":{"rendered":"<p>HS 260 control Der Horizontalsch\u00fcttler HS 260 control ist die ideale L\u00f6sung f\u00fcr Laboranwendungen, die ein schonendes Mischen von Proben erfordern. Dank seiner kompakten und flachen Bauweise l\u00e4sst er sich leicht auf jeder Laborbank unterbringen. Mit einem maximalen Sch\u00fcttelgewicht von 7,5 kg eignet er sich f\u00fcr eine Vielzahl von Probengef\u00e4\u00dfgr\u00f6\u00dfen und -formen. Die integrierte Endpunktpositionierung [&hellip;]<\/p>\n","protected":false},"featured_media":9422,"template":"","meta":[],"product_brand":[],"product_cat":[109],"product_tag":[],"class_list":{"0":"post-9492","1":"product","2":"type-product","3":"status-publish","4":"has-post-thumbnail","6":"product_cat-mischerruehrer-und-schuettler","7":"product_shipping_class-standard","9":"first","10":"instock","11":"taxable","12":"shipping-taxable","13":"purchasable","14":"product-type-simple"},"tiered_pricing_type":"fixed","tiered_pricing_fixed_rules":[],"tiered_pricing_product_settings":{"layout":"default","base_unit_name":{"singular":null,"plural":null},"default_variation":null},"tiered_pricing_minimum_quantity":null,"tiered_pricing_roles_data":[],"tiered_pricing_percentage_rules":[],"_links":{"self":[{"href":"https:\/\/lt-laborhandel.de\/en\/wp-json\/wp\/v2\/product\/9492","targetHints":{"allow":["GET"]}}],"collection":[{"href":"https:\/\/lt-laborhandel.de\/en\/wp-json\/wp\/v2\/product"}],"about":[{"href":"https:\/\/lt-laborhandel.de\/en\/wp-json\/wp\/v2\/types\/product"}],"wp:featuredmedia":[{"embeddable":true,"href":"https:\/\/lt-laborhandel.de\/en\/wp-json\/wp\/v2\/media\/9422"}],"wp:attachment":[{"href":"https:\/\/lt-laborhandel.de\/en\/wp-json\/wp\/v2\/media?parent=9492"}],"wp:term":[{"taxonomy":"product_brand","embeddable":true,"href":"https:\/\/lt-laborhandel.de\/en\/wp-json\/wp\/v2\/product_brand?post=9492"},{"taxonomy":"product_cat","embeddable":true,"href":"https:\/\/lt-laborhandel.de\/en\/wp-json\/wp\/v2\/product_cat?post=9492"},{"taxonomy":"product_tag","embeddable":true,"href":"https:\/\/lt-laborhandel.de\/en\/wp-json\/wp\/v2\/product_tag?post=9492"}],"curies":[{"name":"wp","href":"https:\/\/api.w.org\/{rel}","templated":true}]}}