{"id":9488,"date":"2022-04-05T15:51:46","date_gmt":"2022-04-05T13:51:46","guid":{"rendered":"https:\/\/lt-laborhandel.de\/produkt\/ika-kreisschuettler-ks-260-basic-0002980200\/"},"modified":"2026-01-14T07:51:54","modified_gmt":"2026-01-14T06:51:54","slug":"ika-kreisschuettler-ks-260-basic-0002980200","status":"publish","type":"product","link":"https:\/\/lt-laborhandel.de\/en\/produkt\/ika-kreisschuettler-ks-260-basic-0002980200\/","title":{"rendered":"IKA Kreissch\u00fcttler, KS 260 basic, 0002980200"},"content":{"rendered":"<p>KS 260 basic<br \/>\nKompakter, flacher Kreissch\u00fcttler mit idealer Schwingtechnik, f\u00fcr ein maximales Sch\u00fcttelgewicht bis 7,5 kg.<br \/>\nElektronische Regelung der Drehzahl und der Zeitschaltuhr<br \/>\nLED-Anzeige f\u00fcr Drehzahl und Zeiteinstellung<br \/>\nGro\u00dfe Auswahl an Aufs\u00e4tzen f\u00fcr verschiedene Gef\u00e4\u00dfformen und -gr\u00f6\u00dfen<br \/>\nAufs\u00e4tze nicht im Lieferumfang enthalten, bitte entsprechenden Aufsatz mitbestellen<\/p>\n<p>Technische Daten<br \/>\nBewegungsart kreisend<br \/>\nSch\u00fcttelhub 10 mm<br \/>\nZul\u00e4ssiges Sch\u00fcttelgewicht (inkl. Aufsatz) 7.5 kg<br \/>\nMotorleistung Aufnahme 45 W<br \/>\nMotorleistung Abgabe 10 W<br \/>\nZul\u00e4ssige Einschaltdauer 100 %<br \/>\nDrehzahl min. (einstellbar) 50 rpm<br \/>\nDrehzahlbereich 0 &#8211; 500 rpm<br \/>\nDrehzahlanzeige LED &#8211; Zeile<br \/>\nZeitschaltuhr ja<br \/>\nAnzeige Zeitschaltuhr LED &#8211; Zeile<br \/>\nZeiteinstellbereich 5 &#8211; 50 min<br \/>\nBetriebsart Timer- und Dauerbetrieb<br \/>\nAbmessungen (B x H x T) 360 x 98 x 420 mm<br \/>\nGewicht 8.5 kg<br \/>\nZul\u00e4ssiger Umgebungstemperaturbereich 5 &#8211; 50 \u00b0C<br \/>\nZul\u00e4ssige Relative Feuchte 80 %<br \/>\nSchutzart nach DIN EN 60529 IP 21<br \/>\nAnalogausgang ja<br \/>\nSpannung 220 &#8211; 240 V<br \/>\nFrequenz 50\/60 Hz<br \/>\nGer\u00e4teaufnahmeleistung 45 W<\/p>\n<p><b>Zubeh\u00f6r- und Ersatzteile auf Anfrage<\/b><\/p>\n","protected":false},"excerpt":{"rendered":"<p>KS 260 basic Kompakter, flacher Kreissch\u00fcttler mit idealer Schwingtechnik, f\u00fcr ein maximales Sch\u00fcttelgewicht bis 7,5 kg. Elektronische Regelung der Drehzahl und der Zeitschaltuhr LED-Anzeige f\u00fcr Drehzahl und Zeiteinstellung Gro\u00dfe Auswahl an Aufs\u00e4tzen f\u00fcr verschiedene Gef\u00e4\u00dfformen und -gr\u00f6\u00dfen Aufs\u00e4tze nicht im Lieferumfang enthalten, bitte entsprechenden Aufsatz mitbestellen Technische Daten Bewegungsart kreisend Sch\u00fcttelhub 10 mm Zul\u00e4ssiges Sch\u00fcttelgewicht [&hellip;]<\/p>\n","protected":false},"featured_media":9436,"template":"","meta":[],"product_brand":[],"product_cat":[109],"product_tag":[],"class_list":{"0":"post-9488","1":"product","2":"type-product","3":"status-publish","4":"has-post-thumbnail","6":"product_cat-mischerruehrer-und-schuettler","7":"product_shipping_class-standard","9":"first","10":"instock","11":"taxable","12":"shipping-taxable","13":"purchasable","14":"product-type-simple"},"tiered_pricing_type":"fixed","tiered_pricing_fixed_rules":[],"tiered_pricing_product_settings":{"layout":"default","base_unit_name":{"singular":null,"plural":null},"default_variation":null},"tiered_pricing_minimum_quantity":null,"tiered_pricing_roles_data":[],"tiered_pricing_percentage_rules":[],"_links":{"self":[{"href":"https:\/\/lt-laborhandel.de\/en\/wp-json\/wp\/v2\/product\/9488","targetHints":{"allow":["GET"]}}],"collection":[{"href":"https:\/\/lt-laborhandel.de\/en\/wp-json\/wp\/v2\/product"}],"about":[{"href":"https:\/\/lt-laborhandel.de\/en\/wp-json\/wp\/v2\/types\/product"}],"wp:featuredmedia":[{"embeddable":true,"href":"https:\/\/lt-laborhandel.de\/en\/wp-json\/wp\/v2\/media\/9436"}],"wp:attachment":[{"href":"https:\/\/lt-laborhandel.de\/en\/wp-json\/wp\/v2\/media?parent=9488"}],"wp:term":[{"taxonomy":"product_brand","embeddable":true,"href":"https:\/\/lt-laborhandel.de\/en\/wp-json\/wp\/v2\/product_brand?post=9488"},{"taxonomy":"product_cat","embeddable":true,"href":"https:\/\/lt-laborhandel.de\/en\/wp-json\/wp\/v2\/product_cat?post=9488"},{"taxonomy":"product_tag","embeddable":true,"href":"https:\/\/lt-laborhandel.de\/en\/wp-json\/wp\/v2\/product_tag?post=9488"}],"curies":[{"name":"wp","href":"https:\/\/api.w.org\/{rel}","templated":true}]}}