{"id":9487,"date":"2022-04-05T15:51:46","date_gmt":"2022-04-05T13:51:46","guid":{"rendered":"https:\/\/lt-laborhandel.de\/produkt\/ika-inkubationsschuettler-ks-4000-i-control-0003510000-2\/"},"modified":"2026-01-14T07:51:53","modified_gmt":"2026-01-14T06:51:53","slug":"ika-inkubationsschuettler-ks-4000-i-control-0003510000-2","status":"publish","type":"product","link":"https:\/\/lt-laborhandel.de\/en\/produkt\/ika-inkubationsschuettler-ks-4000-i-control-0003510000-2\/","title":{"rendered":"IKA Inkubationssch\u00fcttler, KS 4000 i control, 0003510000"},"content":{"rendered":"<p>KS 4000 i control<br \/>\nInkubationssch\u00fcttler im innovativen Design f\u00fcr den un\u00fcberwachten Betrieb, in einer temperaturkontrollierten Umgebung<br \/>\nGro\u00dfe LED Anzeige f\u00fcr Drehzahl- und Zeiteinstellung<br \/>\nBedienelemente mit antimikrobieller Beschichtung zur Keimreduzierung<br \/>\nIntegrierte PID Temperaturregelung (Einsatz von zwei PT 1000 Temperaturmessf\u00fchlern)<br \/>\nInnerhalb des Arbeitsraums liegende Anschlussdose f\u00fcr den Einsatz eines zus\u00e4tzlichen Temperaturmessf\u00fchlers z.B. PT 1000.60 (im Lieferumfang enthalten)<br \/>\nElektronische Regelung von Temperatur und Drehzahl<br \/>\nElektronische Zeitschaltuhr: 0 \u2013 999 h (Minuten- und Stundeneinstellung m\u00f6glich)<br \/>\nGer\u00e4t schaltet bei St\u00f6rungen automatisch ab<br \/>\nGer\u00e4t stoppt automatisch bei ge\u00f6ffneter Haube<br \/>\nAuffangwanne mit Ablaufschlauch an der Ger\u00e4ter\u00fcckseite<br \/>\nEinfache Bedienung<br \/>\nMit der Software labworldsoft\u00ae k\u00f6nnen s\u00e4mtliche Funktionen gesteuert und dokumentiert werden<br \/>\nAufs\u00e4tze nicht im Lieferumfang enthalten, bitte entsprechende Aufs\u00e4tze mitbestellen<\/p>\n<p>Technische Daten<br \/>\nBewegungsart kreisend<br \/>\nSch\u00fcttelhub 20 mm<br \/>\nZul\u00e4ssiges Sch\u00fcttelgewicht (inkl. Aufsatz) 20 kg<br \/>\nMotorleistung Aufnahme 82 W<br \/>\nMotorleistung Abgabe 24 W<br \/>\nZul\u00e4ssige Einschaltdauer 100 %<br \/>\nDrehzahl min. (einstellbar) 10 rpm<br \/>\nDrehzahlbereich 10 &#8211; 500 rpm<br \/>\nDrehzahlanzeige LED<br \/>\nDrehzahlabweichung \u00b15 rpm<br \/>\nEinstellm\u00f6glichkeit Drehzahl 1 RPM Schritte<br \/>\nZeitschaltuhr ja<br \/>\nAnzeige Zeitschaltuhr 7 Segment LED<br \/>\nZeiteinstellbereich 1 &#8211; 59940 min<br \/>\nBetriebsart Timer- und Dauerbetrieb<br \/>\nHeiztemperaturbereich Raumtemp. +5\u00b0 &#8211; 80 \u00b0C<br \/>\nHeizleistung 1000 W<br \/>\nEinstellgenauigkeit Solltemperatur \u00b10.1 K<br \/>\nRegelgenauigkeit mit Messf\u00fchler (1 Gef\u00e4\u00df 0.5 L H2O, RT 22\u00b0C, T=37\u00b0C) \u00b10.5 K<br \/>\nTemperaturanzeige ja<br \/>\nTemp. Konstanz (0,2l H2O; RT 25\u00b0C, T=37\u00b0C) \u00b10.1 K<br \/>\nArbeitsbereich Innenkammer (BxHxT) 440 x 440 x 352 mm<br \/>\nGesamt Volumen der Innenkammer 90 l<br \/>\nMaterial Geh\u00e4use Stahlblech bepulvert<br \/>\nMaterial Frontfolie Polyesterfolie<br \/>\nTemperaturkonstanz (1 Gef\u00e4\u00df 0.5 L, RT 25\u00b0C, T=37\u00b0C) \u00b10.05 K<br \/>\nTemperatur Homogenit\u00e4t (5 Gef\u00e4\u00dfe 0.5 L; RT 25\u00b0C, T=37\u00b0C) \u00b10.5 K<br \/>\nH\u00f6he bei ge\u00f6ffneter Haube 875 mm<br \/>\nAbmessungen (B x H x T) 580 x 520 x 750 mm<br \/>\nGewicht 50 kg<br \/>\nZul\u00e4ssiger Umgebungstemperaturbereich 15 &#8211; 32 \u00b0C<br \/>\nZul\u00e4ssige Relative Feuchte 80 %<br \/>\nSchutzart nach DIN EN 60529 IP 30<br \/>\nRS 232 Schnittstelle ja<br \/>\nSpannung 230 V<br \/>\nFrequenz 50\/60 Hz<br \/>\nGer\u00e4teaufnahmeleistung 1120 W<br \/>\nSicherung 2x T10A 250V<\/p>\n<p><b>Zubeh\u00f6r- und Ersatzteile auf Anfrage<\/b><\/p>\n","protected":false},"excerpt":{"rendered":"<p>KS 4000 i control Inkubationssch\u00fcttler im innovativen Design f\u00fcr den un\u00fcberwachten Betrieb, in einer temperaturkontrollierten Umgebung Gro\u00dfe LED Anzeige f\u00fcr Drehzahl- und Zeiteinstellung Bedienelemente mit antimikrobieller Beschichtung zur Keimreduzierung Integrierte PID Temperaturregelung (Einsatz von zwei PT 1000 Temperaturmessf\u00fchlern) Innerhalb des Arbeitsraums liegende Anschlussdose f\u00fcr den Einsatz eines zus\u00e4tzlichen Temperaturmessf\u00fchlers z.B. PT 1000.60 (im Lieferumfang enthalten) [&hellip;]<\/p>\n","protected":false},"featured_media":9432,"template":"","meta":[],"product_brand":[],"product_cat":[109],"product_tag":[],"class_list":{"0":"post-9487","1":"product","2":"type-product","3":"status-publish","4":"has-post-thumbnail","6":"product_cat-mischerruehrer-und-schuettler","7":"product_shipping_class-standard","9":"first","10":"instock","11":"taxable","12":"shipping-taxable","13":"purchasable","14":"product-type-simple"},"tiered_pricing_type":"fixed","tiered_pricing_fixed_rules":[],"tiered_pricing_product_settings":{"layout":"default","base_unit_name":{"singular":null,"plural":null},"default_variation":null},"tiered_pricing_minimum_quantity":null,"tiered_pricing_roles_data":[],"tiered_pricing_percentage_rules":[],"_links":{"self":[{"href":"https:\/\/lt-laborhandel.de\/en\/wp-json\/wp\/v2\/product\/9487","targetHints":{"allow":["GET"]}}],"collection":[{"href":"https:\/\/lt-laborhandel.de\/en\/wp-json\/wp\/v2\/product"}],"about":[{"href":"https:\/\/lt-laborhandel.de\/en\/wp-json\/wp\/v2\/types\/product"}],"wp:featuredmedia":[{"embeddable":true,"href":"https:\/\/lt-laborhandel.de\/en\/wp-json\/wp\/v2\/media\/9432"}],"wp:attachment":[{"href":"https:\/\/lt-laborhandel.de\/en\/wp-json\/wp\/v2\/media?parent=9487"}],"wp:term":[{"taxonomy":"product_brand","embeddable":true,"href":"https:\/\/lt-laborhandel.de\/en\/wp-json\/wp\/v2\/product_brand?post=9487"},{"taxonomy":"product_cat","embeddable":true,"href":"https:\/\/lt-laborhandel.de\/en\/wp-json\/wp\/v2\/product_cat?post=9487"},{"taxonomy":"product_tag","embeddable":true,"href":"https:\/\/lt-laborhandel.de\/en\/wp-json\/wp\/v2\/product_tag?post=9487"}],"curies":[{"name":"wp","href":"https:\/\/api.w.org\/{rel}","templated":true}]}}