{"id":9486,"date":"2022-04-05T15:51:45","date_gmt":"2022-04-05T13:51:45","guid":{"rendered":"https:\/\/lt-laborhandel.de\/produkt\/ika-inkubationsschuettler-eingebauter-kuehler-ks-3000-ic-control-0003940100-2\/"},"modified":"2026-01-14T07:51:53","modified_gmt":"2026-01-14T06:51:53","slug":"ika-inkubationsschuettler-eingebauter-kuehler-ks-3000-ic-control-0003940100-2","status":"publish","type":"product","link":"https:\/\/lt-laborhandel.de\/en\/produkt\/ika-inkubationsschuettler-eingebauter-kuehler-ks-3000-ic-control-0003940100-2\/","title":{"rendered":"IKA Inkubationssch\u00fcttler, eingebauter K\u00fchler, KS 3000 ic control, 0003940100"},"content":{"rendered":"<p>KS 3000 ic control<br \/>\nInkubationssch\u00fcttler im innovativen Design f\u00fcr den un\u00fcberwachten Betrieb, in einer temperaturkontrollierten Umgebung. Mit eingebauter K\u00fchlschlange zum Anschluss an ein externes K\u00fchlger\u00e4t, z.B. RC 2 basic \/ control.<br \/>\nGro\u00dfe LED Anzeige f\u00fcr Drehzahl- und Zeiteinstellung<br \/>\nBedienelemente mit antimikrobieller Beschichtung zur Keimreduzierung<br \/>\nIntegrierte PID Temperaturregelung (Einsatz von zwei PT 1000 Temperaturmessf\u00fchlern)<br \/>\nInnerhalb des Arbeitsraums liegende Anschlussdose f\u00fcr den Einsatz eines zus\u00e4tzlichen Temperaturmessf\u00fchlers z.B. PT 1000.60 (im Lieferumfang enthalten)<br \/>\nElektronische Regelung von Temperatur und Drehzahl<br \/>\nElektronische Zeitschaltuhr: 0 \u2013 999 h (Minuten- und Stundeneinstellung m\u00f6glich)<br \/>\nEingebauter K\u00fchler zum Anschluss an ein externes K\u00fchlger\u00e4t z.B. RC 2 basic \/ control<br \/>\nGer\u00e4t schaltet bei St\u00f6rungen automatisch ab<br \/>\nGer\u00e4t stoppt automatisch bei ge\u00f6ffneter Haube<br \/>\nAuffangwanne mit Ablaufschlauch an der Ger\u00e4ter\u00fcckseite<br \/>\nEinfache Bedienung<br \/>\nMit der Software labworldsoft\u00ae k\u00f6nnen s\u00e4mtliche Funktionen gesteuert und dokumentiert werden<br \/>\nAufs\u00e4tze nicht im Lieferumfang enthalten, bitte entsprechende Aufs\u00e4tze mitbestellen<\/p>\n<p>Technische Daten<br \/>\nBewegungsart kreisend<br \/>\nSch\u00fcttelhub 20 mm<br \/>\nZul\u00e4ssiges Sch\u00fcttelgewicht (inkl. Aufsatz) 7.5 kg<br \/>\nMotorleistung Aufnahme 45 W<br \/>\nMotorleistung Abgabe 10 W<br \/>\nZul\u00e4ssige Einschaltdauer 100 %<br \/>\nDrehzahl min. (einstellbar) 10 rpm<br \/>\nDrehzahlbereich 10 &#8211; 500 rpm<br \/>\nDrehzahlanzeige LED<br \/>\nDrehzahlabweichung 1 %<br \/>\nEinstellm\u00f6glichkeit Drehzahl 1 RPM Schritte<br \/>\nZeitschaltuhr ja<br \/>\nAnzeige Zeitschaltuhr 7 Segment LED<br \/>\nZeiteinstellung min. 1 s<br \/>\nZeiteinstellbereich 1 &#8211; 59940 min<br \/>\nBetriebsart Timer- und Dauerbetrieb<br \/>\nHeizleistung 1000 W<br \/>\nEinstellgenauigkeit Solltemperatur \u00b10.1 K<br \/>\nRegelgenauigkeit mit Messf\u00fchler (1 Gef\u00e4\u00df 0.5 L H2O, RT 22\u00b0C, T=37\u00b0C) \u00b10.5 K<br \/>\nTemperaturanzeige ja<br \/>\nTemp. Konstanz (0,2l H2O; RT 25\u00b0C, T=37\u00b0C) \u00b10.1 K<br \/>\nTemperaturbereich (Vorlauf T>3\u00b0C) Raumtemp. &#8211; 10\u00b0 &#8211; 80\u00b0 \u00b0C<br \/>\nAnschl\u00fcsse f\u00fcr externe K\u00fchlung ja<br \/>\nEingebaute K\u00fchlschlange ja<br \/>\nArbeitsbereich Innenkammer (BxHxT) 330 x 330 x 258 mm<br \/>\nGesamt Volumen der Innenkammer 50 l<br \/>\nMaterial Geh\u00e4use Stahlblech bepulvert<br \/>\nMaterial Haube PMMA<br \/>\nMaterial Frontfolie Polyesterfolie<br \/>\nMaterial Frontteil ABS lackiert<br \/>\nTemperaturkonstanz (1 Gef\u00e4\u00df 0.5 L, RT 25\u00b0C, T=37\u00b0C) \u00b10.05 K<br \/>\nTemperatur Homogenit\u00e4t (5 Gef\u00e4\u00dfe 0.5 L; RT 25\u00b0C, T=37\u00b0C) \u00b10.5 K<br \/>\nH\u00f6he bei ge\u00f6ffneter Haube 875 mm<br \/>\nAbmessungen (B x H x T) 465 x 430 x 695 mm<br \/>\nGewicht 37 kg<br \/>\nZul\u00e4ssiger Umgebungstemperaturbereich 15 &#8211; 32 \u00b0C<br \/>\nZul\u00e4ssige Relative Feuchte 80 %<br \/>\nSchutzart nach DIN EN 60529 IP 30<br \/>\nRS 232 Schnittstelle ja<br \/>\nUSB Schnittstelle ja<br \/>\nSpannung 230 V<br \/>\nFrequenz 50\/60 Hz<br \/>\nGer\u00e4teaufnahmeleistung 1120 W<\/p>\n<p><b>Zubeh\u00f6r- und Ersatzteile auf Anfrage<\/b><\/p>\n","protected":false},"excerpt":{"rendered":"<p>KS 3000 ic control Inkubationssch\u00fcttler im innovativen Design f\u00fcr den un\u00fcberwachten Betrieb, in einer temperaturkontrollierten Umgebung. Mit eingebauter K\u00fchlschlange zum Anschluss an ein externes K\u00fchlger\u00e4t, z.B. RC 2 basic \/ control. Gro\u00dfe LED Anzeige f\u00fcr Drehzahl- und Zeiteinstellung Bedienelemente mit antimikrobieller Beschichtung zur Keimreduzierung Integrierte PID Temperaturregelung (Einsatz von zwei PT 1000 Temperaturmessf\u00fchlern) Innerhalb des [&hellip;]<\/p>\n","protected":false},"featured_media":3661,"template":"","meta":[],"product_brand":[],"product_cat":[109],"product_tag":[],"class_list":{"0":"post-9486","1":"product","2":"type-product","3":"status-publish","4":"has-post-thumbnail","6":"product_cat-mischerruehrer-und-schuettler","7":"product_shipping_class-standard","9":"first","10":"instock","11":"taxable","12":"shipping-taxable","13":"purchasable","14":"product-type-simple"},"tiered_pricing_type":"fixed","tiered_pricing_fixed_rules":[],"tiered_pricing_product_settings":{"layout":"default","base_unit_name":{"singular":null,"plural":null},"default_variation":null},"tiered_pricing_minimum_quantity":null,"tiered_pricing_roles_data":[],"tiered_pricing_percentage_rules":[],"_links":{"self":[{"href":"https:\/\/lt-laborhandel.de\/en\/wp-json\/wp\/v2\/product\/9486","targetHints":{"allow":["GET"]}}],"collection":[{"href":"https:\/\/lt-laborhandel.de\/en\/wp-json\/wp\/v2\/product"}],"about":[{"href":"https:\/\/lt-laborhandel.de\/en\/wp-json\/wp\/v2\/types\/product"}],"wp:featuredmedia":[{"embeddable":true,"href":"https:\/\/lt-laborhandel.de\/en\/wp-json\/wp\/v2\/media\/3661"}],"wp:attachment":[{"href":"https:\/\/lt-laborhandel.de\/en\/wp-json\/wp\/v2\/media?parent=9486"}],"wp:term":[{"taxonomy":"product_brand","embeddable":true,"href":"https:\/\/lt-laborhandel.de\/en\/wp-json\/wp\/v2\/product_brand?post=9486"},{"taxonomy":"product_cat","embeddable":true,"href":"https:\/\/lt-laborhandel.de\/en\/wp-json\/wp\/v2\/product_cat?post=9486"},{"taxonomy":"product_tag","embeddable":true,"href":"https:\/\/lt-laborhandel.de\/en\/wp-json\/wp\/v2\/product_tag?post=9486"}],"curies":[{"name":"wp","href":"https:\/\/api.w.org\/{rel}","templated":true}]}}