{"id":9483,"date":"2022-04-05T15:51:44","date_gmt":"2022-04-05T13:51:44","guid":{"rendered":"https:\/\/lt-laborhandel.de\/produkt\/ika-mikrotiterschuettler-mts-2-4-digital-mikrotiterschuettler-0003208000\/"},"modified":"2026-01-14T07:51:53","modified_gmt":"2026-01-14T06:51:53","slug":"ika-mikrotiterschuettler-mts-2-4-digital-mikrotiterschuettler-0003208000","status":"publish","type":"product","link":"https:\/\/lt-laborhandel.de\/en\/produkt\/ika-mikrotiterschuettler-mts-2-4-digital-mikrotiterschuettler-0003208000\/","title":{"rendered":"IKA Mikrotitersch\u00fcttler, MTS 2\/4 digital Mikrotitersch\u00fcttler, 0003208000"},"content":{"rendered":"<p>MTS 2\/4 digital Mikrotitersch\u00fcttler<br \/>\nSpezialsch\u00fcttler zum Sch\u00fctteln von zwei oder vier Mikrotiterplatten.<br \/>\nElektronische Drehzahlregelung<br \/>\nDigitale Zeitschaltuhr<br \/>\nAkustisches Signal nach Ablauf der eingestellten Zeit<br \/>\nAufsatz (ohne Mikrotiterplatten) im Lieferumfang enthalten<\/p>\n<p>Sch\u00fcttelbewegung: kreisend<br \/>\nSch\u00fcttelhub: 3 mm<br \/>\nZul\u00e4ssige Beladung: 2 oder 4 Mikrotiterplatten<\/p>\n<p>Technische Daten<br \/>\nBewegungsart kreisend<br \/>\nSch\u00fcttelhub 3 mm<br \/>\nZul\u00e4ssiges Sch\u00fcttelgewicht (inkl. Aufsatz) 1 kg<br \/>\nMotorleistung Aufnahme 35 W<br \/>\nMotorleistung Abgabe 13.2 W<br \/>\nZul\u00e4ssige Einschaltdauer 100 %<br \/>\nDrehzahl min. (einstellbar) 50 rpm<br \/>\nDrehzahlbereich 0 &#8211; 1100 rpm<br \/>\nDrehzahlanzeige Skala<br \/>\nZeitschaltuhr ja<br \/>\nAnzeige Zeitschaltuhr 7 Segment LED<br \/>\nZeiteinstellbereich 1 &#8211; 99 min<br \/>\nBetriebsart Timer- und Dauerbetrieb<br \/>\nArbeiten mit Mikrotiterplatten ja<br \/>\nAnzahl der Mikrotiterplatten 2 oder 4<br \/>\nAbmessungen (B x H x T) 185 x 105 x 320 mm<br \/>\nGewicht 3.216 kg<br \/>\nZul\u00e4ssiger Umgebungstemperaturbereich 5 &#8211; 40 \u00b0C<br \/>\nZul\u00e4ssige Relative Feuchte 80 %<br \/>\nSchutzart nach DIN EN 60529 IP 21<br \/>\nSpannung 220 &#8211; 240 V<br \/>\nFrequenz 50\/60 Hz<br \/>\nGer\u00e4teaufnahmeleistung 45 W<\/p>\n<p><b>Zubeh\u00f6r- und Ersatzteile auf Anfrage<\/b><\/p>\n","protected":false},"excerpt":{"rendered":"<p>MTS 2\/4 digital Mikrotitersch\u00fcttler Spezialsch\u00fcttler zum Sch\u00fctteln von zwei oder vier Mikrotiterplatten. Elektronische Drehzahlregelung Digitale Zeitschaltuhr Akustisches Signal nach Ablauf der eingestellten Zeit Aufsatz (ohne Mikrotiterplatten) im Lieferumfang enthalten Sch\u00fcttelbewegung: kreisend Sch\u00fcttelhub: 3 mm Zul\u00e4ssige Beladung: 2 oder 4 Mikrotiterplatten Technische Daten Bewegungsart kreisend Sch\u00fcttelhub 3 mm Zul\u00e4ssiges Sch\u00fcttelgewicht (inkl. Aufsatz) 1 kg Motorleistung Aufnahme [&hellip;]<\/p>\n","protected":false},"featured_media":9420,"template":"","meta":[],"product_brand":[],"product_cat":[109],"product_tag":[],"class_list":{"0":"post-9483","1":"product","2":"type-product","3":"status-publish","4":"has-post-thumbnail","6":"product_cat-mischerruehrer-und-schuettler","7":"product_shipping_class-standard","9":"first","10":"instock","11":"taxable","12":"shipping-taxable","13":"purchasable","14":"product-type-simple"},"tiered_pricing_type":"fixed","tiered_pricing_fixed_rules":[],"tiered_pricing_product_settings":{"layout":"default","base_unit_name":{"singular":null,"plural":null},"default_variation":null},"tiered_pricing_minimum_quantity":null,"tiered_pricing_roles_data":[],"tiered_pricing_percentage_rules":[],"_links":{"self":[{"href":"https:\/\/lt-laborhandel.de\/en\/wp-json\/wp\/v2\/product\/9483","targetHints":{"allow":["GET"]}}],"collection":[{"href":"https:\/\/lt-laborhandel.de\/en\/wp-json\/wp\/v2\/product"}],"about":[{"href":"https:\/\/lt-laborhandel.de\/en\/wp-json\/wp\/v2\/types\/product"}],"wp:featuredmedia":[{"embeddable":true,"href":"https:\/\/lt-laborhandel.de\/en\/wp-json\/wp\/v2\/media\/9420"}],"wp:attachment":[{"href":"https:\/\/lt-laborhandel.de\/en\/wp-json\/wp\/v2\/media?parent=9483"}],"wp:term":[{"taxonomy":"product_brand","embeddable":true,"href":"https:\/\/lt-laborhandel.de\/en\/wp-json\/wp\/v2\/product_brand?post=9483"},{"taxonomy":"product_cat","embeddable":true,"href":"https:\/\/lt-laborhandel.de\/en\/wp-json\/wp\/v2\/product_cat?post=9483"},{"taxonomy":"product_tag","embeddable":true,"href":"https:\/\/lt-laborhandel.de\/en\/wp-json\/wp\/v2\/product_tag?post=9483"}],"curies":[{"name":"wp","href":"https:\/\/api.w.org\/{rel}","templated":true}]}}