{"id":9482,"date":"2022-04-05T15:51:44","date_gmt":"2022-04-05T13:51:44","guid":{"rendered":"https:\/\/lt-laborhandel.de\/produkt\/ika-kreisschuettler-vxr-basic-vibrax-0002819000\/"},"modified":"2026-01-14T07:51:53","modified_gmt":"2026-01-14T06:51:53","slug":"ika-kreisschuettler-vxr-basic-vibrax-0002819000","status":"publish","type":"product","link":"https:\/\/lt-laborhandel.de\/en\/produkt\/ika-kreisschuettler-vxr-basic-vibrax-0002819000\/","title":{"rendered":"IKA Kreissch\u00fcttler, VXR basic Vibrax\u00ae, 0002819000"},"content":{"rendered":"<p>VXR basic Vibrax\u00ae<br \/>\nOptoelektronisch geregelter Kleinsch\u00fcttler mit sehr weitem Drehzahlbereich (0 &#8211; 2200 1\/min).<br \/>\nF\u00fcr den Dauerbetrieb geeignet<br \/>\nNeues Design sowie verbesserte Antriebstechnik<br \/>\nKreisf\u00f6rmige Sch\u00fcttelbewegung<br \/>\nNiedrige Drehzahlen werden sicher beherrscht<br \/>\nAufs\u00e4tze zum Grundger\u00e4t austauschbar.<\/p>\n<p>Technische Daten<br \/>\nBewegungsart kreisend<br \/>\nSch\u00fcttelhub 4 mm<br \/>\nZul\u00e4ssiges Sch\u00fcttelgewicht (inkl. Aufsatz) 2 kg<br \/>\nMotorleistung Aufnahme 35 W<br \/>\nMotorleistung Abgabe 13.2 W<br \/>\nZul\u00e4ssige Einschaltdauer 100 %<br \/>\nDrehzahl min. (einstellbar) 100 rpm<br \/>\nDrehzahlbereich 0 &#8211; 2200 rpm<br \/>\nDrehzahlanzeige Skala<br \/>\nBetriebsart Dauerbetrieb<br \/>\nAbmessungen (B x H x T) 157 x 130 x 247 mm<br \/>\nGewicht 6.1 kg<br \/>\nZul\u00e4ssiger Umgebungstemperaturbereich 5 &#8211; 40 \u00b0C<br \/>\nZul\u00e4ssige Relative Feuchte 80 %<br \/>\nSchutzart nach DIN EN 60529 IP 21<br \/>\nSpannung 220 &#8211; 240 V<br \/>\nFrequenz 50\/60 Hz<br \/>\nGer\u00e4teaufnahmeleistung 45 W<\/p>\n<p><b>Zubeh\u00f6r- und Ersatzteile auf Anfrage<\/b><\/p>\n","protected":false},"excerpt":{"rendered":"<p>VXR basic Vibrax\u00ae Optoelektronisch geregelter Kleinsch\u00fcttler mit sehr weitem Drehzahlbereich (0 &#8211; 2200 1\/min). F\u00fcr den Dauerbetrieb geeignet Neues Design sowie verbesserte Antriebstechnik Kreisf\u00f6rmige Sch\u00fcttelbewegung Niedrige Drehzahlen werden sicher beherrscht Aufs\u00e4tze zum Grundger\u00e4t austauschbar. Technische Daten Bewegungsart kreisend Sch\u00fcttelhub 4 mm Zul\u00e4ssiges Sch\u00fcttelgewicht (inkl. Aufsatz) 2 kg Motorleistung Aufnahme 35 W Motorleistung Abgabe 13.2 W [&hellip;]<\/p>\n","protected":false},"featured_media":9418,"template":"","meta":[],"product_brand":[],"product_cat":[109],"product_tag":[],"class_list":{"0":"post-9482","1":"product","2":"type-product","3":"status-publish","4":"has-post-thumbnail","6":"product_cat-mischerruehrer-und-schuettler","7":"product_shipping_class-standard","9":"first","10":"instock","11":"taxable","12":"shipping-taxable","13":"purchasable","14":"product-type-simple"},"tiered_pricing_type":"fixed","tiered_pricing_fixed_rules":[],"tiered_pricing_product_settings":{"layout":"default","base_unit_name":{"singular":null,"plural":null},"default_variation":null},"tiered_pricing_minimum_quantity":null,"tiered_pricing_roles_data":[],"tiered_pricing_percentage_rules":[],"_links":{"self":[{"href":"https:\/\/lt-laborhandel.de\/en\/wp-json\/wp\/v2\/product\/9482","targetHints":{"allow":["GET"]}}],"collection":[{"href":"https:\/\/lt-laborhandel.de\/en\/wp-json\/wp\/v2\/product"}],"about":[{"href":"https:\/\/lt-laborhandel.de\/en\/wp-json\/wp\/v2\/types\/product"}],"wp:featuredmedia":[{"embeddable":true,"href":"https:\/\/lt-laborhandel.de\/en\/wp-json\/wp\/v2\/media\/9418"}],"wp:attachment":[{"href":"https:\/\/lt-laborhandel.de\/en\/wp-json\/wp\/v2\/media?parent=9482"}],"wp:term":[{"taxonomy":"product_brand","embeddable":true,"href":"https:\/\/lt-laborhandel.de\/en\/wp-json\/wp\/v2\/product_brand?post=9482"},{"taxonomy":"product_cat","embeddable":true,"href":"https:\/\/lt-laborhandel.de\/en\/wp-json\/wp\/v2\/product_cat?post=9482"},{"taxonomy":"product_tag","embeddable":true,"href":"https:\/\/lt-laborhandel.de\/en\/wp-json\/wp\/v2\/product_tag?post=9482"}],"curies":[{"name":"wp","href":"https:\/\/api.w.org\/{rel}","templated":true}]}}