{"id":9480,"date":"2022-04-05T15:51:43","date_gmt":"2022-04-05T13:51:43","guid":{"rendered":"https:\/\/lt-laborhandel.de\/produkt\/ika-kreisschuettler-vortex-3-0003340000\/"},"modified":"2026-03-15T12:15:30","modified_gmt":"2026-03-15T11:15:30","slug":"ika-kreisschuettler-vortex-3-0003340000","status":"publish","type":"product","link":"https:\/\/lt-laborhandel.de\/en\/produkt\/ika-kreisschuettler-vortex-3-0003340000\/","title":{"rendered":"IKA Kreissch\u00fcttler, VORTEX 3, 0003340000"},"content":{"rendered":"<p>VORTEX 3<br \/>\nVortex Sch\u00fcttler geeignet f\u00fcr Kurzzeitbetrieb (Touchfunktion), ausgel\u00f6st durch Druck auf den Sch\u00fcttelaufsatz oder Dauerbetrieb.<br \/>\nGro\u00dfer stufenloser Drehzahlbereich<br \/>\nVariable Einsatzm\u00f6glichkeiten durch 3 Aufs\u00e4tze und 7 Eins\u00e4tze (z. B. Eppendorfr\u00f6hrchen, Mikrotiterplatten, Erlenmeyerkolben 250 ml usw.), bitte entsprechend mitbestellen<br \/>\n&#8220;Klick&#8221; Befestigung der Aufs\u00e4tze auf dem Ger\u00e4t in beliebiger Stellung<br \/>\nEinfache Handhabung von Rund- bzw. Erlenmeyerkolben durch speziellen &#8220;Spanngurt&#8221; (VG 3.36)<br \/>\nRobustes Geh\u00e4use aus Zinkdruckguss<br \/>\nKompaktes Design<br \/>\nKurzzeitbetrieb durch Druck auf den Aufsatz (Touchfunktion)<br \/>\nSicherer Stand bei hohen Drehzahlen durch spezielle F\u00fc\u00dfe auf Silikonbasis mit sehr hoher Vibrationsd\u00e4mpfung<br \/>\nKugelgelagerter Exzenter<br \/>\nDurch Eigenbel\u00fcftung des Motors f\u00fcr Dauerbetrieb bei geringer Eigenerw\u00e4rmung geeignet<\/p>\n<p>Bewegungsart: kreisend<br \/>\nSch\u00fcttelhub: 4mm<br \/>\nDrehzahlbereich: 0 &#8211; 2500 rpm<\/p>\n<p>Technische Daten<br \/>\nBewegungsart kreisend<br \/>\nSch\u00fcttelhub 4 mm<br \/>\nZul\u00e4ssiges Sch\u00fcttelgewicht (inkl. Aufsatz) 0.4 kg<br \/>\nMotorleistung Aufnahme 58 W<br \/>\nMotorleistung Abgabe 10 W<br \/>\nZul\u00e4ssige Einschaltdauer 100 %<br \/>\nDrehzahl min. (einstellbar) 500 rpm<br \/>\nDrehzahlbereich 0 &#8211; 2500 rpm<br \/>\nDrehzahlanzeige keine<br \/>\nBetriebsart Dauerbetrieb<br \/>\nTouchfunktion ja<br \/>\nArbeiten mit Mikrotiterplatten ja<br \/>\nAnzahl der Mikrotiterplatten 1<br \/>\nAbmessungen (B x H x T) 127 x 136 x 149 mm<br \/>\nGewicht 4.5 kg<br \/>\nZul\u00e4ssiger Umgebungstemperaturbereich 5 &#8211; 40 \u00b0C<br \/>\nZul\u00e4ssige Relative Feuchte 80 %<br \/>\nSchutzart nach DIN EN 60529 IP 21<br \/>\nSpannung 200 &#8211; 240 V<br \/>\nFrequenz 50\/60 Hz<br \/>\nGer\u00e4teaufnahmeleistung 60 W<\/p>\n<p><b>Zubeh\u00f6r- und Ersatzteile auf Anfrage<\/b><\/p>\n","protected":false},"excerpt":{"rendered":"<p>VORTEX 3 Vortex Sch\u00fcttler geeignet f\u00fcr Kurzzeitbetrieb (Touchfunktion), ausgel\u00f6st durch Druck auf den Sch\u00fcttelaufsatz oder Dauerbetrieb. Gro\u00dfer stufenloser Drehzahlbereich Variable Einsatzm\u00f6glichkeiten durch 3 Aufs\u00e4tze und 7 Eins\u00e4tze (z. B. Eppendorfr\u00f6hrchen, Mikrotiterplatten, Erlenmeyerkolben 250 ml usw.), bitte entsprechend mitbestellen &#8220;Klick&#8221; Befestigung der Aufs\u00e4tze auf dem Ger\u00e4t in beliebiger Stellung Einfache Handhabung von Rund- bzw. Erlenmeyerkolben durch [&hellip;]<\/p>\n","protected":false},"featured_media":9410,"template":"","meta":[],"product_brand":[],"product_cat":[109],"product_tag":[],"class_list":{"0":"post-9480","1":"product","2":"type-product","3":"status-publish","4":"has-post-thumbnail","6":"product_cat-mischerruehrer-und-schuettler","7":"product_shipping_class-standard","9":"first","10":"instock","11":"taxable","12":"shipping-taxable","13":"purchasable","14":"product-type-simple"},"tiered_pricing_type":"fixed","tiered_pricing_fixed_rules":[],"tiered_pricing_product_settings":{"layout":"default","base_unit_name":{"singular":null,"plural":null},"default_variation":null},"tiered_pricing_minimum_quantity":null,"tiered_pricing_roles_data":[],"tiered_pricing_percentage_rules":[],"_links":{"self":[{"href":"https:\/\/lt-laborhandel.de\/en\/wp-json\/wp\/v2\/product\/9480","targetHints":{"allow":["GET"]}}],"collection":[{"href":"https:\/\/lt-laborhandel.de\/en\/wp-json\/wp\/v2\/product"}],"about":[{"href":"https:\/\/lt-laborhandel.de\/en\/wp-json\/wp\/v2\/types\/product"}],"wp:featuredmedia":[{"embeddable":true,"href":"https:\/\/lt-laborhandel.de\/en\/wp-json\/wp\/v2\/media\/9410"}],"wp:attachment":[{"href":"https:\/\/lt-laborhandel.de\/en\/wp-json\/wp\/v2\/media?parent=9480"}],"wp:term":[{"taxonomy":"product_brand","embeddable":true,"href":"https:\/\/lt-laborhandel.de\/en\/wp-json\/wp\/v2\/product_brand?post=9480"},{"taxonomy":"product_cat","embeddable":true,"href":"https:\/\/lt-laborhandel.de\/en\/wp-json\/wp\/v2\/product_cat?post=9480"},{"taxonomy":"product_tag","embeddable":true,"href":"https:\/\/lt-laborhandel.de\/en\/wp-json\/wp\/v2\/product_tag?post=9480"}],"curies":[{"name":"wp","href":"https:\/\/api.w.org\/{rel}","templated":true}]}}