{"id":9477,"date":"2022-04-05T15:51:35","date_gmt":"2022-04-05T13:51:35","guid":{"rendered":"https:\/\/lt-laborhandel.de\/produkt\/ika-kreisschuettler-ms-3-digital-0003319000\/"},"modified":"2026-01-14T07:51:50","modified_gmt":"2026-01-14T06:51:50","slug":"ika-kreisschuettler-ms-3-digital-0003319000","status":"publish","type":"product","link":"https:\/\/lt-laborhandel.de\/en\/produkt\/ika-kreisschuettler-ms-3-digital-0003319000\/","title":{"rendered":"IKA Kreissch\u00fcttler, MS 3 digital, 0003319000"},"content":{"rendered":"<p>MS 3 digital<br \/>\nKompakter, universeller Kleinsch\u00fcttler geeignet f\u00fcr Sch\u00fcttelaufgaben<br \/>\nmit s\u00e4mtlichen kleinen Gef\u00e4\u00dfen und Mikrotiterplatten<br \/>\nGro\u00dfe Auswahl an Aufs\u00e4tzen<br \/>\nAufsatzerkennung<br \/>\nTimer mit Countdown-Funktion<br \/>\nDauerbetrieb oder Touchbetrieb (in Verbindung mit dem Standardaufsatz)<br \/>\nZwei Betriebsmodi:<br \/>\nModus A (abgesicherter Betrieb mit Aufsatzerkennung)<br \/>\nDie Maximaldrehzahl von 3.000 min-1 wird nur mit dem Standardaufsatz im Touchbetrieb erreicht.<br \/>\nBei Verwendung der anderen Aufs\u00e4tze ist die Drehzahl auf 1.300 min-1 begrenzt.<br \/>\nModus B (ohne Aufsatzerkennung)<br \/>\nMit allen Aufs\u00e4tzen kann, abh\u00e4ngig von der Anwendung, eine Drehzahl von 3.000 min-1 erreicht werden (siehe Zubeh\u00f6rliste in der Betriebsanleitung).<br \/>\nSicherer Stand in allen Drehzahlbereichen<br \/>\nRobustes Geh\u00e4use aus Zinkdruckguss<\/p>\n<p>Technische Daten<br \/>\nBewegungsart kreisend<br \/>\nSch\u00fcttelhub 4.5 mm<br \/>\nZul\u00e4ssiges Sch\u00fcttelgewicht (inkl. Aufsatz) 0.5 kg<br \/>\nMotorleistung Aufnahme 10 W<br \/>\nMotorleistung Abgabe 8 W<br \/>\nZul\u00e4ssige Einschaltdauer 100 %<br \/>\nDrehzahl min. (einstellbar) 200 rpm<br \/>\nDrehzahlbereich 0 &#8211; 3000 rpm<br \/>\nDrehzahlanzeige Skala<br \/>\nZeitschaltuhr ja<br \/>\nAnzeige Zeitschaltuhr 7 Segment LED<br \/>\nZeiteinstellung min. 1 s<br \/>\nZeiteinstellbereich 1 &#8211; 999 min<br \/>\nBetriebsart Timer- und Dauerbetrieb<br \/>\nTouchfunktion ja<br \/>\nArbeiten mit Mikrotiterplatten ja<br \/>\nAnzahl der Mikrotiterplatten 1<br \/>\nAbmessungen (B x H x T) 148 x 63 x 205 mm<br \/>\nGewicht 2.9 kg<br \/>\nZul\u00e4ssiger Umgebungstemperaturbereich 5 &#8211; 40 \u00b0C<br \/>\nZul\u00e4ssige Relative Feuchte 80 %<br \/>\nSchutzart nach DIN EN 60529 IP 21<br \/>\nSpannung 100 &#8211; 240 V<br \/>\nFrequenz 50\/60 Hz<br \/>\nGer\u00e4teaufnahmeleistung 20 W<br \/>\nGleichspannung 24 V=<br \/>\nStromaufnahme 800 mA<\/p>\n<p><b>Zubeh\u00f6r- und Ersatzteile auf Anfrage<\/b><\/p>\n","protected":false},"excerpt":{"rendered":"<p>MS 3 digital Kompakter, universeller Kleinsch\u00fcttler geeignet f\u00fcr Sch\u00fcttelaufgaben mit s\u00e4mtlichen kleinen Gef\u00e4\u00dfen und Mikrotiterplatten Gro\u00dfe Auswahl an Aufs\u00e4tzen Aufsatzerkennung Timer mit Countdown-Funktion Dauerbetrieb oder Touchbetrieb (in Verbindung mit dem Standardaufsatz) Zwei Betriebsmodi: Modus A (abgesicherter Betrieb mit Aufsatzerkennung) Die Maximaldrehzahl von 3.000 min-1 wird nur mit dem Standardaufsatz im Touchbetrieb erreicht. Bei Verwendung der [&hellip;]<\/p>\n","protected":false},"featured_media":9408,"template":"","meta":[],"product_brand":[],"product_cat":[109],"product_tag":[],"class_list":{"0":"post-9477","1":"product","2":"type-product","3":"status-publish","4":"has-post-thumbnail","6":"product_cat-mischerruehrer-und-schuettler","7":"product_shipping_class-standard","9":"first","10":"instock","11":"taxable","12":"shipping-taxable","13":"purchasable","14":"product-type-simple"},"tiered_pricing_type":"fixed","tiered_pricing_fixed_rules":[],"tiered_pricing_product_settings":{"layout":"default","base_unit_name":{"singular":null,"plural":null},"default_variation":null},"tiered_pricing_minimum_quantity":null,"tiered_pricing_roles_data":[],"tiered_pricing_percentage_rules":[],"_links":{"self":[{"href":"https:\/\/lt-laborhandel.de\/en\/wp-json\/wp\/v2\/product\/9477","targetHints":{"allow":["GET"]}}],"collection":[{"href":"https:\/\/lt-laborhandel.de\/en\/wp-json\/wp\/v2\/product"}],"about":[{"href":"https:\/\/lt-laborhandel.de\/en\/wp-json\/wp\/v2\/types\/product"}],"wp:featuredmedia":[{"embeddable":true,"href":"https:\/\/lt-laborhandel.de\/en\/wp-json\/wp\/v2\/media\/9408"}],"wp:attachment":[{"href":"https:\/\/lt-laborhandel.de\/en\/wp-json\/wp\/v2\/media?parent=9477"}],"wp:term":[{"taxonomy":"product_brand","embeddable":true,"href":"https:\/\/lt-laborhandel.de\/en\/wp-json\/wp\/v2\/product_brand?post=9477"},{"taxonomy":"product_cat","embeddable":true,"href":"https:\/\/lt-laborhandel.de\/en\/wp-json\/wp\/v2\/product_cat?post=9477"},{"taxonomy":"product_tag","embeddable":true,"href":"https:\/\/lt-laborhandel.de\/en\/wp-json\/wp\/v2\/product_tag?post=9477"}],"curies":[{"name":"wp","href":"https:\/\/api.w.org\/{rel}","templated":true}]}}