{"id":9475,"date":"2022-04-05T15:51:34","date_gmt":"2022-04-05T13:51:34","guid":{"rendered":"https:\/\/lt-laborhandel.de\/produkt\/ika-schuettler-trayster-digital-0004006000\/"},"modified":"2026-01-14T07:51:50","modified_gmt":"2026-01-14T06:51:50","slug":"ika-schuettler-trayster-digital-0004006000","status":"publish","type":"product","link":"https:\/\/lt-laborhandel.de\/en\/produkt\/ika-schuettler-trayster-digital-0004006000\/","title":{"rendered":"IKA Sch\u00fcttler, Trayster digital, 0004006000"},"content":{"rendered":"<p>Trayster digital<br \/>\nDigitaler \u00dcberkopfsch\u00fcttler mit vertikaler Drehbewegung f\u00fcr sanftes aber effektives Durchmischen mit stufenlos<br \/>\neinstellbarer Drehzahl. Ideal f\u00fcr biologische Proben, insbesondere Blutproben. Geeignet f\u00fcr Trenn- und Mischvorg\u00e4nge von pulverf\u00f6rmigen und fl\u00fcssigen Proben in Eppendorfr\u00f6hrchen und Greinertubes bis 50 ml. Die leicht abnehmbaren Aufs\u00e4tze erm\u00f6glichen eine einfache und schnelle Reinigung des Ger\u00e4tes von versch\u00fctteten Proben.<br \/>\nTimer: Countdown, einstellbar Dauer von 1 s bis 99h 59min<br \/>\nCounter: Anzeige der Sch\u00fctteldauer<br \/>\nVielseitig einsetzbar durch eine Vielzahl von Aufs\u00e4tzen<br \/>\nVerwendung bei 4 \u2013 50 \u00b0C in Inkubatoren<br \/>\nF\u00fcr Dauerbetrieb geeignet<br \/>\nFehlercodeanzeige<br \/>\nEinfache Bedienung durch Folientastatur<br \/>\nDrehzahlbereich: 5 &#8211; 80 1\/min<\/p>\n<p>Technische Daten<br \/>\nBewegungsart \u00fcberkopf<br \/>\nZul\u00e4ssiges Sch\u00fcttelgewicht (inkl. Aufsatz) 2 kg<br \/>\nZul\u00e4ssige Einschaltdauer 100 %<br \/>\nDrehzahl min. (einstellbar) 5 rpm<br \/>\nDrehzahlbereich 0 &#8211; 80 rpm<br \/>\nDrehzahlanzeige 7 Segment LED<br \/>\nEinstellm\u00f6glichkeit Drehzahl 1 RPM Schritte<br \/>\nZeitschaltuhr ja<br \/>\nAnzeige Zeitschaltuhr 7 Segment LED<br \/>\nZeiteinstellung min. 1 s<br \/>\nZeiteinstellung max. 5999 min<br \/>\nBetriebsart Timer- und Dauerbetrieb<br \/>\nAbmessungen (B x H x T) 460 x 180 x 140 mm<br \/>\nGewicht 3.282 kg<br \/>\nZul\u00e4ssiger Umgebungstemperaturbereich 4 &#8211; 50 \u00b0C<br \/>\nZul\u00e4ssige Relative Feuchte 80 %<br \/>\nSchutzart nach DIN EN 60529 IP 21<br \/>\nSpannung 100 &#8211; 240 V<br \/>\nFrequenz 50\/60 Hz<br \/>\nGleichspannung 24 V=<br \/>\nStromaufnahme 1000 mA<\/p>\n<p><b>Zubeh\u00f6r- und Ersatzteile auf Anfrage<\/b><\/p>\n","protected":false},"excerpt":{"rendered":"<p>Trayster digital Digitaler \u00dcberkopfsch\u00fcttler mit vertikaler Drehbewegung f\u00fcr sanftes aber effektives Durchmischen mit stufenlos einstellbarer Drehzahl. Ideal f\u00fcr biologische Proben, insbesondere Blutproben. Geeignet f\u00fcr Trenn- und Mischvorg\u00e4nge von pulverf\u00f6rmigen und fl\u00fcssigen Proben in Eppendorfr\u00f6hrchen und Greinertubes bis 50 ml. Die leicht abnehmbaren Aufs\u00e4tze erm\u00f6glichen eine einfache und schnelle Reinigung des Ger\u00e4tes von versch\u00fctteten Proben. Timer: [&hellip;]<\/p>\n","protected":false},"featured_media":9338,"template":"","meta":[],"product_brand":[],"product_cat":[109],"product_tag":[],"class_list":{"0":"post-9475","1":"product","2":"type-product","3":"status-publish","4":"has-post-thumbnail","6":"product_cat-mischerruehrer-und-schuettler","7":"product_shipping_class-standard","9":"first","10":"instock","11":"taxable","12":"shipping-taxable","13":"purchasable","14":"product-type-simple"},"tiered_pricing_type":"fixed","tiered_pricing_fixed_rules":[],"tiered_pricing_product_settings":{"layout":"default","base_unit_name":{"singular":null,"plural":null},"default_variation":null},"tiered_pricing_minimum_quantity":null,"tiered_pricing_roles_data":[],"tiered_pricing_percentage_rules":[],"_links":{"self":[{"href":"https:\/\/lt-laborhandel.de\/en\/wp-json\/wp\/v2\/product\/9475","targetHints":{"allow":["GET"]}}],"collection":[{"href":"https:\/\/lt-laborhandel.de\/en\/wp-json\/wp\/v2\/product"}],"about":[{"href":"https:\/\/lt-laborhandel.de\/en\/wp-json\/wp\/v2\/types\/product"}],"wp:featuredmedia":[{"embeddable":true,"href":"https:\/\/lt-laborhandel.de\/en\/wp-json\/wp\/v2\/media\/9338"}],"wp:attachment":[{"href":"https:\/\/lt-laborhandel.de\/en\/wp-json\/wp\/v2\/media?parent=9475"}],"wp:term":[{"taxonomy":"product_brand","embeddable":true,"href":"https:\/\/lt-laborhandel.de\/en\/wp-json\/wp\/v2\/product_brand?post=9475"},{"taxonomy":"product_cat","embeddable":true,"href":"https:\/\/lt-laborhandel.de\/en\/wp-json\/wp\/v2\/product_cat?post=9475"},{"taxonomy":"product_tag","embeddable":true,"href":"https:\/\/lt-laborhandel.de\/en\/wp-json\/wp\/v2\/product_tag?post=9475"}],"curies":[{"name":"wp","href":"https:\/\/api.w.org\/{rel}","templated":true}]}}