{"id":9473,"date":"2022-04-05T15:51:33","date_gmt":"2022-04-05T13:51:33","guid":{"rendered":"https:\/\/lt-laborhandel.de\/produkt\/ika-schuettler-loopster-basic-0004015000\/"},"modified":"2026-01-14T07:51:50","modified_gmt":"2026-01-14T06:51:50","slug":"ika-schuettler-loopster-basic-0004015000","status":"publish","type":"product","link":"https:\/\/lt-laborhandel.de\/en\/produkt\/ika-schuettler-loopster-basic-0004015000\/","title":{"rendered":"IKA Sch\u00fcttler, Loopster basic, 0004015000"},"content":{"rendered":"<p>Loopster basic<br \/>\nRotator f\u00fcr sanftes aber effektives Durchmischen mit fester Drehzahl. Ideal f\u00fcr biologische Proben,<br \/>\ninsbesondere Blutproben. Geeignet f\u00fcr Trenn- und Mischvorg\u00e4nge von pulverf\u00f6rmigen und fl\u00fcssigen Proben in Eppendorfr\u00f6hrchen und Greinertubes bis 50 ml. Die leicht abnehmbaren Aufs\u00e4tze erm\u00f6glichen eine einfache und schnelle Reinigung des Ger\u00e4tes von versch\u00fctteten Proben.<br \/>\nFrei verstellbarer Rotationswinkel<br \/>\nVielseitig einsetzbar durch eine Vielzahl von Aufs\u00e4tzen<br \/>\nVerwendung bei 4 \u2013 50 \u00b0C in Inkubatoren<br \/>\nEinfache Bedienung durch Folientastatur<br \/>\nF\u00fcr Dauerbetrieb geeignet<br \/>\nDrehzahlbereich: 20 1\/min (fest)<\/p>\n<p>Technische Daten<br \/>\nBewegungsart rotierend<br \/>\nZul\u00e4ssiges Sch\u00fcttelgewicht (inkl. Aufsatz) 2 kg<br \/>\nZul\u00e4ssige Einschaltdauer 100 %<br \/>\nDrehzahl min. 0 rpm<br \/>\nDrehzahl fix 20 rpm<br \/>\nDrehzahlanzeige keine<br \/>\nAnzeige Zeitschaltuhr keine<br \/>\nBetriebsart Dauerbetrieb<br \/>\nKippwinkel Drehscheibe min. 0 \u00b0<br \/>\nKippwinkel Drehscheibe max. 90 \u00b0<br \/>\nAbmessungen (B x H x T) 300 x 360 x 300 mm<br \/>\nGewicht 3.644 kg<br \/>\nZul\u00e4ssiger Umgebungstemperaturbereich 4 &#8211; 50 \u00b0C<br \/>\nZul\u00e4ssige Relative Feuchte 80 %<br \/>\nSchutzart nach DIN EN 60529 IP 21<br \/>\nSpannung 100 &#8211; 240 V<br \/>\nFrequenz 50\/60 Hz<br \/>\nGleichspannung 24 V=<br \/>\nStromaufnahme 1000 mA<\/p>\n<p><b>Zubeh\u00f6r- und Ersatzteile auf Anfrage<\/b><\/p>\n","protected":false},"excerpt":{"rendered":"<p>Loopster basic Rotator f\u00fcr sanftes aber effektives Durchmischen mit fester Drehzahl. Ideal f\u00fcr biologische Proben, insbesondere Blutproben. Geeignet f\u00fcr Trenn- und Mischvorg\u00e4nge von pulverf\u00f6rmigen und fl\u00fcssigen Proben in Eppendorfr\u00f6hrchen und Greinertubes bis 50 ml. Die leicht abnehmbaren Aufs\u00e4tze erm\u00f6glichen eine einfache und schnelle Reinigung des Ger\u00e4tes von versch\u00fctteten Proben. Frei verstellbarer Rotationswinkel Vielseitig einsetzbar durch [&hellip;]<\/p>\n","protected":false},"featured_media":9359,"template":"","meta":[],"product_brand":[],"product_cat":[109],"product_tag":[],"class_list":{"0":"post-9473","1":"product","2":"type-product","3":"status-publish","4":"has-post-thumbnail","6":"product_cat-mischerruehrer-und-schuettler","7":"product_shipping_class-standard","9":"first","10":"instock","11":"taxable","12":"shipping-taxable","13":"purchasable","14":"product-type-simple"},"tiered_pricing_type":"fixed","tiered_pricing_fixed_rules":[],"tiered_pricing_product_settings":{"layout":"default","base_unit_name":{"singular":null,"plural":null},"default_variation":null},"tiered_pricing_minimum_quantity":null,"tiered_pricing_roles_data":[],"tiered_pricing_percentage_rules":[],"_links":{"self":[{"href":"https:\/\/lt-laborhandel.de\/en\/wp-json\/wp\/v2\/product\/9473","targetHints":{"allow":["GET"]}}],"collection":[{"href":"https:\/\/lt-laborhandel.de\/en\/wp-json\/wp\/v2\/product"}],"about":[{"href":"https:\/\/lt-laborhandel.de\/en\/wp-json\/wp\/v2\/types\/product"}],"wp:featuredmedia":[{"embeddable":true,"href":"https:\/\/lt-laborhandel.de\/en\/wp-json\/wp\/v2\/media\/9359"}],"wp:attachment":[{"href":"https:\/\/lt-laborhandel.de\/en\/wp-json\/wp\/v2\/media?parent=9473"}],"wp:term":[{"taxonomy":"product_brand","embeddable":true,"href":"https:\/\/lt-laborhandel.de\/en\/wp-json\/wp\/v2\/product_brand?post=9473"},{"taxonomy":"product_cat","embeddable":true,"href":"https:\/\/lt-laborhandel.de\/en\/wp-json\/wp\/v2\/product_cat?post=9473"},{"taxonomy":"product_tag","embeddable":true,"href":"https:\/\/lt-laborhandel.de\/en\/wp-json\/wp\/v2\/product_tag?post=9473"}],"curies":[{"name":"wp","href":"https:\/\/api.w.org\/{rel}","templated":true}]}}