{"id":9471,"date":"2022-04-05T15:51:32","date_gmt":"2022-04-05T13:51:32","guid":{"rendered":"https:\/\/lt-laborhandel.de\/produkt\/ika-schuettler-roller-10-basic-0004012000\/"},"modified":"2026-01-14T07:51:50","modified_gmt":"2026-01-14T06:51:50","slug":"ika-schuettler-roller-10-basic-0004012000","status":"publish","type":"product","link":"https:\/\/lt-laborhandel.de\/en\/produkt\/ika-schuettler-roller-10-basic-0004012000\/","title":{"rendered":"IKA Sch\u00fcttler, ROLLER 10 basic, 0004012000"},"content":{"rendered":"<p>ROLLER 10 basic<br \/>\nRollensch\u00fcttler mit 10 Rollen, sanfter Wipp- und Rollbewegung und fester Drehzahl. Insbesondere zum Mischen von Blutproben, festen und fl\u00fcssigen Suspensionen und viskosen Substanzen. Das Ger\u00e4t kann mit allen g\u00e4ngigen R\u00f6hrchen und zylindrischen Flaschen eingesetzt werden. Die leicht abnehmbaren Rollen erm\u00f6glichen eine einfache und schnelle Reinigung.<br \/>\nVerwendung bei 4 \u2013 50 \u00b0C in Inkubatoren<br \/>\nF\u00fcr Dauerbetrieb geeignet<br \/>\nDank abnehmbarer Rollen auch f\u00fcr gr\u00f6\u00dfere R\u00f6hrchen geeignet<br \/>\nEinfache Bedienung durch Folientastatur<br \/>\nSch\u00fcttelhub: 24,5 mm (H\u00f6he)<br \/>\nDrehzahlbereich: 30 1\/min (fest)<\/p>\n<p>Technische Daten<br \/>\nBewegungsart rollend<br \/>\nZul\u00e4ssige Einschaltdauer 100 %<br \/>\nDrehzahl min. 0 rpm<br \/>\nDrehzahl fix 30 rpm<br \/>\nDrehzahlanzeige keine<br \/>\nAnzeige Zeitschaltuhr keine<br \/>\nBetriebsart Dauerbetrieb<br \/>\nRollen, Anzahl 10<br \/>\nRollen, \u00d8 32 mm<br \/>\nRollen,L\u00e4nge 327 mm<br \/>\nArbeitsbereich L\u00e4nge 350 mm<br \/>\nRollen, Wippwinkel fix 3 \u00b0<br \/>\nRollen, max Hub am Rollenende 16 mm<br \/>\nRollen, wechselbar, entnehmbar ja<br \/>\nAbmessungen (B x H x T) 380 x 115 x 545 mm<br \/>\nGewicht 8.242 kg<br \/>\nZul\u00e4ssiger Umgebungstemperaturbereich 4 &#8211; 50 \u00b0C<br \/>\nZul\u00e4ssige Relative Feuchte 80 %<br \/>\nSchutzart nach DIN EN 60529 IP 21<br \/>\nSpannung 100 &#8211; 240 V<br \/>\nFrequenz 50\/60 Hz<br \/>\nGer\u00e4teaufnahmeleistung 24 W<br \/>\nGleichspannung 24 V=<br \/>\nStromaufnahme 1000 mA<\/p>\n<p><b>Zubeh\u00f6r- und Ersatzteile auf Anfrage<\/b><\/p>\n","protected":false},"excerpt":{"rendered":"<p>ROLLER 10 basic Rollensch\u00fcttler mit 10 Rollen, sanfter Wipp- und Rollbewegung und fester Drehzahl. Insbesondere zum Mischen von Blutproben, festen und fl\u00fcssigen Suspensionen und viskosen Substanzen. Das Ger\u00e4t kann mit allen g\u00e4ngigen R\u00f6hrchen und zylindrischen Flaschen eingesetzt werden. Die leicht abnehmbaren Rollen erm\u00f6glichen eine einfache und schnelle Reinigung. Verwendung bei 4 \u2013 50 \u00b0C in [&hellip;]<\/p>\n","protected":false},"featured_media":9355,"template":"","meta":[],"product_brand":[],"product_cat":[109],"product_tag":[],"class_list":{"0":"post-9471","1":"product","2":"type-product","3":"status-publish","4":"has-post-thumbnail","6":"product_cat-mischerruehrer-und-schuettler","7":"product_shipping_class-standard","9":"first","10":"instock","11":"taxable","12":"shipping-taxable","13":"purchasable","14":"product-type-simple"},"tiered_pricing_type":"fixed","tiered_pricing_fixed_rules":[],"tiered_pricing_product_settings":{"layout":"default","base_unit_name":{"singular":null,"plural":null},"default_variation":null},"tiered_pricing_minimum_quantity":null,"tiered_pricing_roles_data":[],"tiered_pricing_percentage_rules":[],"_links":{"self":[{"href":"https:\/\/lt-laborhandel.de\/en\/wp-json\/wp\/v2\/product\/9471","targetHints":{"allow":["GET"]}}],"collection":[{"href":"https:\/\/lt-laborhandel.de\/en\/wp-json\/wp\/v2\/product"}],"about":[{"href":"https:\/\/lt-laborhandel.de\/en\/wp-json\/wp\/v2\/types\/product"}],"wp:featuredmedia":[{"embeddable":true,"href":"https:\/\/lt-laborhandel.de\/en\/wp-json\/wp\/v2\/media\/9355"}],"wp:attachment":[{"href":"https:\/\/lt-laborhandel.de\/en\/wp-json\/wp\/v2\/media?parent=9471"}],"wp:term":[{"taxonomy":"product_brand","embeddable":true,"href":"https:\/\/lt-laborhandel.de\/en\/wp-json\/wp\/v2\/product_brand?post=9471"},{"taxonomy":"product_cat","embeddable":true,"href":"https:\/\/lt-laborhandel.de\/en\/wp-json\/wp\/v2\/product_cat?post=9471"},{"taxonomy":"product_tag","embeddable":true,"href":"https:\/\/lt-laborhandel.de\/en\/wp-json\/wp\/v2\/product_tag?post=9471"}],"curies":[{"name":"wp","href":"https:\/\/api.w.org\/{rel}","templated":true}]}}