{"id":9464,"date":"2022-04-05T15:51:30","date_gmt":"2022-04-05T13:51:30","guid":{"rendered":"https:\/\/lt-laborhandel.de\/produkt\/ika-schuettler-rocker-2d-digital-0004003000\/"},"modified":"2026-01-14T07:51:49","modified_gmt":"2026-01-14T06:51:49","slug":"ika-schuettler-rocker-2d-digital-0004003000","status":"publish","type":"product","link":"https:\/\/lt-laborhandel.de\/en\/produkt\/ika-schuettler-rocker-2d-digital-0004003000\/","title":{"rendered":"IKA Sch\u00fcttler, ROCKER 2D digital, 0004003000"},"content":{"rendered":"<p>ROCKER 2D digital<br \/>\nDigitaler Wippsch\u00fcttler mit einstellbarer Drehzahl f\u00fcr schonende Mischaufgaben. Zum homogenen Mischen in Kolben, Kulturflaschen, Petrischalen und R\u00f6hrchen. Auch bei Beladungs- und Spannungsschwankungen bleibt die Sch\u00fctteldrehzahl konstant. Der einstellbare Neigungswinkel sorgt f\u00fcr eine optimale Anpassung an die jeweiligen Versuchsbedingungen.<br \/>\nTimer: Countdown einstellbarvon 1 s bis 99h 59min<br \/>\nCounter zeigt Sch\u00fctteldauer an<br \/>\nFehlercodeanzeige<br \/>\nVielseitig einsetzbar durch zahlreiche Aufs\u00e4tze<br \/>\nVerwendung bei 4 \u2013 50 \u00b0C in Inkubatoren<br \/>\nEinfache Bedienung durch Folientastatur<br \/>\nRutschfreie Gummimatte im Lieferumfang enthalten<br \/>\nF\u00fcr Dauerbetrieb geeignet<br \/>\nSch\u00fcttelhub: 0 &#8211; 15\u00b0 (Winkel)<br \/>\nDrehzahlbereich: 5 &#8211; 80 1\/min<\/p>\n<p>Technische Daten<br \/>\nBewegungsart wippen<br \/>\nZul\u00e4ssiges Sch\u00fcttelgewicht (inkl. Aufsatz) 2 kg<br \/>\nZul\u00e4ssige Einschaltdauer 100 %<br \/>\nDrehzahl min. (einstellbar) 5 rpm<br \/>\nDrehzahlbereich 0 &#8211; 80 rpm<br \/>\nDrehzahlanzeige 7 Segment LED<br \/>\nEinstellm\u00f6glichkeit Drehzahl 1 RPM Schritte<br \/>\nZeitschaltuhr ja<br \/>\nAnzeige Zeitschaltuhr 7 Segment LED<br \/>\nZeiteinstellung min. 1 s<br \/>\nZeiteinstellung max. 5999 min<br \/>\nBetriebsart Timer- und Dauerbetrieb<br \/>\nWippwinkel einstellbar 2.5 &#8211; 15 \u00b0<br \/>\nSch\u00fctteltisch stapelbar ja<br \/>\nAufstellh\u00f6he (wenn Sch\u00fctteltisch gestapelt) 30 mm<br \/>\nAbmessungen (B x H x T) 280 x 150 x 330 mm<br \/>\nGewicht 2.2 kg<br \/>\nZul\u00e4ssiger Umgebungstemperaturbereich 4 &#8211; 50 \u00b0C<br \/>\nZul\u00e4ssige Relative Feuchte 80 %<br \/>\nSchutzart nach DIN EN 60529 IP 21<br \/>\nSpannung 100 &#8211; 240 V<br \/>\nFrequenz 50\/60 Hz<br \/>\nGer\u00e4teaufnahmeleistung 24 W<br \/>\nGleichspannung 24 V=<br \/>\nStromaufnahme 1000 mA<\/p>\n<p><b>Zubeh\u00f6r- und Ersatzteile auf Anfrage<\/b><\/p>\n","protected":false},"excerpt":{"rendered":"<p>ROCKER 2D digital Digitaler Wippsch\u00fcttler mit einstellbarer Drehzahl f\u00fcr schonende Mischaufgaben. Zum homogenen Mischen in Kolben, Kulturflaschen, Petrischalen und R\u00f6hrchen. Auch bei Beladungs- und Spannungsschwankungen bleibt die Sch\u00fctteldrehzahl konstant. Der einstellbare Neigungswinkel sorgt f\u00fcr eine optimale Anpassung an die jeweiligen Versuchsbedingungen. Timer: Countdown einstellbarvon 1 s bis 99h 59min Counter zeigt Sch\u00fctteldauer an Fehlercodeanzeige Vielseitig [&hellip;]<\/p>\n","protected":false},"featured_media":9348,"template":"","meta":[],"product_brand":[],"product_cat":[109],"product_tag":[],"class_list":{"0":"post-9464","1":"product","2":"type-product","3":"status-publish","4":"has-post-thumbnail","6":"product_cat-mischerruehrer-und-schuettler","7":"product_shipping_class-standard","9":"first","10":"instock","11":"taxable","12":"shipping-taxable","13":"purchasable","14":"product-type-simple"},"tiered_pricing_type":"fixed","tiered_pricing_fixed_rules":[],"tiered_pricing_product_settings":{"layout":"default","base_unit_name":{"singular":null,"plural":null},"default_variation":null},"tiered_pricing_minimum_quantity":null,"tiered_pricing_roles_data":[],"tiered_pricing_percentage_rules":[],"_links":{"self":[{"href":"https:\/\/lt-laborhandel.de\/en\/wp-json\/wp\/v2\/product\/9464","targetHints":{"allow":["GET"]}}],"collection":[{"href":"https:\/\/lt-laborhandel.de\/en\/wp-json\/wp\/v2\/product"}],"about":[{"href":"https:\/\/lt-laborhandel.de\/en\/wp-json\/wp\/v2\/types\/product"}],"wp:featuredmedia":[{"embeddable":true,"href":"https:\/\/lt-laborhandel.de\/en\/wp-json\/wp\/v2\/media\/9348"}],"wp:attachment":[{"href":"https:\/\/lt-laborhandel.de\/en\/wp-json\/wp\/v2\/media?parent=9464"}],"wp:term":[{"taxonomy":"product_brand","embeddable":true,"href":"https:\/\/lt-laborhandel.de\/en\/wp-json\/wp\/v2\/product_brand?post=9464"},{"taxonomy":"product_cat","embeddable":true,"href":"https:\/\/lt-laborhandel.de\/en\/wp-json\/wp\/v2\/product_cat?post=9464"},{"taxonomy":"product_tag","embeddable":true,"href":"https:\/\/lt-laborhandel.de\/en\/wp-json\/wp\/v2\/product_tag?post=9464"}],"curies":[{"name":"wp","href":"https:\/\/api.w.org\/{rel}","templated":true}]}}