{"id":9454,"date":"2022-04-05T15:51:23","date_gmt":"2022-04-05T13:51:23","guid":{"rendered":"https:\/\/lt-laborhandel.de\/produkt\/ika-magnetruehrer-ika-myplate-0025005156-2\/"},"modified":"2026-01-14T07:51:49","modified_gmt":"2026-01-14T06:51:49","slug":"ika-magnetruehrer-ika-myplate-0025005156-2","status":"publish","type":"product","link":"https:\/\/lt-laborhandel.de\/en\/produkt\/ika-magnetruehrer-ika-myplate-0025005156-2\/","title":{"rendered":"IKA Magnetr\u00fchrer IKA myPlate, 0025005156"},"content":{"rendered":"<p>IKA myPlate<br \/>\nIKA myPlate vereint die herausragenden technischen Eigenschaften der beliebten und bew\u00e4hrten IKA Magnetr\u00fchrer color squid und big squid mit der Option zur kreativen Individualisierung.<\/p>\n<p>Pers\u00f6nlicher Wechselrahmen<br \/>\nBei der IKA myPlate k\u00f6nnen Sie die Aufstellfl\u00e4che selbst gestalten. Sie erhalten das Ger\u00e4t mit einer dekorativen Bildvorlage, die dank des praktischen Wechselrahmens ganz einfach selbst ausgetauscht werden kann. Andere haben pers\u00f6nliche Bilder auf dem Schreibtisch &#8211; Sie machen einen der besten Magnetr\u00fchrer im Laboralltag zur Leinwand f\u00fcr Ihre Lieblingsbilder.<\/p>\n<p>Bew\u00e4hrt hohe Funktionalit\u00e4t<br \/>\nDavon abgesehen, dass Sie Ihre Proben mit myPlate auf kreativem Grund r\u00fchren, erhalten Sie alle guten Eigenschaften dieses kr\u00e4ftigen R\u00fchrers, wie Sie es von IKA gewohnt sind:<br \/>\nHohe Chemikalienbest\u00e4ndigkeit<br \/>\nElektronisch gesteuerter Motor<br \/>\nDigitale Geschwindigkeitsanzeige<br \/>\nDrehzahlbereich zwischen 100 und 2.500 Umdrehungen pro Minute<\/p>\n<p>Technische Daten<br \/>\nR\u00fchrstellenanzahl 1<br \/>\nR\u00fchrmenge max. pro R\u00fchrstelle (H2O) 1.5 l<br \/>\nMaximale Beladung 3 kg<br \/>\nMotorleistung Abgabe 2 W<br \/>\nDrehrichtung Motor links<br \/>\nDrehzahlanzeige Soll-Wert LED<br \/>\nDrehzahlanzeige Ist-Wert LED<br \/>\nEinstellm\u00f6glichkeit Drehzahl Tipptaste<br \/>\nDrehzahlbereich 100 &#8211; 2500 rpm<br \/>\nEinstellgenauigkeit Drehzahl 10 rpm<br \/>\nR\u00fchrst\u00e4bchenl\u00e4nge max. 30 mm<br \/>\nEigenerw\u00e4rmung Aufstellfl\u00e4che durch max. R\u00fchren (RT:22\u00b0C\/Dauer:1h) +2 K<br \/>\nAufstellfl\u00e4che Werkstoff Glas<br \/>\nAufstellfl\u00e4che Abmessungen \u00d8 135 mm<br \/>\nAbmessungen (B x H x T) 152 x 30 x 164 mm<br \/>\nGewicht 0.76 kg<br \/>\nZul\u00e4ssiger Umgebungstemperaturbereich 5 &#8211; 40 \u00b0C<br \/>\nZul\u00e4ssige Relative Feuchte 80 %<br \/>\nSchutzart nach DIN EN 60529 IP 54<br \/>\nSpannung 100 &#8211; 240 V<br \/>\nFrequenz 50\/60 Hz<br \/>\nGer\u00e4teaufnahmeleistung 4 W<br \/>\nGer\u00e4teaufnahmeleistung Standby 1 W<br \/>\nGleichspannung 12 V=<br \/>\nStromaufnahme 300 mA<\/p>\n<p><b>Zubeh\u00f6r- und Ersatzteile auf Anfrage<\/b><\/p>\n","protected":false},"excerpt":{"rendered":"<p>IKA myPlate IKA myPlate vereint die herausragenden technischen Eigenschaften der beliebten und bew\u00e4hrten IKA Magnetr\u00fchrer color squid und big squid mit der Option zur kreativen Individualisierung. Pers\u00f6nlicher Wechselrahmen Bei der IKA myPlate k\u00f6nnen Sie die Aufstellfl\u00e4che selbst gestalten. Sie erhalten das Ger\u00e4t mit einer dekorativen Bildvorlage, die dank des praktischen Wechselrahmens ganz einfach selbst ausgetauscht [&hellip;]<\/p>\n","protected":false},"featured_media":4374,"template":"","meta":[],"product_brand":[],"product_cat":[109],"product_tag":[],"class_list":{"0":"post-9454","1":"product","2":"type-product","3":"status-publish","4":"has-post-thumbnail","6":"product_cat-mischerruehrer-und-schuettler","7":"product_shipping_class-standard","9":"first","10":"instock","11":"taxable","12":"shipping-taxable","13":"purchasable","14":"product-type-simple"},"tiered_pricing_type":"fixed","tiered_pricing_fixed_rules":[],"tiered_pricing_product_settings":{"layout":"default","base_unit_name":{"singular":null,"plural":null},"default_variation":null},"tiered_pricing_minimum_quantity":null,"tiered_pricing_roles_data":[],"tiered_pricing_percentage_rules":[],"_links":{"self":[{"href":"https:\/\/lt-laborhandel.de\/en\/wp-json\/wp\/v2\/product\/9454","targetHints":{"allow":["GET"]}}],"collection":[{"href":"https:\/\/lt-laborhandel.de\/en\/wp-json\/wp\/v2\/product"}],"about":[{"href":"https:\/\/lt-laborhandel.de\/en\/wp-json\/wp\/v2\/types\/product"}],"wp:featuredmedia":[{"embeddable":true,"href":"https:\/\/lt-laborhandel.de\/en\/wp-json\/wp\/v2\/media\/4374"}],"wp:attachment":[{"href":"https:\/\/lt-laborhandel.de\/en\/wp-json\/wp\/v2\/media?parent=9454"}],"wp:term":[{"taxonomy":"product_brand","embeddable":true,"href":"https:\/\/lt-laborhandel.de\/en\/wp-json\/wp\/v2\/product_brand?post=9454"},{"taxonomy":"product_cat","embeddable":true,"href":"https:\/\/lt-laborhandel.de\/en\/wp-json\/wp\/v2\/product_cat?post=9454"},{"taxonomy":"product_tag","embeddable":true,"href":"https:\/\/lt-laborhandel.de\/en\/wp-json\/wp\/v2\/product_tag?post=9454"}],"curies":[{"name":"wp","href":"https:\/\/api.w.org\/{rel}","templated":true}]}}