{"id":9453,"date":"2022-04-05T15:51:23","date_gmt":"2022-04-05T13:51:23","guid":{"rendered":"https:\/\/lt-laborhandel.de\/produkt\/ika-magnetruehrer-mit-glasoberflaeche-und-verschiedenen-motiven-color-squid-white-0003671000-2\/"},"modified":"2026-01-14T07:51:48","modified_gmt":"2026-01-14T06:51:48","slug":"ika-magnetruehrer-mit-glasoberflaeche-und-verschiedenen-motiven-color-squid-white-0003671000-2","status":"publish","type":"product","link":"https:\/\/lt-laborhandel.de\/en\/produkt\/ika-magnetruehrer-mit-glasoberflaeche-und-verschiedenen-motiven-color-squid-white-0003671000-2\/","title":{"rendered":"IKA Magnetr\u00fchrer mit Glasoberfl\u00e4che und verschiedenen Motiven, color squid white, 0003671000"},"content":{"rendered":"<p>color squid white<br \/>\nMagnetr\u00fchrer mit Glasoberfl\u00e4che.<br \/>\nR\u00fchrmengen bis 1 l<br \/>\nDigitale Drehzahlanzeige (LED)<br \/>\nElektronisch geregelter Motor f\u00fcr mehr Leistungsst\u00e4rke<br \/>\nGro\u00dfer Drehzahlbereich von 0 &#8211; 2.500 min-1<br \/>\nAufstellfl\u00e4che aus Glas (gute chemische Best\u00e4ndigkeit), Kunststoffunterteil aus TPC-ET<br \/>\nRecyclingf\u00e4hige Materialien<\/p>\n<p>Technische Daten<br \/>\nR\u00fchrstellenanzahl 1<br \/>\nR\u00fchrmenge max. pro R\u00fchrstelle (H2O) 1 l<br \/>\nMaximale Beladung 2 kg<br \/>\nMotorleistung Abgabe 2 W<br \/>\nDrehrichtung Motor rechts<br \/>\nDrehzahlanzeige Soll-Wert LED<br \/>\nEinstellm\u00f6glichkeit Drehzahl Drehknopf<br \/>\nDrehzahlbereich 0 &#8211; 2500 rpm<br \/>\nEinstellgenauigkeit Drehzahl 50 rpm<br \/>\nR\u00fchrst\u00e4bchenl\u00e4nge max. 30 mm<br \/>\nAufstellfl\u00e4che Werkstoff Glas<br \/>\nAufstellfl\u00e4che Abmessungen \u00d8 115 mm<br \/>\nAbmessungen (B x H x T) 145 x 45 x 160 mm<br \/>\nGewicht 1.074 kg<br \/>\nZul\u00e4ssiger Umgebungstemperaturbereich 5 &#8211; 40 \u00b0C<br \/>\nZul\u00e4ssige Relative Feuchte 80 %<br \/>\nSchutzart nach DIN EN 60529 IP 54<br \/>\nSpannung 100 &#8211; 240 V<br \/>\nFrequenz 50\/60 Hz<br \/>\nGer\u00e4teaufnahmeleistung 4 W<br \/>\nGleichspannung 12 V=<br \/>\nStromaufnahme 300 mA<\/p>\n<p><b>Zubeh\u00f6r- und Ersatzteile auf Anfrage<\/b><\/p>\n","protected":false},"excerpt":{"rendered":"<p>color squid white Magnetr\u00fchrer mit Glasoberfl\u00e4che. R\u00fchrmengen bis 1 l Digitale Drehzahlanzeige (LED) Elektronisch geregelter Motor f\u00fcr mehr Leistungsst\u00e4rke Gro\u00dfer Drehzahlbereich von 0 &#8211; 2.500 min-1 Aufstellfl\u00e4che aus Glas (gute chemische Best\u00e4ndigkeit), Kunststoffunterteil aus TPC-ET Recyclingf\u00e4hige Materialien Technische Daten R\u00fchrstellenanzahl 1 R\u00fchrmenge max. pro R\u00fchrstelle (H2O) 1 l Maximale Beladung 2 kg Motorleistung Abgabe 2 [&hellip;]<\/p>\n","protected":false},"featured_media":4371,"template":"","meta":[],"product_brand":[],"product_cat":[109],"product_tag":[],"class_list":{"0":"post-9453","1":"product","2":"type-product","3":"status-publish","4":"has-post-thumbnail","6":"product_cat-mischerruehrer-und-schuettler","7":"product_shipping_class-standard","9":"first","10":"instock","11":"taxable","12":"shipping-taxable","13":"purchasable","14":"product-type-simple"},"tiered_pricing_type":"fixed","tiered_pricing_fixed_rules":[],"tiered_pricing_product_settings":{"layout":"default","base_unit_name":{"singular":null,"plural":null},"default_variation":null},"tiered_pricing_minimum_quantity":null,"tiered_pricing_roles_data":[],"tiered_pricing_percentage_rules":[],"_links":{"self":[{"href":"https:\/\/lt-laborhandel.de\/en\/wp-json\/wp\/v2\/product\/9453","targetHints":{"allow":["GET"]}}],"collection":[{"href":"https:\/\/lt-laborhandel.de\/en\/wp-json\/wp\/v2\/product"}],"about":[{"href":"https:\/\/lt-laborhandel.de\/en\/wp-json\/wp\/v2\/types\/product"}],"wp:featuredmedia":[{"embeddable":true,"href":"https:\/\/lt-laborhandel.de\/en\/wp-json\/wp\/v2\/media\/4371"}],"wp:attachment":[{"href":"https:\/\/lt-laborhandel.de\/en\/wp-json\/wp\/v2\/media?parent=9453"}],"wp:term":[{"taxonomy":"product_brand","embeddable":true,"href":"https:\/\/lt-laborhandel.de\/en\/wp-json\/wp\/v2\/product_brand?post=9453"},{"taxonomy":"product_cat","embeddable":true,"href":"https:\/\/lt-laborhandel.de\/en\/wp-json\/wp\/v2\/product_cat?post=9453"},{"taxonomy":"product_tag","embeddable":true,"href":"https:\/\/lt-laborhandel.de\/en\/wp-json\/wp\/v2\/product_tag?post=9453"}],"curies":[{"name":"wp","href":"https:\/\/api.w.org\/{rel}","templated":true}]}}