{"id":9125,"date":"2022-03-02T15:00:23","date_gmt":"2022-03-02T14:00:23","guid":{"rendered":"https:\/\/lt-laborhandel.de\/produkt\/brand-transferpette-s-500-%c2%b5l-fix-f-500-de-m-705854\/"},"modified":"2026-01-09T21:20:23","modified_gmt":"2026-01-09T20:20:23","slug":"brand-transferpette-s-500-%c2%b5l-fix-f-500-de-m-705854","status":"publish","type":"product","link":"https:\/\/lt-laborhandel.de\/en\/produkt\/brand-transferpette-s-500-%c2%b5l-fix-f-500-de-m-705854\/","title":{"rendered":"Brand Transferpette\u00ae S, 500 \u00b5l, Fix, F-500, DE-M, #705854"},"content":{"rendered":"<p>Mit der Kolbenhubpipette Transferpette\u00ae S arbeiten Sie bei kleinen und gro\u00dfen Volumina effizient und ergonomisch. Geringe Bedienkr\u00e4fte und ein kurzer Hubweg sorgen auch bei langen Pipettierserien f\u00fcr entspanntes Pipettieren. Durch die perfekte Ergonomie liegt die Transferpette\u00ae S in jeder Halteposition angenehm in der Hand, ob mit der rechten oder der linken Hand , ob mit gro\u00dfen oder kleinen H\u00e4nden. Ein Umgreifen ist dabei nicht n\u00f6tig, denn die Mikroliterpipette wartet mit echter Einhandbedienung auf: Volumen einstellen, pipettieren, Spitze abwerfen.Der Volumenverstellschutz l\u00e4sst sich auch mit Handschuhen leicht bedienen und sichert Ihr eingestelltes Volumen gegen versehentliches Verstellen. Damit auch die Justage leicht von der Hand geht, verf\u00fcgt die Transferpette\u00ae S \u00fcber die Easy Calibration Technik. Die Justierung kann so ohne Werkzeug erfolgen. Und damit Sie immer die passenden Pipettenspitzen bestellen, zeigt Ihnen die Kompatibilit\u00e4tstabelle welche Spitzen zu welchem Ger\u00e4t passen. &#8211; Volumenbereiche Einkanal-Pipette: von 0,1 \u03bcl bis 10 ml- Volumenbereiche Mehrkanal-Pipette: von 0,5 \u03bcl bis 300 \u03bcl- Kurzer Hubweg und geringe Bedienkr\u00e4fte- Universeller Spitzenaufnahmekonus- Komplett autoklavierbar bei 121 \u00b0C- Einhandbedienung f\u00fcr Rechts- und Linksh\u00e4nder- Color Code am Volumeneinstellrad, Schaft und Volumenverstellschutz- Leichtes Aufstecken und Abwerfen der Spitzen durch O-Ringe bei Mehrkanalpipetten- Leicht und ohne Werkzeug justierbar dank Easy Calibration Technik- Schlankerer Schaft zur Entnahme aus engen Gef\u00e4\u00dfen- Einsatztemperatur von +15 \u00b0C bis +40 \u00b0C- Dampfdruck bis 500 mbar- Viskosit\u00e4t bis 260 mPa s- Hohe Chemikalienbest\u00e4ndigkeit aufgrund sorgf\u00e4ltig ausgew\u00e4hlter Kunststoffe sowie korrosionsbest\u00e4ndige Kolben und Abwerfer- UV-Best\u00e4ndigkeit<\/p>\n","protected":false},"excerpt":{"rendered":"<p><b>Zubeh\u00f6r- und Ersatzteile erhalten Sie gerne auf Anfrage!<\/b><\/p>\n","protected":false},"featured_media":8945,"template":"","meta":[],"product_brand":[369],"product_cat":[368,151],"product_tag":[],"class_list":{"0":"post-9125","1":"product","2":"type-product","3":"status-publish","4":"has-post-thumbnail","6":"product_brand-brand","7":"product_cat-brand","8":"product_cat-pipetten","9":"product_shipping_class-standard","11":"first","12":"instock","13":"taxable","14":"shipping-taxable","15":"purchasable","16":"product-type-simple"},"tiered_pricing_type":"fixed","tiered_pricing_fixed_rules":[],"tiered_pricing_product_settings":{"layout":"default","base_unit_name":{"singular":null,"plural":null},"default_variation":null},"tiered_pricing_minimum_quantity":null,"tiered_pricing_roles_data":[],"tiered_pricing_percentage_rules":[],"_links":{"self":[{"href":"https:\/\/lt-laborhandel.de\/en\/wp-json\/wp\/v2\/product\/9125","targetHints":{"allow":["GET"]}}],"collection":[{"href":"https:\/\/lt-laborhandel.de\/en\/wp-json\/wp\/v2\/product"}],"about":[{"href":"https:\/\/lt-laborhandel.de\/en\/wp-json\/wp\/v2\/types\/product"}],"wp:featuredmedia":[{"embeddable":true,"href":"https:\/\/lt-laborhandel.de\/en\/wp-json\/wp\/v2\/media\/8945"}],"wp:attachment":[{"href":"https:\/\/lt-laborhandel.de\/en\/wp-json\/wp\/v2\/media?parent=9125"}],"wp:term":[{"taxonomy":"product_brand","embeddable":true,"href":"https:\/\/lt-laborhandel.de\/en\/wp-json\/wp\/v2\/product_brand?post=9125"},{"taxonomy":"product_cat","embeddable":true,"href":"https:\/\/lt-laborhandel.de\/en\/wp-json\/wp\/v2\/product_cat?post=9125"},{"taxonomy":"product_tag","embeddable":true,"href":"https:\/\/lt-laborhandel.de\/en\/wp-json\/wp\/v2\/product_tag?post=9125"}],"curies":[{"name":"wp","href":"https:\/\/api.w.org\/{rel}","templated":true}]}}