{"id":9105,"date":"2022-03-02T15:00:08","date_gmt":"2022-03-02T14:00:08","guid":{"rendered":"https:\/\/lt-laborhandel.de\/produkt\/brand-transferpettor-typ-fix-de-m-100-%c2%b5l-mit-glaskapillare-701873\/"},"modified":"2026-01-09T21:20:22","modified_gmt":"2026-01-09T20:20:22","slug":"brand-transferpettor-typ-fix-de-m-100-%c2%b5l-mit-glaskapillare-701873","status":"publish","type":"product","link":"https:\/\/lt-laborhandel.de\/en\/produkt\/brand-transferpettor-typ-fix-de-m-100-%c2%b5l-mit-glaskapillare-701873\/","title":{"rendered":"Brand Transferpettor Typ Fix, DE-M, 100 \u00b5l, mit Glaskapillare, #701873"},"content":{"rendered":"<p>Dort, wo Luftpolsterpipetten auf nat\u00fcrliche Grenzen sto\u00dfen, liegt die St\u00e4rke der Pipette Transferpettor. Ob z\u00e4h oder d\u00fcnnfl\u00fcssig, ob sch\u00e4umend oder mit hohem Dampfdruck, die Pipette Transferpettor dosiert derartige Fl\u00fcssigkeiten mit h\u00f6chster Pr\u00e4zision. Die L\u00f6sung f\u00fcr schwierige F\u00e4lle!Das Funktionsprinzip der Pipette Transferpettor ist die Direktverdr\u00e4ngung: Im Gegensatz zu Luftpolsterpipetten hat der Kolben des Direktverdr\u00e4ngers direkten Kontakt zu der zu pipettierenden Fl\u00fcssigkeit. Der festsitzende Kolben streift die W\u00e4nde der Kapillaren\/Spitzen stets sauber ab &#8211; bis auf den buchst\u00e4blich letzten Tropfen, der deutlich sichtbar die \u00d6ffnung verl\u00e4sst. Durch dieses Prinzip werden, unabh\u00e4ngig von der Geschwindigkeit des Pipettierens, exakt reproduzierbare Ergebnisse erzielt. Die Kapillaren oder Spitzen m\u00fcssen nicht nach jedem Pipettierschritt weggeworfen werden, da die Restbenetzung minimal ist und in der Regel vernachl\u00e4ssigt werden kann.Die Pipette Transferpettor ist geeignet f\u00fcr Medien mit:<br \/>\n Dichte bis 13,6 g\/cm3,<br \/>\n Viskosit\u00e4t bis 140000 mm2\/s,<br \/>\n Dampfdruck bis 500 mbar.<br \/>\n Arbeitstemperaturbereich: 15 \u00b0C bis 40 \u00b0C<\/p>\n","protected":false},"excerpt":{"rendered":"<p><b>Zubeh\u00f6r- und Ersatzteile erhalten Sie gerne auf Anfrage!<\/b><\/p>\n","protected":false},"featured_media":9037,"template":"","meta":[],"product_brand":[369],"product_cat":[368,151],"product_tag":[],"class_list":{"0":"post-9105","1":"product","2":"type-product","3":"status-publish","4":"has-post-thumbnail","6":"product_brand-brand","7":"product_cat-brand","8":"product_cat-pipetten","9":"product_shipping_class-standard","11":"first","12":"instock","13":"taxable","14":"shipping-taxable","15":"purchasable","16":"product-type-simple"},"tiered_pricing_type":"fixed","tiered_pricing_fixed_rules":[],"tiered_pricing_product_settings":{"layout":"default","base_unit_name":{"singular":null,"plural":null},"default_variation":null},"tiered_pricing_minimum_quantity":null,"tiered_pricing_roles_data":[],"tiered_pricing_percentage_rules":[],"_links":{"self":[{"href":"https:\/\/lt-laborhandel.de\/en\/wp-json\/wp\/v2\/product\/9105","targetHints":{"allow":["GET"]}}],"collection":[{"href":"https:\/\/lt-laborhandel.de\/en\/wp-json\/wp\/v2\/product"}],"about":[{"href":"https:\/\/lt-laborhandel.de\/en\/wp-json\/wp\/v2\/types\/product"}],"wp:featuredmedia":[{"embeddable":true,"href":"https:\/\/lt-laborhandel.de\/en\/wp-json\/wp\/v2\/media\/9037"}],"wp:attachment":[{"href":"https:\/\/lt-laborhandel.de\/en\/wp-json\/wp\/v2\/media?parent=9105"}],"wp:term":[{"taxonomy":"product_brand","embeddable":true,"href":"https:\/\/lt-laborhandel.de\/en\/wp-json\/wp\/v2\/product_brand?post=9105"},{"taxonomy":"product_cat","embeddable":true,"href":"https:\/\/lt-laborhandel.de\/en\/wp-json\/wp\/v2\/product_cat?post=9105"},{"taxonomy":"product_tag","embeddable":true,"href":"https:\/\/lt-laborhandel.de\/en\/wp-json\/wp\/v2\/product_tag?post=9105"}],"curies":[{"name":"wp","href":"https:\/\/api.w.org\/{rel}","templated":true}]}}