{"id":9072,"date":"2022-03-02T14:59:50","date_gmt":"2022-03-02T13:59:50","guid":{"rendered":"https:\/\/lt-laborhandel.de\/produkt\/brand-transferpette-electronic-de-m-10-200-%c2%b5l-netzteil-europa-100-240-v-50-60-hz-705303\/"},"modified":"2026-03-15T12:22:24","modified_gmt":"2026-03-15T11:22:24","slug":"brand-transferpette-electronic-de-m-10-200-%c2%b5l-netzteil-europa-100-240-v-50-60-hz-705303","status":"publish","type":"product","link":"https:\/\/lt-laborhandel.de\/en\/produkt\/brand-transferpette-electronic-de-m-10-200-%c2%b5l-netzteil-europa-100-240-v-50-60-hz-705303\/","title":{"rendered":"Brand Transferpette\u00ae electronic, DE-M, 10-200 \u00b5l, Netzteil Europa (100-240 V \/ 50-60 Hz), #705303"},"content":{"rendered":"<p>Die Kolbenhubpipette Transferpette\u00ae electronic verbindet die weltweit bew\u00e4hrten Eigenschaften der mechanischen Pipetten von BRAND mit den Vorz\u00fcgen elektronischer Ger\u00e4te.<\/p>\n<p>Merkmale:<br \/>\nAbschraubbarer, komplett autoklavierbarer (121 \u00b0C) Pipettenschaft.<br \/>\nF\u00fcnf Funktionen: Pipettieren, reverses Pipettieren, Mischen, Dispensieren und Gelelektrophorese-Modus.<br \/>\nEasy Calibration Funktion zur schnellen Justierung der Ger\u00e4te ohne Werkzeug.<\/p>\n<p>Einsatzgrenzen:<br \/>\nDas Ger\u00e4t dient zum Pipettieren von Proben unter Beachtung folgender Grenzen:<br \/>\nEinsatztemperatur von +15 \u00b0C bis +40 \u00b0C (von 59 \u00b0F bis 104 \u00b0F) (von Ger\u00e4t und Reagenz \u2013 andere Temperaturen auf Anfrage)<br \/>\nDampfdruck bis 500 mbar<br \/>\nViskosit\u00e4t: 260 mPa s<\/p>\n<p>&#8211; https:\/\/youtu.be\/1IAwFPtVsas<\/p>\n<p>&#8211; https:\/\/youtu.be\/sFJglssMnS4<\/p>\n","protected":false},"excerpt":{"rendered":"<p><b>Zubeh\u00f6r- und Ersatzteile erhalten Sie gerne auf Anfrage!<\/b><\/p>\n","protected":false},"featured_media":9011,"template":"","meta":[],"product_brand":[369],"product_cat":[368,151],"product_tag":[],"class_list":{"0":"post-9072","1":"product","2":"type-product","3":"status-publish","4":"has-post-thumbnail","6":"product_brand-brand","7":"product_cat-brand","8":"product_cat-pipetten","9":"product_shipping_class-standard","11":"first","12":"instock","13":"taxable","14":"shipping-taxable","15":"purchasable","16":"product-type-simple"},"tiered_pricing_type":"fixed","tiered_pricing_fixed_rules":[],"tiered_pricing_product_settings":{"layout":"default","base_unit_name":{"singular":null,"plural":null},"default_variation":null},"tiered_pricing_minimum_quantity":null,"tiered_pricing_roles_data":[],"tiered_pricing_percentage_rules":[],"_links":{"self":[{"href":"https:\/\/lt-laborhandel.de\/en\/wp-json\/wp\/v2\/product\/9072","targetHints":{"allow":["GET"]}}],"collection":[{"href":"https:\/\/lt-laborhandel.de\/en\/wp-json\/wp\/v2\/product"}],"about":[{"href":"https:\/\/lt-laborhandel.de\/en\/wp-json\/wp\/v2\/types\/product"}],"wp:featuredmedia":[{"embeddable":true,"href":"https:\/\/lt-laborhandel.de\/en\/wp-json\/wp\/v2\/media\/9011"}],"wp:attachment":[{"href":"https:\/\/lt-laborhandel.de\/en\/wp-json\/wp\/v2\/media?parent=9072"}],"wp:term":[{"taxonomy":"product_brand","embeddable":true,"href":"https:\/\/lt-laborhandel.de\/en\/wp-json\/wp\/v2\/product_brand?post=9072"},{"taxonomy":"product_cat","embeddable":true,"href":"https:\/\/lt-laborhandel.de\/en\/wp-json\/wp\/v2\/product_cat?post=9072"},{"taxonomy":"product_tag","embeddable":true,"href":"https:\/\/lt-laborhandel.de\/en\/wp-json\/wp\/v2\/product_tag?post=9072"}],"curies":[{"name":"wp","href":"https:\/\/api.w.org\/{rel}","templated":true}]}}