{"id":8721,"date":"2022-02-24T14:51:56","date_gmt":"2022-02-24T13:51:56","guid":{"rendered":"https:\/\/lt-laborhandel.de\/produkt\/brand-flaschenaufsatz-dispenser-dispensette-s-fix-de-m-10-ml-ohne-rdv-4600241\/"},"modified":"2026-01-09T21:20:07","modified_gmt":"2026-01-09T20:20:07","slug":"brand-flaschenaufsatz-dispenser-dispensette-s-fix-de-m-10-ml-ohne-rdv-4600241","status":"publish","type":"product","link":"https:\/\/lt-laborhandel.de\/en\/produkt\/brand-flaschenaufsatz-dispenser-dispensette-s-fix-de-m-10-ml-ohne-rdv-4600241\/","title":{"rendered":"Brand Flaschenaufsatz-Dispenser, Dispensette\u00ae S, Fix, DE-M, 10 ml, mit RDV, #4600241"},"content":{"rendered":"<p> Egal ob organische L\u00f6sungsmittel, S\u00e4uren, Laugen oder Salzl\u00f6sungen \u2013 mit dem Flaschenaufsatz-DispenserDispensette\u00ae S dosieren Sie einfach, effizient und sicher.Mit den beiden Modellen Dispensette\u00ae S und Dispensette\u00ae S Organic steht Ihnen f\u00fcr ein breites Spektrum von Medien der passende Dispenser zur Verf\u00fcgung. F\u00fcr die effiziente Volumeneinstellung haben Sie die Wahl zwischen digitaler und analoger Verstellung oder Fixvolumen. Dosieren von langen Serien, Sterilanwendungen oder feuchtigkeitsempfindlichen Medien? Auch f\u00fcr besondere Anwendungen bietet die Dispensette\u00ae S mit vielen Zubeh\u00f6r-Optionen effiziente L\u00f6sungen.<br \/>\nDispensette\u00ae S (Farbcode rot): Ideal zum Dosieren aggressiver Reagenzien, z.B. konzentrierte Laugen und S\u00e4uren wie HPO4, H2SO4 (au\u00dfer z.B. HCl, HNO3 und HF), Salzl\u00f6sungen sowie einer Vielzahl von organischen L\u00f6sungsmitteln.    Ausf\u00fchrung Digital: Besonders leicht ablesbare digitale Anzeige. Das gew\u00e4hlte Dosiervolumen ist exakt und reproduzierbar einstellbar. Easy Calibration Technik f\u00fcr sekundenschnelles Justieren ohne Werkzeug. Automatische Kennzeichnung bei Ver\u00e4nderung der Werkseinstellung.<\/p>\n<p>Lieferumfang:<br \/>\nFlaschenaufsatz-Dispenser Dispensette\u00ae S, f\u00fcr GL 45-Gewindeflaschen, DE-M gekennzeichnet, mit Qualit\u00e4tszertifikat, Teleskop-Ansaugrohr, R\u00fcckdosierrohr (optional), Montageschl\u00fcssel und Polypropylen-Flaschenadapter (Nennvolumen 1, 2, 5, 10ml: GL 24-25, GL 28-S28, GL 32-33, GL 38, S 40 ; Nennvolumen 25, 50, 100ml: GL 32-33, GL 38, S 40)<\/p>\n<p>&#8211; https:\/\/youtu.be\/GzpO7WPlixw<\/p>\n<p>&#8211; https:\/\/youtu.be\/VKPH3Y6_z4Y<\/p>\n","protected":false},"excerpt":{"rendered":"<p><b>Zubeh\u00f6r- und Ersatzteile erhalten Sie gerne auf Anfrage!<\/b><\/p>\n","protected":false},"featured_media":8646,"template":"","meta":[],"product_brand":[369],"product_cat":[368,164],"product_tag":[],"class_list":{"0":"post-8721","1":"product","2":"type-product","3":"status-publish","4":"has-post-thumbnail","6":"product_brand-brand","7":"product_cat-brand","8":"product_cat-flaschenaufsatz-dispenser","9":"product_shipping_class-standard","11":"first","12":"instock","13":"taxable","14":"shipping-taxable","15":"purchasable","16":"product-type-simple"},"tiered_pricing_type":"fixed","tiered_pricing_fixed_rules":[],"tiered_pricing_product_settings":{"layout":"default","base_unit_name":{"singular":null,"plural":null},"default_variation":null},"tiered_pricing_minimum_quantity":null,"tiered_pricing_roles_data":[],"tiered_pricing_percentage_rules":[],"_links":{"self":[{"href":"https:\/\/lt-laborhandel.de\/en\/wp-json\/wp\/v2\/product\/8721","targetHints":{"allow":["GET"]}}],"collection":[{"href":"https:\/\/lt-laborhandel.de\/en\/wp-json\/wp\/v2\/product"}],"about":[{"href":"https:\/\/lt-laborhandel.de\/en\/wp-json\/wp\/v2\/types\/product"}],"wp:featuredmedia":[{"embeddable":true,"href":"https:\/\/lt-laborhandel.de\/en\/wp-json\/wp\/v2\/media\/8646"}],"wp:attachment":[{"href":"https:\/\/lt-laborhandel.de\/en\/wp-json\/wp\/v2\/media?parent=8721"}],"wp:term":[{"taxonomy":"product_brand","embeddable":true,"href":"https:\/\/lt-laborhandel.de\/en\/wp-json\/wp\/v2\/product_brand?post=8721"},{"taxonomy":"product_cat","embeddable":true,"href":"https:\/\/lt-laborhandel.de\/en\/wp-json\/wp\/v2\/product_cat?post=8721"},{"taxonomy":"product_tag","embeddable":true,"href":"https:\/\/lt-laborhandel.de\/en\/wp-json\/wp\/v2\/product_tag?post=8721"}],"curies":[{"name":"wp","href":"https:\/\/api.w.org\/{rel}","templated":true}]}}