{"id":8009,"date":"2022-01-20T16:24:01","date_gmt":"2022-01-20T15:24:01","guid":{"rendered":"https:\/\/lt-laborhandel.de\/?post_type=product&#038;p=8009"},"modified":"2026-02-11T19:33:02","modified_gmt":"2026-02-11T18:33:02","slug":"durchlichtmikroskop-kern-obn-159","status":"publish","type":"product","link":"https:\/\/lt-laborhandel.de\/en\/produkt\/durchlichtmikroskop-kern-obn-159\/","title":{"rendered":"KERN OBN 159 Durchlichtmikroskop, Trinokular, 3W LED, Infinity Plan"},"content":{"rendered":"<h3 data-path-to-node=\"13\">KERN OBN 159: Professionelle Mikroskopie mit Infinity-Optik und LED<\/h3>\n<p id=\"p-rc_aaa32db8c08a6d22-151\" data-path-to-node=\"14\"><span class=\"citation-264\">Das <\/span><b data-path-to-node=\"14\" data-index-in-node=\"4\"><span class=\"citation-264\">KERN OBN 159<\/span><\/b><span class=\"citation-264\"> (MPN OBN 159) ist ein vollausgestattetes Labormikroskop der <\/span><b data-path-to-node=\"14\" data-index-in-node=\"77\"><span class=\"citation-264\">Professional Line<\/span><\/b><span class=\"citation-264 citation-end-264\">, das keine W\u00fcnsche offen l\u00e4sst.<\/span> Es wurde f\u00fcr anspruchsvolle Routineanwendungen in der Zytologie, H\u00e4matologie, Pathologie sowie f\u00fcr die Wasseranalyse entwickelt. <span class=\"citation-263\">Das herausragende Merkmal dieses Modells ist die Kombination aus exzellenter <\/span><b data-path-to-node=\"14\" data-index-in-node=\"333\"><span class=\"citation-263\">Unendlich-Optik (Infinity)<\/span><\/b><span class=\"citation-263\"> und einer ultra-modernen, leistungsstarken <\/span><b data-path-to-node=\"14\" data-index-in-node=\"403\"><span class=\"citation-263\">3W LED-Beleuchtung<\/span><\/b><span class=\"citation-263 citation-end-263\">.<\/span> Diese sorgt nicht nur f\u00fcr ein brillantes, wei\u00dfes Licht ohne Hitzeentwicklung, sondern garantiert auch eine extrem lange Lebensdauer der Lichtquelle.<\/p>\n<h3 data-path-to-node=\"15\">Infinity-Optik f\u00fcr gestochen scharfe Bilder<\/h3>\n<p id=\"p-rc_aaa32db8c08a6d22-152\" data-path-to-node=\"16\"><span class=\"citation-262 citation-end-262\">Das optische System ist auf &#8220;Unendlich&#8221; korrigiert.<\/span> Dies eliminiert Abbildungsfehler und liefert \u00fcber das gesamte Sichtfeld (Field of View 20 mm) ein planes, kontrastreiches Bild. Der <b data-path-to-node=\"16\" data-index-in-node=\"184\">5-fach Objektivrevolver<\/b> ist bereits mit f\u00fcnf hochwertigen <b data-path-to-node=\"16\" data-index-in-node=\"242\">Plan-achromatischen Infinity-Objektiven<\/b> best\u00fcckt (4x, 10x, 20x, 40x, 100x-Oil). Dank der r\u00fcckw\u00e4rts geneigten Bauweise haben Sie jederzeit freien Zugriff auf den Objekttisch und Ihre Pr\u00e4parate.<\/p>\n<h3 data-path-to-node=\"17\">Perfekte Ausleuchtung dank K\u00f6hler<\/h3>\n<p data-path-to-node=\"18\">F\u00fcr optimale Kontraste und Aufl\u00f6sung verf\u00fcgt das OBN 159 \u00fcber eine <b data-path-to-node=\"18\" data-index-in-node=\"67\">vollst\u00e4ndige K\u00f6hlersche Beleuchtung<\/b>.<\/p>\n<ul>\n<li data-path-to-node=\"19,0,0\"><b data-path-to-node=\"19,0,0\" data-index-in-node=\"0\">Leuchtfeldblende:<\/b> Fest in den Standfu\u00df integriert und zentrierbar.<\/li>\n<li id=\"p-rc_aaa32db8c08a6d22-153\" data-path-to-node=\"19,1,0\"><b data-path-to-node=\"19,1,0\" data-index-in-node=\"0\">Abbe-Kondensor:<\/b><span class=\"citation-261 citation-end-261\"> N.A. 1,25, h\u00f6henverstellbar, zentrierbar und mit Aperturblende ausgestattet.<\/span><\/li>\n<li id=\"p-rc_aaa32db8c08a6d22-153\" data-path-to-node=\"19,1,0\">Dies erm\u00f6glicht Ihnen, den Lichtstrahl exakt auf die optische Achse und die numerische Apertur des Objektivs abzustimmen \u2013 die Voraussetzung f\u00fcr professionelle Mikroskopie auf h\u00f6chstem Niveau.<\/li>\n<\/ul>\n<h3 data-path-to-node=\"20\">Ergonomie und Dokumentation<\/h3>\n<p id=\"p-rc_aaa32db8c08a6d22-154\" data-path-to-node=\"21\"><span class=\"citation-260\">Der <\/span><b data-path-to-node=\"21\" data-index-in-node=\"4\"><span class=\"citation-260\">trinokulare Tubus<\/span><\/b><span class=\"citation-260 citation-end-260\"> (Siedentopf-Typ) erm\u00f6glicht erm\u00fcdungsfreies Arbeiten durch einen 30\u00b0 Einblickwinkel und beidseitigen Dioptrienausgleich.<\/span> \u00dcber den dritten Strahlengang (Trinokular-Ausgang) k\u00f6nnen Sie dauerhaft eine Mikroskop-Kamera (C-Mount) anschlie\u00dfen, um Ihre Befunde zu dokumentieren oder live auf einem Monitor zu pr\u00e4sentieren. Der gro\u00dfe mechanische Kreuztisch ist so dimensioniert, dass er <b data-path-to-node=\"21\" data-index-in-node=\"401\">zwei Objekttr\u00e4ger gleichzeitig<\/b> aufnehmen kann, was den schnellen Vergleich von Proben erleichtert.<\/p>\n<h3 data-path-to-node=\"22\">Anwendungsbereiche<\/h3>\n<ul>\n<li id=\"p-rc_aaa32db8c08a6d22-155\" data-path-to-node=\"23,0,0\"><b data-path-to-node=\"23,0,0\" data-index-in-node=\"0\"><span class=\"citation-259\">Medizin:<\/span><\/b><span class=\"citation-259 citation-end-259\"> Urologie, Dermatologie, Pathologie.<\/span><\/li>\n<li id=\"p-rc_aaa32db8c08a6d22-156\" data-path-to-node=\"23,1,0\"><b data-path-to-node=\"23,1,0\" data-index-in-node=\"0\">Biologie:<\/b><span class=\"citation-258 citation-end-258\"> Mikrobiologie, Parasitologie.<\/span><\/li>\n<li id=\"p-rc_aaa32db8c08a6d22-157\" data-path-to-node=\"23,2,0\"><b data-path-to-node=\"23,2,0\" data-index-in-node=\"0\"><span class=\"citation-257\">Umwelt:<\/span><\/b><span class=\"citation-257 citation-end-257\"> Kl\u00e4ranlagen (Belebtschlamm), Wasseranalyse.<\/span><\/li>\n<li data-path-to-node=\"23,3,0\"><b data-path-to-node=\"23,3,0\" data-index-in-node=\"0\">Labor:<\/b> Qualit\u00e4tssicherung und Ausbildung.<\/li>\n<\/ul>\n<h3 data-path-to-node=\"24\">Technische Daten<\/h3>\n<ul>\n<li id=\"p-rc_aaa32db8c08a6d22-158\" data-path-to-node=\"25,0,0\"><span class=\"citation-256\">Modell:<\/span><span class=\"citation-256 citation-end-256\"> OBN 159<\/span><\/li>\n<li id=\"p-rc_aaa32db8c08a6d22-159\" data-path-to-node=\"25,1,0\"><span class=\"citation-255\">Optisches System:<\/span><span class=\"citation-255 citation-end-255\"> Infinity (Unendlich)<\/span><\/li>\n<li id=\"p-rc_aaa32db8c08a6d22-160\" data-path-to-node=\"25,2,0\"><span class=\"citation-254\">Tubus:<\/span><span class=\"citation-254 citation-end-254\"> Trinokular (Siedentopf), 30\u00b0 geneigt, 360\u00b0 drehbar<\/span><\/li>\n<li data-path-to-node=\"25,3,0\">Strahlenteilung: 100:0 \/ 0:100 (Visuell \/ Kamera)<\/li>\n<li id=\"p-rc_aaa32db8c08a6d22-161\" data-path-to-node=\"25,4,0\">Okulare:<span class=\"citation-253 citation-end-253\"> HWF 10x \/ <\/span><span class=\"math-inline\" data-math=\"\\varnothing\" data-index-in-node=\"19\">$\\varnothing$<\/span><span class=\"citation-252 citation-end-252\"> 20 mm (High Eye Point, Brillentr\u00e4ger-geeignet)<\/span><\/li>\n<li data-path-to-node=\"25,5,0\">Objektive: Plan achromatisch, Infinity (4x, 10x, 20x, 40x, 100x Oil)<\/li>\n<li id=\"p-rc_aaa32db8c08a6d22-162\" data-path-to-node=\"25,6,0\"><span class=\"citation-251\">Objektivrevolver:<\/span><span class=\"citation-251 citation-end-251\"> 5-fach<\/span><\/li>\n<li id=\"p-rc_aaa32db8c08a6d22-163\" data-path-to-node=\"25,7,0\">Beleuchtung:<span class=\"citation-250 citation-end-250\"> 3W LED (Durchlicht, regelbar)<\/span><\/li>\n<li data-path-to-node=\"25,8,0\">Beleuchtungsart: K\u00f6hler (Leuchtfeldblende &amp; Kondensor)<\/li>\n<li data-path-to-node=\"25,9,0\">Kondensor: Abbe N.A. 1,25 (zentrierbar, h\u00f6henverstellbar)<\/li>\n<li data-path-to-node=\"25,10,0\">Objekttisch: Mechanisch, 175 x 145 mm, f\u00fcr 2 Objekttr\u00e4ger<\/li>\n<li id=\"p-rc_aaa32db8c08a6d22-164\" data-path-to-node=\"25,11,0\"><span class=\"citation-249\">Abmessungen (B x T x H):<\/span><span class=\"citation-249 citation-end-249\"> ca. 390 x 200 x 400 mm<\/span><\/li>\n<li data-path-to-node=\"25,12,0\">Gewicht: ca. 9 kg<\/li>\n<li id=\"p-rc_aaa32db8c08a6d22-165\" data-path-to-node=\"25,13,0\"><span class=\"citation-248\">Netzteil:<\/span><span class=\"citation-248 citation-end-248\"> Intern<\/span><\/li>\n<\/ul>\n<h3 data-path-to-node=\"26\">Lieferumfang<\/h3>\n<ul>\n<li id=\"p-rc_aaa32db8c08a6d22-166\" data-path-to-node=\"27,0,0\"><span class=\"citation-247 citation-end-247\">1 x KERN OBN 159 Mikroskop (Trinokular)<\/span><\/li>\n<li id=\"p-rc_aaa32db8c08a6d22-167\" data-path-to-node=\"27,1,0\"><span class=\"citation-246 citation-end-246\">5 x Objektive (Plan Infinity: 4x, 10x, 20x, 40x, 100x)<\/span><\/li>\n<li data-path-to-node=\"27,2,0\">2 x Okulare (HWF 10x\/20mm)<\/li>\n<li data-path-to-node=\"27,3,0\">1 x Augenmuscheln<\/li>\n<li data-path-to-node=\"27,4,0\">1 x Staubschutzhaube<\/li>\n<li data-path-to-node=\"27,5,0\">1 x Blaufilter &amp; Gr\u00fcnfilter<\/li>\n<li data-path-to-node=\"27,6,0\">1 x Immersions\u00f6l<\/li>\n<li data-path-to-node=\"27,7,0\">1 x Netzkabel<\/li>\n<li id=\"p-rc_aaa32db8c08a6d22-168\" data-path-to-node=\"27,8,0\"><span class=\"citation-245 citation-end-245\">1 x Betriebsanleitung<\/span><\/li>\n<\/ul>\n<p data-path-to-node=\"27,9,0\"><i data-path-to-node=\"27,9,0\" data-index-in-node=\"0\">(Hinweis: C-Mount Adapter f\u00fcr Kameras ist nicht im Lieferumfang enthalten!)<\/i><\/p>\n<h3 data-path-to-node=\"28\">Individueller Bedarf &amp; Zubeh\u00f6r<\/h3>\n<p id=\"p-rc_aaa32db8c08a6d22-169\" data-path-to-node=\"29\"><span class=\"citation-244 citation-end-244\">Das OBN 159 ist ein modulares System.<\/span> Ben\u00f6tigen Sie eine Phasenkontrast-Einrichtung (einfacher Schieber oder kompletter Kondensor) oder eine Dunkelfeld-Einheit? Auch Polarisations-Einheiten sind nachr\u00fcstbar. Kontaktieren Sie unseren <a class=\"ng-star-inserted\" href=\"https:\/\/lt-laborhandel.de\/service\" target=\"_blank\" rel=\"noopener\">Beschaffungsservice<\/a>.<\/p>\n","protected":false},"excerpt":{"rendered":"<ul>\n<li data-path-to-node=\"38,0,0\">Professional Line Durchlichtmikroskop<\/li>\n<li data-path-to-node=\"38,1,0\"><span class=\"citation-243\">Optik:<\/span><span class=\"citation-243 citation-end-243\"> Infinity Plan (5 Objektive inkl.)<\/span><\/li>\n<li data-path-to-node=\"38,2,0\">Beleuchtung:<span class=\"citation-242 citation-end-242\"> 3W LED (K\u00f6hler, langlebig)<\/span><\/li>\n<li data-path-to-node=\"38,3,0\"><span class=\"citation-241\">Tubus:<\/span><span class=\"citation-241 citation-end-241\"> Trinokular (f\u00fcr Kamera-Anschluss)<\/span><\/li>\n<li data-path-to-node=\"38,4,0\">Gro\u00dfer Kreuztisch f\u00fcr 2 Objekttr\u00e4ger<\/li>\n<li data-path-to-node=\"38,5,0\">Ideal f\u00fcr Labor, Klinik &amp; Ausbildung<\/li>\n<li id=\"p-rc_aaa32db8c08a6d22-173\" data-path-to-node=\"38,6,0\"><span class=\"citation-240 citation-end-240\">Herstellernummer (MPN): OBN 159<\/span><\/li>\n<\/ul>\n","protected":false},"featured_media":24493,"template":"","meta":[],"product_brand":[360],"product_cat":[330,165],"product_tag":[],"class_list":{"0":"post-8009","1":"product","2":"type-product","3":"status-publish","4":"has-post-thumbnail","6":"product_brand-kern","7":"product_cat-kern","8":"product_cat-mikroskope","9":"product_shipping_class-standard","11":"first","12":"instock","13":"sale","14":"taxable","15":"shipping-taxable","16":"purchasable","17":"product-type-simple"},"tiered_pricing_type":"fixed","tiered_pricing_fixed_rules":[],"tiered_pricing_product_settings":{"layout":"default","base_unit_name":{"singular":null,"plural":null},"default_variation":null},"tiered_pricing_minimum_quantity":null,"tiered_pricing_roles_data":[],"tiered_pricing_percentage_rules":[],"_links":{"self":[{"href":"https:\/\/lt-laborhandel.de\/en\/wp-json\/wp\/v2\/product\/8009","targetHints":{"allow":["GET"]}}],"collection":[{"href":"https:\/\/lt-laborhandel.de\/en\/wp-json\/wp\/v2\/product"}],"about":[{"href":"https:\/\/lt-laborhandel.de\/en\/wp-json\/wp\/v2\/types\/product"}],"wp:featuredmedia":[{"embeddable":true,"href":"https:\/\/lt-laborhandel.de\/en\/wp-json\/wp\/v2\/media\/24493"}],"wp:attachment":[{"href":"https:\/\/lt-laborhandel.de\/en\/wp-json\/wp\/v2\/media?parent=8009"}],"wp:term":[{"taxonomy":"product_brand","embeddable":true,"href":"https:\/\/lt-laborhandel.de\/en\/wp-json\/wp\/v2\/product_brand?post=8009"},{"taxonomy":"product_cat","embeddable":true,"href":"https:\/\/lt-laborhandel.de\/en\/wp-json\/wp\/v2\/product_cat?post=8009"},{"taxonomy":"product_tag","embeddable":true,"href":"https:\/\/lt-laborhandel.de\/en\/wp-json\/wp\/v2\/product_tag?post=8009"}],"curies":[{"name":"wp","href":"https:\/\/api.w.org\/{rel}","templated":true}]}}