{"id":7931,"date":"2022-01-20T16:23:29","date_gmt":"2022-01-20T15:23:29","guid":{"rendered":"https:\/\/lt-laborhandel.de\/?post_type=product&#038;p=7931"},"modified":"2026-03-09T16:58:46","modified_gmt":"2026-03-09T15:58:46","slug":"feuchtebestimmer-kern-dab-200-2ir","status":"publish","type":"product","link":"https:\/\/lt-laborhandel.de\/en\/produkt\/feuchtebestimmer-kern-dab-200-2ir\/","title":{"rendered":"KERN DAB 200-2IR Infrarot-Feuchtebestimmer, 200 g \/ 0,01 g (0,05 %)"},"content":{"rendered":"<h3 data-path-to-node=\"13\">Sanfte Trocknung f\u00fcr sensible Proben: KERN DAB 200-2IR Feuchtebestimmer<\/h3>\n<p id=\"p-rc_8bf1cf289ce532d2-173\" data-path-to-node=\"14\">Der <b data-path-to-node=\"14\" data-index-in-node=\"4\">KERN DAB 200-2IR<\/b> (MPN DAB 200-2IR) ist die Spezialversion des beliebten KERN DAB Feuchtebestimmers. <span class=\"citation-274\">W\u00e4hrend Halogenstrahler auf maximale Geschwindigkeit setzen, ist dieses Modell mit einem <\/span><b data-path-to-node=\"14\" data-index-in-node=\"193\"><span class=\"citation-274\">400 Watt Infrarot-Strahler<\/span><\/b><span class=\"citation-274 citation-end-274\"> ausgestattet.<\/span> Diese Technologie bietet entscheidende Vorteile bei der Analyse von temperaturempfindlichen, stark farbigen oder zuckerhaltigen Materialien. <span class=\"citation-273\">Zudem bietet das Ger\u00e4t einen ungew\u00f6hnlich gro\u00dfen W\u00e4gebereich von <\/span><b data-path-to-node=\"14\" data-index-in-node=\"440\"><span class=\"citation-273\">200 g<\/span><\/b><span class=\"citation-273 citation-end-273\">, was die Analyse von volumin\u00f6sen oder heterogenen Proben deutlich erleichtert.<\/span><\/p>\n<h3 data-path-to-node=\"15\">Warum Infrarot-Technologie?<\/h3>\n<p data-path-to-node=\"16\">Ein Infrarot-Strahler erw\u00e4rmt die Probe gleichm\u00e4\u00dfiger und sanfter als ein aggressiver Halogenstrahler.<\/p>\n<ul>\n<li data-path-to-node=\"17,0,0\"><b data-path-to-node=\"17,0,0\" data-index-in-node=\"0\">Kein Verbrennen:<\/b> Dunkle Proben (die Licht stark absorbieren) neigen unter Halogen dazu, an der Oberfl\u00e4che zu verbrennen, bevor die Feuchtigkeit im Inneren verdampft ist. Infrarot verhindert dies.<\/li>\n<li data-path-to-node=\"17,1,0\"><b data-path-to-node=\"17,1,0\" data-index-in-node=\"0\">Keine Hautbildung:<\/b> Bei past\u00f6sen oder zuckerhaltigen Proben verhindert die sanfte IR-Strahlung das Bilden einer Kruste (Haut), die das Austreten weiterer Feuchtigkeit blockieren w\u00fcrde.<\/li>\n<li id=\"p-rc_8bf1cf289ce532d2-174\" data-path-to-node=\"17,2,0\"><b data-path-to-node=\"17,2,0\" data-index-in-node=\"0\">Pr\u00e4zise Ergebnisse:<\/b> Die schonende Trocknung garantiert, dass wirklich nur das Wasser verdampft und die Probe sich nicht chemisch zersetzt. <span class=\"citation-272\">Die Ablesbarkeit liegt bei <\/span><b data-path-to-node=\"17,2,0\" data-index-in-node=\"166\"><span class=\"citation-272\">0,01 g \/ 0,05 % Feuchte<\/span><\/b><span class=\"citation-272 citation-end-272\">.<\/span><\/li>\n<\/ul>\n<h3 data-path-to-node=\"18\">Volle Kontrolle \u00fcber das Grafik-Display<\/h3>\n<p id=\"p-rc_8bf1cf289ce532d2-175\" data-path-to-node=\"19\"><span class=\"citation-271 citation-end-271\">Das gro\u00dfe, hinterleuchtete Grafik-LCD f\u00fchrt Sie intuitiv durch den Messprozess.<\/span> Sie haben jederzeit alle wichtigen Werte im Blick:<\/p>\n<ol>\n<li data-path-to-node=\"20,0,0\">Aktueller Feuchtegehalt in %<\/li>\n<li data-path-to-node=\"20,1,0\">Aktuelle Temperatur<\/li>\n<li data-path-to-node=\"20,2,0\">Bisherige Trocknungszeit<\/li>\n<li data-path-to-node=\"20,3,0\">Aktives Trocknungsprogramm<\/li>\n<li data-path-to-node=\"20,4,0\">Live-Einblendung der Trocknungskurve<\/li>\n<\/ol>\n<h3 data-path-to-node=\"21\">Routinemessungen leicht gemacht<\/h3>\n<p data-path-to-node=\"22\">Der KERN DAB 200-2IR nimmt Ihnen im Laboralltag viel Arbeit ab:<\/p>\n<ul>\n<li data-path-to-node=\"23,0,0\"><b data-path-to-node=\"23,0,0\" data-index-in-node=\"0\">Abschaltkriterien:<\/b> Das Ger\u00e4t erkennt automatisch, wenn das Gewicht konstant bleibt (Gewichtsstopp) und beendet die Messung. Alternativ k\u00f6nnen Sie zeitgesteuert (z.B. 20 Minuten) oder manuell abschalten.<\/li>\n<li data-path-to-node=\"23,1,0\"><b data-path-to-node=\"23,1,0\" data-index-in-node=\"0\">Programmspeicher:<\/b> Sie k\u00f6nnen bis zu <b data-path-to-node=\"23,1,0\" data-index-in-node=\"36\">15 komplette Trocknungsprofile<\/b> (inkl. Temperatur und Abschaltkriterium) speichern.<\/li>\n<li data-path-to-node=\"23,2,0\"><b data-path-to-node=\"23,2,0\" data-index-in-node=\"0\">Temperaturprofil:<\/b> Einstellbar von <b data-path-to-node=\"23,2,0\" data-index-in-node=\"34\">40 \u00b0C bis 199 \u00b0C<\/b> in feinen 1 \u00b0C-Schritten.<\/li>\n<\/ul>\n<h3 data-path-to-node=\"24\">Technische Daten<\/h3>\n<ul>\n<li id=\"p-rc_8bf1cf289ce532d2-176\" data-path-to-node=\"25,0,0\"><span class=\"citation-270\">Modell:<\/span><span class=\"citation-270 citation-end-270\"> DAB 200-2IR<\/span><\/li>\n<li data-path-to-node=\"25,1,0\">W\u00e4gebereich (Max): 200 g<\/li>\n<li data-path-to-node=\"25,2,0\">Ablesbarkeit (Gewicht \/ Feuchte): 0,01 g \/ 0,05 %<\/li>\n<li data-path-to-node=\"25,3,0\">Reproduzierbarkeit (Einwaage 2 g): 1,5 %<\/li>\n<li data-path-to-node=\"25,4,0\">Reproduzierbarkeit (Einwaage 10 g): 0,3 %<\/li>\n<li id=\"p-rc_8bf1cf289ce532d2-177\" data-path-to-node=\"25,5,0\">Heiztechnologie:<span class=\"citation-269 citation-end-269\"> Infrarot-Strahler (400 W)<\/span><\/li>\n<li data-path-to-node=\"25,6,0\">Temperaturbereich: +40 \u00b0C bis +199 \u00b0C (in 1 \u00b0C Schritten)<\/li>\n<li data-path-to-node=\"25,7,0\">Anzeigemodi: Feuchte (%), Trockenmasse (%), ATRO (%), Restgewicht (g)<\/li>\n<li data-path-to-node=\"25,8,0\">Programmspeicher: 15 Trocknungsprogramme<\/li>\n<li data-path-to-node=\"25,9,0\">Probenschalen: <span class=\"math-inline\" data-math=\"\\varnothing\" data-index-in-node=\"15\">$\\varnothing$<\/span> 90 mm<\/li>\n<li id=\"p-rc_8bf1cf289ce532d2-178\" data-path-to-node=\"25,10,0\"><span class=\"citation-268\">Schnittstelle:<\/span><span class=\"citation-268 citation-end-268\"> RS-232 f\u00fcr PC\/Drucker-Anbindung<\/span><\/li>\n<li data-path-to-node=\"25,11,0\">Abmessungen (B x T x H): 240 x 365 x 180 mm<\/li>\n<li data-path-to-node=\"25,12,0\">Gewicht: ca. 4,8 kg<\/li>\n<\/ul>\n<h3 data-path-to-node=\"26\">Lieferumfang<\/h3>\n<ul>\n<li data-path-to-node=\"27,0,0\">1 x KERN DAB 200-2IR Infrarot-Feuchtebestimmer<\/li>\n<li id=\"p-rc_8bf1cf289ce532d2-179\" data-path-to-node=\"27,1,0\"><span class=\"citation-267 citation-end-267\">50 x Alu-Probenschalen (<\/span><span class=\"math-inline\" data-math=\"\\varnothing\" data-index-in-node=\"24\">$\\varnothing$<\/span><span class=\"citation-266 citation-end-266\"> 90 mm)<\/span><\/li>\n<li data-path-to-node=\"27,2,0\">1 x Probenentnahmezange<\/li>\n<li id=\"p-rc_8bf1cf289ce532d2-180\" data-path-to-node=\"27,3,0\"><span class=\"citation-265 citation-end-265\">1 x Netzadapter<\/span><\/li>\n<li data-path-to-node=\"27,4,0\">1 x Arbeitsschutzhaube<\/li>\n<li id=\"p-rc_8bf1cf289ce532d2-181\" data-path-to-node=\"27,5,0\"><span class=\"citation-264 citation-end-264\">1 x Betriebsanleitung \/ Applikationshandbuch<\/span><\/li>\n<\/ul>\n<h3 data-path-to-node=\"28\"><b data-path-to-node=\"28\" data-index-in-node=\"0\">Individueller Bedarf &amp; Zubeh\u00f6r<\/b><\/h3>\n<p data-path-to-node=\"29\">Ist Ihre Probe besonders fl\u00fcssig oder spritzt sie beim Erhitzen? Wir empfehlen die Verwendung von <b data-path-to-node=\"29\" data-index-in-node=\"98\">Glasfaser-Rundfiltern<\/b>. Diese verteilen die Fl\u00fcssigkeit optimal \u00fcber die gesamte Fl\u00e4che und beschleunigen die Trocknung massiv. Sichern Sie sich zudem ausreichend Alu-Ersatzschalen f\u00fcr den t\u00e4glichen Bedarf. Kontaktieren Sie unseren <a class=\"ng-star-inserted\" href=\"https:\/\/lt-laborhandel.de\/service\" target=\"_blank\" rel=\"noopener\">Beschaffungsservice<\/a>.<\/p>\n","protected":false},"excerpt":{"rendered":"<ul>\n<li data-path-to-node=\"38,0,0\"><span class=\"citation-262 citation-end-262\">Infrarot-Feuchtebestimmer (400 Watt IR-Strahler)<\/span><\/li>\n<li data-path-to-node=\"38,1,0\">Vorteil: Sanfte Trocknung (Kein Verbrennen\/Keine Hautbildung)<\/li>\n<li data-path-to-node=\"38,2,0\">Gro\u00dfer W\u00e4gebereich: 200 g Kapazit\u00e4t<\/li>\n<li data-path-to-node=\"38,3,0\"><span class=\"citation-261\">Ablesbarkeit:<\/span><span class=\"citation-261 citation-end-261\"> 0,01 g \/ 0,05 % Feuchtigkeit<\/span><\/li>\n<li data-path-to-node=\"38,4,0\">Temperatur in 1 \u00b0C-Schritten: 40 \u00b0C \u2013 199 \u00b0C<\/li>\n<li data-path-to-node=\"38,5,0\"><span class=\"citation-260 citation-end-260\">Grafik-Display f\u00fcr Trocknungskurve<\/span><\/li>\n<li data-path-to-node=\"38,6,0\">15 Programmspeicher f\u00fcr Routineproben<\/li>\n<li data-path-to-node=\"38,7,0\">Herstellernummer (MPN): DAB 200-2IR<\/li>\n<\/ul>\n","protected":false},"featured_media":24874,"template":"","meta":[],"product_brand":[360],"product_cat":[187,330],"product_tag":[],"class_list":{"0":"post-7931","1":"product","2":"type-product","3":"status-publish","4":"has-post-thumbnail","6":"product_brand-kern","7":"product_cat-feuchtebestimmer","8":"product_cat-kern","9":"product_shipping_class-standard","11":"first","12":"instock","13":"sale","14":"taxable","15":"shipping-taxable","16":"purchasable","17":"product-type-simple"},"tiered_pricing_type":"fixed","tiered_pricing_fixed_rules":[],"tiered_pricing_product_settings":{"layout":"default","base_unit_name":{"singular":null,"plural":null},"default_variation":null},"tiered_pricing_minimum_quantity":null,"tiered_pricing_roles_data":[],"tiered_pricing_percentage_rules":[],"_links":{"self":[{"href":"https:\/\/lt-laborhandel.de\/en\/wp-json\/wp\/v2\/product\/7931","targetHints":{"allow":["GET"]}}],"collection":[{"href":"https:\/\/lt-laborhandel.de\/en\/wp-json\/wp\/v2\/product"}],"about":[{"href":"https:\/\/lt-laborhandel.de\/en\/wp-json\/wp\/v2\/types\/product"}],"wp:featuredmedia":[{"embeddable":true,"href":"https:\/\/lt-laborhandel.de\/en\/wp-json\/wp\/v2\/media\/24874"}],"wp:attachment":[{"href":"https:\/\/lt-laborhandel.de\/en\/wp-json\/wp\/v2\/media?parent=7931"}],"wp:term":[{"taxonomy":"product_brand","embeddable":true,"href":"https:\/\/lt-laborhandel.de\/en\/wp-json\/wp\/v2\/product_brand?post=7931"},{"taxonomy":"product_cat","embeddable":true,"href":"https:\/\/lt-laborhandel.de\/en\/wp-json\/wp\/v2\/product_cat?post=7931"},{"taxonomy":"product_tag","embeddable":true,"href":"https:\/\/lt-laborhandel.de\/en\/wp-json\/wp\/v2\/product_tag?post=7931"}],"curies":[{"name":"wp","href":"https:\/\/api.w.org\/{rel}","templated":true}]}}