{"id":7869,"date":"2022-01-20T16:23:03","date_gmt":"2022-01-20T15:23:03","guid":{"rendered":"https:\/\/lt-laborhandel.de\/?post_type=product&#038;p=7869"},"modified":"2026-03-15T10:38:48","modified_gmt":"2026-03-15T09:38:48","slug":"analysenwaage-kern-adj-200-4","status":"publish","type":"product","link":"https:\/\/lt-laborhandel.de\/en\/produkt\/analysenwaage-kern-adj-200-4\/","title":{"rendered":"KERN ADJ 200-4 Analysenwaage, intern justierend, 220 g \/ 0,1 mg"},"content":{"rendered":"<h3 data-path-to-node=\"12\">Der Preisf\u00fchrer mit kompromissloser Pr\u00e4zision: KERN ADJ 200-4 Analysenwaage<\/h3>\n<p id=\"p-rc_8aaff3b0773f2f9c-20\" data-path-to-node=\"13\">Das Wiegen im Sub-Milligramm-Bereich ist f\u00fcr jedes analytische Labor eine t\u00e4gliche, aber fehleranf\u00e4llige Herausforderung. Ein kurzer Luftzug beim \u00d6ffnen der T\u00fcr, die einsetzende morgendliche Sonneneinstrahlung auf den Labortisch oder das Anspringen der Klimaanlage \u2013 schon ver\u00e4ndern sich die Umweltbedingungen so stark, dass hochpr\u00e4zise Messergebnisse verf\u00e4lscht werden k\u00f6nnen. Normale Basis-Waagen m\u00fcssten nun aufwendig manuell mit teuren, externen Pr\u00fcfgewichten neu kalibriert und justiert werden. Mit der <b data-path-to-node=\"13\" data-index-in-node=\"508\">KERN ADJ 200-4 Analysenwaage<\/b> (MPN ADJ 200-4) geh\u00f6rt dieses zeitraubende Problem endg\u00fcltig der Vergangenheit an. <span class=\"citation-72 citation-end-72\">Dieses Modell ist der unangefochtene Preisf\u00fchrer im Sortiment der Analysenwaagen, der seinem Nutzer die luxuri\u00f6se und normenkonforme Funktion einer vollautomatischen, internen Justierung bietet.<\/span> <span class=\"citation-71\">Sie erhalten absolute Spitzenpr\u00e4zision mit einer Ablesbarkeit von <\/span><b data-path-to-node=\"13\" data-index-in-node=\"881\"><span class=\"citation-71\">0,1 mg (entspricht 0,0001 g)<\/span><\/b><span class=\"citation-71\"> bei einem maximalen W\u00e4gebereich von beeindruckenden <\/span><b data-path-to-node=\"13\" data-index-in-node=\"962\"><span class=\"citation-71\">220 g<\/span><\/b><span class=\"citation-71 citation-end-71\">.<\/span><\/p>\n<h3 id=\"p-rc_8aaff3b0773f2f9c-21\" data-path-to-node=\"14\"><span class=\"citation-70 citation-end-70\">Sicherheit durch intelligente Justierautomatik<\/span><\/h3>\n<p id=\"p-rc_8aaff3b0773f2f9c-22\" data-path-to-node=\"15\"><span class=\"citation-69 citation-end-69\">Der gr\u00f6\u00dfte technische und wirtschaftliche Vorteil der KERN ADJ 200-4 ist ihr unsichtbar im Geh\u00e4use integriertes, motorbetriebenes Justiergewicht.<\/span> Die Elektronik der Waage \u00fcberwacht kontinuierlich ihre unmittelbare Umgebung. <span class=\"citation-68\">Sobald die Sensoren eine Temperatur\u00e4nderung von <\/span><b data-path-to-node=\"15\" data-index-in-node=\"272\"><span class=\"citation-68\">\u2265 2 \u00b0C<\/span><\/b><span class=\"citation-68 citation-end-68\"> registrieren, leitet das Ger\u00e4t v\u00f6llig selbstst\u00e4ndig und vollautomatisch einen Justiervorgang ein.<\/span> <span class=\"citation-67\">Doch nicht nur das: Selbst wenn die Temperatur im hochklimatisierten Labor absolut konstant bleibt, justiert sich das Ger\u00e4t zur eigenen Sicherheit zeitgesteuert exakt alle <\/span><b data-path-to-node=\"15\" data-index-in-node=\"549\"><span class=\"citation-67\">3 Stunden<\/span><\/b><span class=\"citation-67 citation-end-67\">.<\/span><\/p>\n<p id=\"p-rc_8aaff3b0773f2f9c-22\" data-path-to-node=\"15\">F\u00fcr Sie als Anwender bedeutet das drei essenzielle Vorteile:<\/p>\n<ul>\n<li id=\"p-rc_8aaff3b0773f2f9c-23\" data-path-to-node=\"16,0,0\"><b data-path-to-node=\"16,0,0\" data-index-in-node=\"0\">Standortunabh\u00e4ngigkeit:<\/b><span class=\"citation-66 citation-end-66\"> Sie k\u00f6nnen die Waage an verschiedenen Orten im Labor einsetzen oder flexibel verschieben, ohne jedes Mal den Pr\u00fcfmittelbeauftragten f\u00fcr eine Neukalibrierung anfordern zu m\u00fcssen.<\/span><\/li>\n<li data-path-to-node=\"16,1,0\"><b data-path-to-node=\"16,1,0\" data-index-in-node=\"0\">GLP\/ISO-Konformit\u00e4t:<\/b> Ihre Messungen sind \u00fcber den gesamten Arbeitstag hinweg garantiert fehlerfrei und k\u00f6nnen bedenkenlos f\u00fcr strenge Audits dokumentiert werden.<\/li>\n<li data-path-to-node=\"16,2,0\"><b data-path-to-node=\"16,2,0\" data-index-in-node=\"0\">Massive Zeitersparnis:<\/b> Der morgendliche Aufwand f\u00fcr das manuelle Aufw\u00e4rmen, Austarieren und Einstellen mit Pinzette und Pr\u00fcfgewicht entf\u00e4llt komplett.<\/li>\n<\/ul>\n<h3 data-path-to-node=\"17\">Gro\u00dfer W\u00e4gebereich trifft auf extreme Aufl\u00f6sung<\/h3>\n<p id=\"p-rc_8aaff3b0773f2f9c-24\" data-path-to-node=\"18\"><span class=\"citation-65 citation-end-65\">Mit einer Kapazit\u00e4t von 220 g hebt sich die Waage angenehm von kleineren Einstiegsmodellen ab.<\/span> Diese hohe Tragkraft ist besonders dann im Alltag entscheidend, wenn Sie schwere Taragef\u00e4\u00dfe \u2013 wie dickwandige Erlenmeyerkolben, volumin\u00f6se Messzylinder oder gro\u00dfe Bechergl\u00e4ser \u2013 verwenden und in diese Gef\u00e4\u00dfe dennoch winzige Probenmengen im Bereich von Zehntelmilligramm exakt einwiegen m\u00fcssen. Die Waage reagiert blitzschnell und liefert dank ihrer fortschrittlichen Kraftkompensationstechnologie innerhalb von typischerweise nur <b data-path-to-node=\"18\" data-index-in-node=\"525\">3 Sekunden<\/b> einen absolut stabilen W\u00e4gewert. Das beschleunigt Routinearbeiten wie die Kalibrierung von Mikropipetten, das punktgenaue Ansetzen von Standardl\u00f6sungen f\u00fcr die HPLC oder die Rezeptur gravimetrischer Mischungen enorm.<\/p>\n<h3 data-path-to-node=\"19\">Ergonomie und Schutz durch durchdachtes Design<\/h3>\n<p id=\"p-rc_8aaff3b0773f2f9c-25\" data-path-to-node=\"20\">Ein Ablesewert von 0,0001 g ist extrem empfindlich gegen\u00fcber den feinsten Luftstr\u00f6mungen. <span class=\"citation-64\">Die KERN ADJ 200-4 ist daher serienm\u00e4\u00dfig mit einem volumin\u00f6sen, sehr gut zug\u00e4nglichen <\/span><b data-path-to-node=\"20\" data-index-in-node=\"176\"><span class=\"citation-64\">Glaswindschutz<\/span><\/b><span class=\"citation-64 citation-end-64\"> ausgestattet.<\/span> <span class=\"citation-63\">Dieser verf\u00fcgt \u00fcber <\/span><b data-path-to-node=\"20\" data-index-in-node=\"225\"><span class=\"citation-63\">drei leichtg\u00e4ngige Schiebet\u00fcren<\/span><\/b><span class=\"citation-63 citation-end-63\"> (links, rechts und oben). Dieses durchdachte Design erm\u00f6glicht Links- wie Rechtsh\u00e4ndern einen gleicherma\u00dfen komfortablen, ergonomischen und zitterfreien Zugang zum W\u00e4gegut.<\/span> Gleichzeitig verhindert das robuste Geh\u00e4use aus Aluguss in Kombination mit antistatischem Kunststoff, dass elektrostatische Aufladungen den hochempfindlichen Sensor st\u00f6ren. Solche Aufladungen entstehen h\u00e4ufig beim Umgang mit pulvrigen Proben oder beim Verwenden von Kunststoffgef\u00e4\u00dfen. <span class=\"citation-62\">Die Bedienung der Waage erfolgt \u00fcber ein logisch aufgebautes, selbsterkl\u00e4rendes Tastenfeld mit lediglich <\/span><b data-path-to-node=\"20\" data-index-in-node=\"820\"><span class=\"citation-62\">6 Tasten<\/span><\/b><span class=\"citation-62 citation-end-62\">, sodass Sie sich nicht durch komplizierte digitale Untermen\u00fcs navigieren m\u00fcssen.<\/span> <span class=\"citation-61 citation-end-61\">Zur exakten horizontalen Ausrichtung verf\u00fcgt das Ger\u00e4t \u00fcber eine gut sichtbare Libelle und griffige, justierbare Fu\u00dfschrauben an der Unterseite.<\/span><\/p>\n<h3 data-path-to-node=\"21\">Konnektivit\u00e4t und l\u00fcckenlose Dokumentation f\u00fcr Ihr QM-System<\/h3>\n<p data-path-to-node=\"22\">In zertifizierten, akkreditierten oder pharmazeutischen Laboren ist die reine Gewichtsmessung nur die halbe Miete; die l\u00fcckenlose, f\u00e4lschungssichere R\u00fcckverfolgbarkeit ist ebenso essenziell. Die Analysenwaage ist f\u00fcr diesen Zweck mit einer standardm\u00e4\u00dfigen <b data-path-to-node=\"22\" data-index-in-node=\"256\">RS-232 Datenschnittstelle<\/b> ausgestattet. \u00dcber diesen Port k\u00f6nnen Sie das Ger\u00e4t problemlos und fehlerfrei mit einem optional erh\u00e4ltlichen KERN Matrix-Etikettendrucker oder einem Ethernet-Adapter verbinden. Dies erm\u00f6glicht den automatischen und normkonformen GLP\/ISO-Protokolldruck inklusive des aktuellen Datums, der genauen Uhrzeit und der spezifischen Waagen-Identifikationsnummer. Dar\u00fcber hinaus \u00fcbernimmt die Waage intelligente Zusatzfunktionen f\u00fcr Sie: Neben der klassischen Bestimmung des Gewichts beherrscht das Modell das prozentuale Wiegen (Feststellen der Abweichung in % von einem definierten Sollwert) sowie das exakte St\u00fcckz\u00e4hlen von extrem leichten Kleinteilen mit w\u00e4hlbarer Referenzst\u00fcckzahl.<\/p>\n<h3>Technische Daten<\/h3>\n<ul>\n<li id=\"p-rc_8aaff3b0773f2f9c-27\" data-path-to-node=\"25,1,0\">W\u00e4gebereich (Max):<span class=\"citation-59 citation-end-59\"> 220 g<\/span><\/li>\n<li id=\"p-rc_8aaff3b0773f2f9c-28\" data-path-to-node=\"25,2,0\"><span class=\"citation-58\">Ablesbarkeit (d):<\/span><span class=\"citation-58 citation-end-58\"> 0,0001 g (0,1 mg)<\/span><\/li>\n<li data-path-to-node=\"25,3,0\">Einschwingzeit: ca. 3 Sekunden<\/li>\n<li data-path-to-node=\"25,4,0\">Mindesteinwaage (USP): 400 mg<\/li>\n<li data-path-to-node=\"25,5,0\">Reproduzierbarkeit: 0,0002 g<\/li>\n<li data-path-to-node=\"25,6,0\">Linearit\u00e4t: \u00b1 0,0004 g<\/li>\n<li id=\"p-rc_8aaff3b0773f2f9c-29\" data-path-to-node=\"25,7,0\"><span class=\"citation-57\">Justiersystem:<\/span><span class=\"citation-57 citation-end-57\"> Intern (Motorgetrieben, automatisch bei \u2265 2 \u00b0C \u00c4nderung oder alle 3 h)<\/span><\/li>\n<li id=\"p-rc_8aaff3b0773f2f9c-30\" data-path-to-node=\"25,8,0\"><span class=\"citation-56\">Durchmesser der W\u00e4geplatte:<\/span><span class=\"citation-56 citation-end-56\"> 90 mm<\/span><\/li>\n<li id=\"p-rc_8aaff3b0773f2f9c-31\" data-path-to-node=\"25,9,0\"><span class=\"citation-55\">Materialien:<\/span><span class=\"citation-55 citation-end-55\"> W\u00e4geplatte aus Edelstahl, Geh\u00e4use aus Aluguss\/Kunststoff, Windschutz aus Glas<\/span><\/li>\n<li data-path-to-node=\"25,10,0\">Schnittstelle: RS-232 serienm\u00e4\u00dfig (f\u00fcr Drucker oder PC)<\/li>\n<li data-path-to-node=\"25,11,0\">Abmessungen Geh\u00e4use (B\u00d7T\u00d7H): 230 \u00d7 310 \u00d7 330 mm<\/li>\n<li id=\"p-rc_8aaff3b0773f2f9c-32\" data-path-to-node=\"25,12,0\"><span class=\"citation-54\">Nettogewicht:<\/span><span class=\"citation-54 citation-end-54\"> ca. 5,0 kg<\/span><\/li>\n<\/ul>\n<h3>Lieferumfang<\/h3>\n<ul>\n<li id=\"p-rc_8aaff3b0773f2f9c-33\" data-path-to-node=\"28,0,0\">1 x KERN ADJ 200-4 Analysenwaage inkl. <span class=\"citation-53 citation-end-53\">3-T\u00fcr-Glaswindschutz<\/span><\/li>\n<li id=\"p-rc_8aaff3b0773f2f9c-34\" data-path-to-node=\"28,1,0\"><span class=\"citation-52 citation-end-52\">1 x Edelstahl-W\u00e4geplatte (\u00d8 90 mm)<\/span><\/li>\n<li id=\"p-rc_8aaff3b0773f2f9c-35\" data-path-to-node=\"28,2,0\"><span class=\"citation-51 citation-end-51\">1 x Universal-Steckernetzteil (inkl.<\/span> <span class=\"citation-50 citation-end-50\">Adapter f\u00fcr EU, GB, USA)<\/span><\/li>\n<li data-path-to-node=\"28,3,0\">1 x Ausf\u00fchrliche Betriebsanleitung in deutscher Sprache<\/li>\n<\/ul>\n<h3>Individueller Bedarf &amp; Zubeh\u00f6r<\/h3>\n<p>Ein wichtiges Detail f\u00fcr Ihr strenges Qualit\u00e4tsmanagement: Auch wenn die Waage sich hochpr\u00e4zise selbst justiert, ersetzt dies nach vielen Normen nicht die regelm\u00e4\u00dfige, zertifizierte externe \u00dcberpr\u00fcfung! Wir empfehlen daher dringend, das Ger\u00e4t direkt ab Werk mit einem <b data-path-to-node=\"30\" data-index-in-node=\"268\">DAkkS-Kalibrierschein<\/b> (ehemals DKD) zu bestellen. Arbeiten Sie oft mit extrem trockenen, elektrostatisch aufgeladenen Pulvern, die am Spatel kleben? Dann ist ein externer KERN Ionisator die perfekte Erg\u00e4nzung, um ein &#8220;Wegfliegen&#8221; der Probe auf dem W\u00e4geteller zu verhindern. Wenden Sie sich jederzeit an unseren kompetenten <a class=\"ng-star-inserted\" href=\"https:\/\/lt-laborhandel.de\/service\/\" target=\"_blank\" rel=\"noopener\">Beschaffungsservice<\/a>, um das optimale Zubeh\u00f6r wie Antivibrationstische, Matrixdrucker oder Kalibrierzertifikate f\u00fcr Ihren speziellen Laborarbeitsplatz zusammenzustellen.<\/p>\n","protected":false},"excerpt":{"rendered":"<ul>\n<li><span class=\"citation-47 citation-end-47\">Preisf\u00fchrer-Analysenwaage mit interner Justierautomatik<\/span><\/li>\n<li><span class=\"citation-46\">Pr\u00e4zision:<\/span><span class=\"citation-46 citation-end-46\"> 0,0001 g (0,1 mg) Ablesbarkeit<\/span><\/li>\n<li><span class=\"citation-45\">W\u00e4gebereich:<\/span><span class=\"citation-45 citation-end-45\"> Bis zu 220 g<\/span><\/li>\n<li><span class=\"citation-44 citation-end-44\">Justiert automatisch bei Temperatur\u00e4nderungen \u2265 2 \u00b0C oder alle 3h<\/span><\/li>\n<li><span class=\"citation-43 citation-end-43\">Gro\u00dfer Glaswindschutz mit 3 Schiebet\u00fcren f\u00fcr optimalen Zugang<\/span><\/li>\n<li><span class=\"citation-42 citation-end-42\">W\u00e4geplatte aus hochwertigem Edelstahl (\u00d8 90 mm)<\/span><\/li>\n<li>Schnittstelle: RS-232 f\u00fcr GLP\/ISO Drucker<\/li>\n<li><span class=\"citation-41 citation-end-41\">Herstellernummer (MPN): ADJ 200-4<\/span><\/li>\n<\/ul>\n","protected":false},"featured_media":25057,"template":"","meta":[],"product_brand":[360],"product_cat":[330,103],"product_tag":[],"class_list":{"0":"post-7869","1":"product","2":"type-product","3":"status-publish","4":"has-post-thumbnail","6":"product_brand-kern","7":"product_cat-kern","8":"product_cat-waagen","9":"product_shipping_class-standard","11":"first","12":"instock","13":"sale","14":"featured","15":"taxable","16":"shipping-taxable","17":"purchasable","18":"product-type-simple"},"tiered_pricing_type":"fixed","tiered_pricing_fixed_rules":[],"tiered_pricing_product_settings":{"layout":"default","base_unit_name":{"singular":null,"plural":null},"default_variation":null},"tiered_pricing_minimum_quantity":null,"tiered_pricing_roles_data":[],"tiered_pricing_percentage_rules":[],"_links":{"self":[{"href":"https:\/\/lt-laborhandel.de\/en\/wp-json\/wp\/v2\/product\/7869","targetHints":{"allow":["GET"]}}],"collection":[{"href":"https:\/\/lt-laborhandel.de\/en\/wp-json\/wp\/v2\/product"}],"about":[{"href":"https:\/\/lt-laborhandel.de\/en\/wp-json\/wp\/v2\/types\/product"}],"wp:featuredmedia":[{"embeddable":true,"href":"https:\/\/lt-laborhandel.de\/en\/wp-json\/wp\/v2\/media\/25057"}],"wp:attachment":[{"href":"https:\/\/lt-laborhandel.de\/en\/wp-json\/wp\/v2\/media?parent=7869"}],"wp:term":[{"taxonomy":"product_brand","embeddable":true,"href":"https:\/\/lt-laborhandel.de\/en\/wp-json\/wp\/v2\/product_brand?post=7869"},{"taxonomy":"product_cat","embeddable":true,"href":"https:\/\/lt-laborhandel.de\/en\/wp-json\/wp\/v2\/product_cat?post=7869"},{"taxonomy":"product_tag","embeddable":true,"href":"https:\/\/lt-laborhandel.de\/en\/wp-json\/wp\/v2\/product_tag?post=7869"}],"curies":[{"name":"wp","href":"https:\/\/api.w.org\/{rel}","templated":true}]}}