{"id":7731,"date":"2022-01-20T16:21:53","date_gmt":"2022-01-20T15:21:53","guid":{"rendered":"https:\/\/lt-laborhandel.de\/?post_type=product&#038;p=7731"},"modified":"2026-01-30T21:00:01","modified_gmt":"2026-01-30T20:00:01","slug":"digitale-refraktometer-kern-orm-1rs","status":"publish","type":"product","link":"https:\/\/lt-laborhandel.de\/en\/produkt\/digitale-refraktometer-kern-orm-1rs\/","title":{"rendered":"KERN Digitales Refraktometer ORM 1RS"},"content":{"rendered":"<p>Digitales Refraktometer ORM 1RS<\/p>\n<p>Produktfamilie: ORM-R<\/p>\n<p>Digitale Brechungsindex-Messung f\u00fcr universelle Anwendungen<\/p>\n<p>Beschreibung<\/p>\n<p>Die Modelle der KERN ORM-Serie sind pr\u00e4zise, universelle und wartungsfreie digitale Handrefraktometer<\/p>\n<p>Sie zeichnen sich durch ihre einfache Handhabung und Robustheit aus<\/p>\n<p>Durch ihre handliche Bauweise sind sie f\u00fcr den bequemen und schnellen Alltagsgebrauch geeignet<\/p>\n<p>Das gro\u00dfe und klar ablesbare Display mit integrierter Temperaturanzeige unterst\u00fctzt den Anwender bei der sicheren Bestimmung des Messwertes<\/p>\n<p>Die integrierte automatische Temperaturkompensation (ATC) erm\u00f6glicht eine einfache und schnelle Arbeitsweise, da keine manuelle Umrechnung des Messergebnisses notwendig ist<\/p>\n<p>Eine schnelle und benutzerfreundliche Kalibrierung des Refraktometers ist jederzeit mit Hilfe von handels\u00fcblichem destilliertem Wasser m\u00f6glich<\/p>\n<p>Die Refraktometer der KERN ORM-Serie sind nach der internationalen Schutzklasse IP65 gegen Staub und Spritzwasser gesch\u00fctzt. Sie k\u00f6nnen das Refraktometer nach Benutzung unter flie\u00dfendem Wasser absp\u00fclen<\/p>\n<p>Mittelwertmessungen m\u00f6glich<\/p>\n<p>Im Lieferumfang enthalten:<\/p>\n<p>&#8211; Prismadeckel<\/p>\n<p>&#8211; Pipette<\/p>\n<p>&#8211; Aufbewahrungsbox<\/p>\n<p>&#8211; 1 \u00d7 AAA-Batterie<\/p>\n<p>&#8211; Betriebsanleitung<\/p>\n<p>Dieses Modell ist besonders geeignet f\u00fcr Basis-Messungen bei denen das Ergebnis in Brix oder Brechungsindex ben\u00f6tigt wird. Sie dienen zur Zuckergehaltsbestimmung in Lebensmitteln oder f\u00fcr die \u00dcberwachung von Prozessen in der Industrie (K\u00fchlschmiermittel\u00fcberwachung, wasserbasierte Gemische). Wahlweise kann das Ergebnis in Brix oder Brechungsindex angezeigt werden.<\/p>\n<p>Hauptanwendungsbereiche:<\/p>\n<p>&#8211; Industrie: Prozess- und Qualit\u00e4tskontrolle, Schmiermittelkontrolle<\/p>\n<p>&#8211; Lebensmittelindustrie: Getr\u00e4nke, Obst, Fr\u00fcchte, S\u00fc\u00dfigkeiten<\/p>\n<p>&#8211; Bestimmung des Reifegrades von Fr\u00fcchten zur Qualit\u00e4tskontrolle bei der Ernte<\/p>\n<p>&#8211; Restaurants und Gro\u00dfk\u00fcchen<\/p>\n<p>Technische Daten<\/p>\n<p>Refraktometer Typ\tHandrefraktometer<\/p>\n<p>Skala &#8211; Anzeigetyp\tDigital<\/p>\n<p>Anwendungsbereich\tBasismessungen f\u00fcr Brix und Brechungsindex<\/p>\n<p>Messmethode\tTotalreflexion<\/p>\n<p>Messtemperatur (\u00b0C)\t0 \u00b0C \u2013 40 \u00b0C<\/p>\n<p>Automatische Temperaturkompensation\t<\/p>\n<p>IP-Schutz &#8211; Komplettger\u00e4t\tIP65<\/p>\n<p>Abmessungen (B\u00d7T\u00d7H)\t121\u00d758\u00d725 mm<\/p>\n<p>Skala Brix\t<\/p>\n<p>Messbereich Brix [Min]\t0 %<\/p>\n<p>Messbereich Brix [Max]\t90 %<\/p>\n<p>Teilung Brix\t0,1 %<\/p>\n<p>Genauigkeit Brix\t\u00b10,2 %<\/p>\n<p>Skala Brechungsindex\t<\/p>\n<p>Teilung Brechungsindex\t0,0001 nD<\/p>\n<p>Messbereich AdBlue\u00ae\t\u2013<\/p>\n<p>GTIN\/EAN-Nummer\t4045761249882<\/p>\n","protected":false},"excerpt":{"rendered":"<p><b>Zubeh\u00f6r- und Ersatzteile erhalten Sie gerne auf Anfrage!<\/b><\/p>\n","protected":false},"featured_media":9706,"template":"","meta":[],"product_brand":[],"product_cat":[330,188],"product_tag":[],"class_list":{"0":"post-7731","1":"product","2":"type-product","3":"status-publish","4":"has-post-thumbnail","6":"product_cat-kern","7":"product_cat-refraktometer","8":"product_shipping_class-standard","10":"first","11":"instock","12":"taxable","13":"shipping-taxable","14":"purchasable","15":"product-type-simple"},"tiered_pricing_type":"fixed","tiered_pricing_fixed_rules":[],"tiered_pricing_product_settings":{"layout":"default","base_unit_name":{"singular":null,"plural":null},"default_variation":null},"tiered_pricing_minimum_quantity":null,"tiered_pricing_roles_data":[],"tiered_pricing_percentage_rules":[],"_links":{"self":[{"href":"https:\/\/lt-laborhandel.de\/en\/wp-json\/wp\/v2\/product\/7731","targetHints":{"allow":["GET"]}}],"collection":[{"href":"https:\/\/lt-laborhandel.de\/en\/wp-json\/wp\/v2\/product"}],"about":[{"href":"https:\/\/lt-laborhandel.de\/en\/wp-json\/wp\/v2\/types\/product"}],"wp:featuredmedia":[{"embeddable":true,"href":"https:\/\/lt-laborhandel.de\/en\/wp-json\/wp\/v2\/media\/9706"}],"wp:attachment":[{"href":"https:\/\/lt-laborhandel.de\/en\/wp-json\/wp\/v2\/media?parent=7731"}],"wp:term":[{"taxonomy":"product_brand","embeddable":true,"href":"https:\/\/lt-laborhandel.de\/en\/wp-json\/wp\/v2\/product_brand?post=7731"},{"taxonomy":"product_cat","embeddable":true,"href":"https:\/\/lt-laborhandel.de\/en\/wp-json\/wp\/v2\/product_cat?post=7731"},{"taxonomy":"product_tag","embeddable":true,"href":"https:\/\/lt-laborhandel.de\/en\/wp-json\/wp\/v2\/product_tag?post=7731"}],"curies":[{"name":"wp","href":"https:\/\/api.w.org\/{rel}","templated":true}]}}