{"id":7730,"date":"2022-01-20T16:21:52","date_gmt":"2022-01-20T15:21:52","guid":{"rendered":"https:\/\/lt-laborhandel.de\/?post_type=product&#038;p=7730"},"modified":"2026-03-15T11:45:56","modified_gmt":"2026-03-15T10:45:56","slug":"digitale-refraktometer-kern-orl-94bs","status":"publish","type":"product","link":"https:\/\/lt-laborhandel.de\/en\/produkt\/digitale-refraktometer-kern-orl-94bs\/","title":{"rendered":"KERN ORL 94BS Digitales Premium-Refraktometer, Brix 0-94 %, nD, IP65"},"content":{"rendered":"<h3 data-path-to-node=\"12\">Der ultimative Standard f\u00fcr die Brechungsindex- und Zuckerbestimmung: Das KERN ORL 94BS Digitale Premium-Refraktometer<\/h3>\n<p data-path-to-node=\"13\">In der modernen, industriellen Qualit\u00e4tskontrolle, der hochkomplexen Lebensmitteltechnologie, der pharmazeutischen Forschung sowie der petrochemischen Industrie ist die sekundenschnelle und absolut fehlerfreie Bestimmung von Stoffkonzentrationen in fl\u00fcssigen Medien ein gesch\u00e4ftskritischer Prozess. Die optische Messung der Lichtbrechung (Refraktometrie) hat sich hierf\u00fcr als die mit Abstand schnellste, eleganteste und materialschonendste Methode weltweit etabliert. Doch wo klassische, analoge Handrefraktometer durch subjektive Ablesefehler, ungenaue Skalenstriche oder schwierige Lichtverh\u00e4ltnisse schnell an ihre analytischen Grenzen sto\u00dfen, definiert das digitale Labor-Refraktometer KERN ORL 94BS (MPN ORL 94BS) die Ma\u00dfst\u00e4be der Pr\u00e4zision v\u00f6llig neu. Als herausragendes Premium-Tischger\u00e4t aus dem Hause KERN &amp; SOHN vereint es eine un\u00fcbertroffene optische Messgenauigkeit mit modernster digitaler Auswertungstechnik und ist die perfekte L\u00f6sung f\u00fcr jedes professionelle Labor, das t\u00e4glich hochpr\u00e4zise, reproduzierbare und normgerechte Messdaten ben\u00f6tigt.<\/p>\n<h3 id=\"p-rc_dc5362d6f647e1fe-192\" data-path-to-node=\"14\"><span class=\"citation-342 citation-end-342\">Ein gigantischer Messbereich: Brix (0 &#8211; 94 %) und Brechungsindex (nD)<\/span><\/h3>\n<p id=\"p-rc_dc5362d6f647e1fe-193\" data-path-to-node=\"15\"><span class=\"citation-341 citation-end-341\">Die Leistungsf\u00e4higkeit des KERN ORL 94BS manifestiert sich in seinem au\u00dfergew\u00f6hnlich weiten und universell einsetzbaren Messbereich.<\/span> <span class=\"citation-340 citation-end-340\">Das Ger\u00e4t ist standardm\u00e4\u00dfig mit zwei der wichtigsten Skalen der Refraktometrie ausgestattet.<\/span> <span class=\"citation-339\">Die <\/span><b data-path-to-node=\"15\" data-index-in-node=\"230\"><span class=\"citation-339\">Brix-Skala<\/span><\/b><span class=\"citation-339 citation-end-339\"> deckt hierbei das gigantische Spektrum von 0 % bis sage und schreibe 94 % ab.<\/span> Diese extreme Bandbreite ist ein massiver technologischer Vorteil. Mit nur einem einzigen Messger\u00e4t k\u00f6nnen Sie sowohl sehr schwach konzentrierte w\u00e4ssrige L\u00f6sungen (wie leichte Fruchts\u00e4fte, isotonische Getr\u00e4nke oder wassermischbare K\u00fchlschmierstoffe in der Industrie) als auch extrem hochkonzentrierte, z\u00e4hfl\u00fcssige Medien wie reinen Honig, dicke Melasse, stark reduzierte Sirupe oder hochges\u00e4ttigte Fruchtmarmeladen hochpr\u00e4zise analysieren. Erg\u00e4nzt wird dies durch die universelle <b data-path-to-node=\"15\" data-index-in-node=\"799\">Brechungsindex-Skala (nD)<\/b>, die den Bereich von 1,3330 bis 1,5290 mit einer atemberaubenden Ablesbarkeit von 0,0001 nD abdeckt. Diese Skala ist unverzichtbar f\u00fcr die Reinheitspr\u00fcfung von chemischen L\u00f6sungsmitteln, wertvollen \u00e4therischen \u00d6len oder komplexen pharmazeutischen Rohstoffen in der Wareneingangskontrolle.<\/p>\n<h3 data-path-to-node=\"16\">Die physikalischen Grundlagen: Premium-Saphirprisma und Edelstahl-Messmulde<\/h3>\n<p id=\"p-rc_dc5362d6f647e1fe-194\" data-path-to-node=\"17\">Das Herzst\u00fcck der Messung bildet das hochsensible und dennoch extrem robuste optische System. Die Messmulde des KERN ORL 94BS, in die das Probenmaterial eingebracht wird, besteht aus hochwertigem, korrosionsbest\u00e4ndigem Edelstahl. Darin eingebettet liegt das eigentliche Messprisma aus ultrahartem Saphirglas. <span class=\"citation-338 citation-end-338\">Im Gegensatz zu einfachen Glasprismen ist Saphir extrem widerstandsf\u00e4hig gegen\u00fcber mechanischen Kratzern und resistent gegen scharfe, \u00e4tzende oder stark s\u00e4urehaltige Chemikalien.<\/span> F\u00fcr eine g\u00fcltige, hochgenaue Messung ben\u00f6tigen Sie lediglich ein bis zwei Tropfen Ihrer wertvollen Probe. Das integrierte LED-Lichtsystem durchleuchtet die Probe von unten, und ein hochaufl\u00f6sender digitaler Sensor analysiert den exakten Winkel der Totalreflexion an der Grenzfl\u00e4che zwischen Prisma und Probe. Das Resultat ist ein rein physikalisch objektiver, digital ermittelter Messwert, der keinerlei Interpretationsspielraum f\u00fcr den Anwender l\u00e4sst.<\/p>\n<h3 data-path-to-node=\"18\">Automatische Temperaturkompensation (ATC): Fehlerquellen konsequent eliminieren<\/h3>\n<p id=\"p-rc_dc5362d6f647e1fe-195\" data-path-to-node=\"19\">Der Brechungsindex einer Fl\u00fcssigkeit ist elementar von ihrer aktuellen Temperatur abh\u00e4ngig. Wenn Sie beispielsweise eine warme Marmeladenprobe direkt aus dem Kochkessel entnehmen und auf das k\u00fchle Prisma des Refraktometers geben, w\u00fcrde das Ergebnis ohne entsprechende physikalische Korrektur massiv verf\u00e4lscht werden. <span class=\"citation-337 citation-end-337\">Das KERN ORL 94BS l\u00f6st dieses Problem durch eine hochintelligente, elektronische Automatische Temperaturkompensation (ATC).<\/span> Pr\u00e4zise Temperatursensoren messen kontinuierlich die W\u00e4rme an der Grenzschicht und verrechnen diese Daten in Echtzeit \u00fcber komplexe interne Algorithmen. Das Ger\u00e4t rechnet den gemessenen Wert vollautomatisch auf die international standardisierte Referenztemperatur von 20 \u00b0C um. F\u00fcr Sie als Anwender bedeutet das: Sie m\u00fcssen keine zeitaufwendigen Umrechnungstabellen mehr bem\u00fchen, keine Temperaturkorrektur-Faktoren im Kopf behalten und k\u00f6nnen selbst Proben mit stark schwankenden Temperaturen unmittelbar und fehlerfrei messen.<\/p>\n<h3 data-path-to-node=\"20\">Das digitale Farb-Display und die intuitive Bedienlogik<\/h3>\n<p data-path-to-node=\"21\">Eine weitere Besonderheit dieses Premium-Tischger\u00e4ts ist das gro\u00dfe, brillante TFT-Farbdisplay. Es zeigt Ihnen nicht nur den eigentlichen Messwert (z.B. den Brix-Wert) in enorm gro\u00dfen, leicht lesbaren Ziffern an, sondern informiert Sie gleichzeitig \u00fcber die aktuell gemessene Probentemperatur, die gew\u00e4hlte Skala und den Ger\u00e4testatus. Diese kristallklare, digitale Darstellung eliminiert den gr\u00f6\u00dften Schwachpunkt der klassischen Refraktometrie: den Parallaxenfehler. Bei optischen Ger\u00e4ten f\u00fchrt ein leicht schr\u00e4ger Blick durch das Okular oder eine schlecht fokussierte Skala unweigerlich zu fehlerhaften Werten. Das KERN ORL 94BS nimmt Ihnen diese Unsicherheit komplett ab. Die Bedienung erfolgt \u00fcber eine hygienische, leicht zu reinigende Folientastatur, die das Durchf\u00fchren von Messungen, das Wechseln der Skalen oder das Kalibrieren des Nullpunkts zu einer Angelegenheit von Sekunden macht.<\/p>\n<h3 data-path-to-node=\"22\">IP65-Schutzklasse: Kompromisslose Hygiene und Langlebigkeit im Laboralltag<\/h3>\n<p data-path-to-node=\"23\">In der Lebensmittelanalytik und in chemischen Produktionsumgebungen geht es oft feucht, klebrig und staubig zu. Ein empfindliches elektronisches Ger\u00e4t muss hier h\u00f6chsten Belastungen standhalten. Die Konstrukteure bei KERN haben das ORL 94BS daher nach der strengen Schutzklasse IP65 zertifiziert. Das bedeutet, das gesamte Geh\u00e4use ist vollst\u00e4ndig staubdicht und dar\u00fcber hinaus gegen starkes Strahlwasser aus allen Richtungen gesch\u00fctzt. Nach der Messung einer klebrigen Zuckerl\u00f6sung oder eines \u00f6ligen Schmierstoffs k\u00f6nnen Sie die Edelstahl-Messmulde und das Saphirprisma bedenkenlos unter flie\u00dfendem Wasser oder mit geeigneten milden L\u00f6sungsmitteln absp\u00fclen und reinigen. Diese herausragende Dichtigkeit garantiert nicht nur eine \u00fcberlegene Laborhygiene und verhindert Kreuzkontaminationen zwischen zwei Proben, sondern sichert auch die langfristige, st\u00f6rungsfreie Funktionalit\u00e4t der hochempfindlichen internen Elektronik.<\/p>\n<h3 data-path-to-node=\"24\">GLP-konformes Arbeiten und einfache Kalibrierung<\/h3>\n<p data-path-to-node=\"25\">Die Kalibrierung des Nullpunkts gestaltet sich bei diesem hochmodernen Instrument extrem anwenderfreundlich und kosteng\u00fcnstig. Sie ben\u00f6tigen keine teuren oder toxischen Kalibrierfl\u00fcssigkeiten; ein paar Tropfen handels\u00fcbliches, destilliertes oder deionisiertes Wasser gen\u00fcgen vollkommen, um das Ger\u00e4t per einfachem Tastendruck exakt auf den Nullpunkt zur\u00fcckzusetzen. F\u00fcr Audits nach den strengen Richtlinien der Good Laboratory Practice (GLP) oder der ISO 9001 k\u00f6nnen Sie sich auf die unbestechliche Reproduzierbarkeit dieses Ger\u00e4ts verlassen. Das KERN ORL 94BS ist eine langfristige Investition in die Qualit\u00e4tssicherung Ihres Unternehmens, die sich durch eingesparte Arbeitszeit, fehlerfreie Prozesse und reduzierten Ausschuss in der Produktion rasend schnell amortisiert.<\/p>\n<h3 data-path-to-node=\"27\">Technische Daten<\/h3>\n<ul>\n<li id=\"p-rc_dc5362d6f647e1fe-196\" data-path-to-node=\"28,1,0\"><span class=\"citation-336\">Ger\u00e4tetyp:<\/span><span class=\"citation-336 citation-end-336\"> Digitales Premium-Tischrefraktometer<\/span><\/li>\n<li id=\"p-rc_dc5362d6f647e1fe-197\" data-path-to-node=\"28,2,0\"><span class=\"citation-335\">Skala 1 (Brix):<\/span><span class=\"citation-335 citation-end-335\"> Messbereich 0 \u2013 94 % \/ Ablesbarkeit 0,1 % \/ Genauigkeit \u00b1 0,1 %<\/span><\/li>\n<li id=\"p-rc_dc5362d6f647e1fe-198\" data-path-to-node=\"28,3,0\"><span class=\"citation-334\">Skala 2 (Brechungsindex nD):<\/span><span class=\"citation-334 citation-end-334\"> Messbereich 1,3330 \u2013 1,5290 nD \/ Ablesbarkeit 0,0001 nD \/ Genauigkeit \u00b1 0,0002 nD<\/span><\/li>\n<li data-path-to-node=\"28,4,0\">Temperaturkompensation: Automatisch (ATC) integriert<\/li>\n<li data-path-to-node=\"28,5,0\">Prisma: Ultrahartes Saphirglas<\/li>\n<li data-path-to-node=\"28,6,0\">Messmulde: Rostfreier Edelstahl, extrem leicht zu reinigen<\/li>\n<li id=\"p-rc_dc5362d6f647e1fe-199\" data-path-to-node=\"28,7,0\">Display:<span class=\"citation-333 citation-end-333\"> Gro\u00dfes, mehrzeiliges TFT-Farbdisplay<\/span><\/li>\n<li data-path-to-node=\"28,8,0\">Geh\u00e4useschutzklasse: IP65 (Staubdicht und Schutz gegen Strahlwasser)<\/li>\n<li id=\"p-rc_dc5362d6f647e1fe-200\" data-path-to-node=\"28,9,0\">Kalibrierung:<span class=\"citation-332 citation-end-332\"> Nullpunkt-Kalibrierung mit handels\u00fcblichem destilliertem Wasser<\/span><\/li>\n<li id=\"p-rc_dc5362d6f647e1fe-201\" data-path-to-node=\"28,10,0\">Stromversorgung:<span class=\"citation-331 citation-end-331\"> USB-Schnittstelle oder beiliegendes Netzteil<\/span><\/li>\n<li data-path-to-node=\"28,11,0\">Abmessungen (B\u00d7T\u00d7H): 145 \u00d7 67 \u00d7 38 mm (sehr kompaktes Tischformat)<\/li>\n<li data-path-to-node=\"28,12,0\">Nettogewicht: ca. 0,6 kg (massiver, rutschfester Stand auf dem Labortisch)<\/li>\n<\/ul>\n<h3 data-path-to-node=\"30\">Lieferumfang<\/h3>\n<ul>\n<li data-path-to-node=\"31,0,0\">1 x KERN ORL 94BS Digitales Refraktometer<\/li>\n<li data-path-to-node=\"31,1,0\">1 x Kalibrierl\u00f6sung (destilliertes Wasser)<\/li>\n<li data-path-to-node=\"31,2,0\">1 x Pipette zur sicheren Probenaufgabe<\/li>\n<li data-path-to-node=\"31,3,0\">1 x Reinigungstuch f\u00fcr das Prisma<\/li>\n<li data-path-to-node=\"31,4,0\">1 x Netzadapter \/ USB-Kabel<\/li>\n<li data-path-to-node=\"31,5,0\">1 x Stabiler Transport- und Aufbewahrungskoffer<\/li>\n<li data-path-to-node=\"31,6,0\">1 x Ausf\u00fchrliche Betriebsanleitung<\/li>\n<\/ul>\n<h3 data-path-to-node=\"32\">Individueller Bedarf &amp; Zubeh\u00f6r<\/h3>\n<p data-path-to-node=\"33\">Ben\u00f6tigen Sie f\u00fcr Ihre QM-Abteilung einen offiziellen, zertifizierten Nachweis \u00fcber die Messgenauigkeit dieses optischen Instruments? Wir empfehlen Ihnen, das KERN ORL 94BS direkt zusammen mit einem <b data-path-to-node=\"33\" data-index-in-node=\"199\">Werkskalibrierschein (ISO)<\/b> f\u00fcr digitale Refraktometer zu bestellen. Dies sichert Sie bei jedem Audit optimal ab. F\u00fcr Kunden in der Automobilindustrie, die anstelle von Zuckerwerten (Brix) den Gefrierpunkt von K\u00fchlmitteln oder den AdBlue-Gehalt bestimmen m\u00fcssen, bietet KERN spezielle Modelle der ORL-Serie an. Wenden Sie sich gerne jederzeit an unseren <a class=\"ng-star-inserted\" href=\"https:\/\/lt-laborhandel.de\/service\/\" target=\"_blank\" rel=\"noopener\">Beschaffungsservice<\/a> f\u00fcr eine fachgerechte und individuelle Systemberatung rund um die optische Analytik.<\/p>\n","protected":false},"excerpt":{"rendered":"<ul>\n<li data-path-to-node=\"42,0,0\">Digitales Premium-Tischrefraktometer f\u00fcr Industrie &amp; Labor<\/li>\n<li data-path-to-node=\"42,1,0\"><span class=\"citation-329\">Riesiger Messbereich:<\/span><span class=\"citation-329 citation-end-329\"> Brix von 0 bis 94 % (f\u00fcr alles von Saft bis Honig)<\/span><\/li>\n<li data-path-to-node=\"42,2,0\">Brechungsindex (nD): 1,3330 bis 1,5290 mit 0,0001 nD Pr\u00e4zision<\/li>\n<li data-path-to-node=\"42,3,0\"><span class=\"citation-328 citation-end-328\">ATC (Automatische Temperaturkompensation) verhindert Messfehler<\/span><\/li>\n<li data-path-to-node=\"42,4,0\">Saphirprisma &amp; Edelstahl-Messmulde f\u00fcr h\u00f6chste chemische Resistenz<\/li>\n<li data-path-to-node=\"42,5,0\">Schutzklasse IP65: Problemlos unter flie\u00dfendem Wasser abwaschbar<\/li>\n<li data-path-to-node=\"42,6,0\"><span class=\"citation-327 citation-end-327\">Gro\u00dfes, kristallklares TFT-Farbdisplay ohne Ablesefehler<\/span><\/li>\n<li data-path-to-node=\"42,7,0\">Herstellernummer (MPN): ORL 94BS<\/li>\n<\/ul>\n","protected":false},"featured_media":25096,"template":"","meta":[],"product_brand":[360],"product_cat":[330,188],"product_tag":[],"class_list":{"0":"post-7730","1":"product","2":"type-product","3":"status-publish","4":"has-post-thumbnail","6":"product_brand-kern","7":"product_cat-kern","8":"product_cat-refraktometer","9":"product_shipping_class-standard","11":"first","12":"instock","13":"sale","14":"featured","15":"taxable","16":"shipping-taxable","17":"purchasable","18":"product-type-simple"},"tiered_pricing_type":"fixed","tiered_pricing_fixed_rules":[],"tiered_pricing_product_settings":{"layout":"default","base_unit_name":{"singular":null,"plural":null},"default_variation":null},"tiered_pricing_minimum_quantity":null,"tiered_pricing_roles_data":[],"tiered_pricing_percentage_rules":[],"_links":{"self":[{"href":"https:\/\/lt-laborhandel.de\/en\/wp-json\/wp\/v2\/product\/7730","targetHints":{"allow":["GET"]}}],"collection":[{"href":"https:\/\/lt-laborhandel.de\/en\/wp-json\/wp\/v2\/product"}],"about":[{"href":"https:\/\/lt-laborhandel.de\/en\/wp-json\/wp\/v2\/types\/product"}],"wp:featuredmedia":[{"embeddable":true,"href":"https:\/\/lt-laborhandel.de\/en\/wp-json\/wp\/v2\/media\/25096"}],"wp:attachment":[{"href":"https:\/\/lt-laborhandel.de\/en\/wp-json\/wp\/v2\/media?parent=7730"}],"wp:term":[{"taxonomy":"product_brand","embeddable":true,"href":"https:\/\/lt-laborhandel.de\/en\/wp-json\/wp\/v2\/product_brand?post=7730"},{"taxonomy":"product_cat","embeddable":true,"href":"https:\/\/lt-laborhandel.de\/en\/wp-json\/wp\/v2\/product_cat?post=7730"},{"taxonomy":"product_tag","embeddable":true,"href":"https:\/\/lt-laborhandel.de\/en\/wp-json\/wp\/v2\/product_tag?post=7730"}],"curies":[{"name":"wp","href":"https:\/\/api.w.org\/{rel}","templated":true}]}}