{"id":7653,"date":"2022-01-20T16:21:10","date_gmt":"2022-01-20T15:21:10","guid":{"rendered":"https:\/\/lt-laborhandel.de\/?post_type=product&#038;p=7653"},"modified":"2026-01-30T21:00:00","modified_gmt":"2026-01-30T20:00:00","slug":"digitalmikroskop-set-kern-obn-135t241","status":"publish","type":"product","link":"https:\/\/lt-laborhandel.de\/en\/produkt\/digitalmikroskop-set-kern-obn-135t241\/","title":{"rendered":"KERN Digitalmikroskop-Set OBN 135T241"},"content":{"rendered":"<p>Digitalmikroskop-Set OBN 135T241<\/p>\n<p>Produktfamilie: OBN-S<\/p>\n<p>Die digitalen Laborhelfer mit Infinity Optik und professioneller K\u00f6hler-Beleuchtung<\/p>\n<p>Beschreibung<\/p>\n<p>Die Labormikroskope der OBN-Serie stehen Ihnen auch als digitale Komplettl\u00f6sung mit adaptierter Tablet Kamera f\u00fcr Ihre Live-Untersuchung zur Verf\u00fcgung. Der passende C-Mount Adapter ist selbstverst\u00e4ndlich in der Lieferung enthalten<\/p>\n<p>Die adaptierte KERN ODC 241 Tablet-Kamera wurde speziell f\u00fcr die einfache, bequeme und direkte Untersuchung der Probe auf dem Bildschirm entwickelt. Optimal geeignet f\u00fcr Sch\u00fcler und Studenten in der Ausbildung oder zu Demonstrationszwecken im Labor<\/p>\n<p>Eine Staubschutzhaube, Augenmuscheln sowie eine mehrsprachige Betriebsanleitung befinden sich im Lieferumfang<\/p>\n<p>OBN 135<\/p>\n<p>Die KERN OBN-Serie zeichnet sich durch ihre unschlagbare und durchweg hohe Qualit\u00e4t und das ergonomische Design aus. Die Vielfalt an modularen Bauteilen erm\u00f6glicht der OBN-Serie hohe Individualit\u00e4t f\u00fcr den professionellen Anwender<\/p>\n<p>Starke und stufenlos dimmbare 3W-LED-Beleuchtung<\/p>\n<p>Diese Serie verf\u00fcgt \u00fcber eine professionelle K\u00f6hler-Beleuchtung mit einstellbarer Leuchtfeldblende sowie einem zentrier- und h\u00f6henverstellbaren 1,25-Abbe-Kondensor mit regulierbarer Aperturblende<\/p>\n<p>Der sehr gro\u00dfe mechanische Kreuztisch mit ergonomischem, beidseitig koaxialem Grob- und Feintrieb erm\u00f6glicht eine schnelle, pr\u00e4zise Einstellung und Fokussierung Ihrer Probe<\/p>\n<p>ODC 241<\/p>\n<p>Die integrierte 5-MP-Kamera erm\u00f6glicht neben der Live-\u00dcbertragung des Bildes an das Android Tablet auch die Erstellung von Bildern und Videos zur Dokumentation. Einfache Messungen, wie z. B. Strecken-, Fl\u00e4chen- und Winkelmessungen sowie eine manuelle Z\u00e4hlfunktion sind ebenfalls vorhanden<\/p>\n<p>Ein automatischer Wei\u00dfabgleich und der automatische Kontrastausgleich kann schnell und einfach vorgenommen werden, was ein effizientes Arbeiten erm\u00f6glicht<\/p>\n<p>Durch die integrierten Schnittstellen werden eine Vielzahl an weiteren Funktionen bereitgestellt, wie z. B.<\/p>\n<p>&#8211; Datenspeicherung auf USB-Stick oder SD-Karte<\/p>\n<p>&#8211; Anschluss einer USB-Maus<\/p>\n<p>&#8211; \u00dcbertragung des Livebildes auf einen externen Bildschirm per HDMI<\/p>\n<p>&#8211; \u00dcbertragung gespeicherter Daten an externe Empf\u00e4nger per WLAN<\/p>\n<p>Im Lieferumfang befindet sich die Tablet-Kamera mit vorinstallierter Software sowie das Netzteil<\/p>\n<p>Technische Daten<\/p>\n<p>Optisches System\tInfinity<\/p>\n<p>Tubus Art\tTrinokular<\/p>\n<p>Okular Vergr\u00f6\u00dferung\t10 x<\/p>\n<p>Okular Sehfeld\t20 mm<\/p>\n<p>Standard-Objektive\t4x, 10x, 20x, 40x, 100x<\/p>\n<p>Objektivqualit\u00e4t\tInfinity Plan<\/p>\n<p>Objektivrevolver-Einschraubpl\u00e4tze\t5<\/p>\n<p>Beleuchtungsrichtung\tDurchlicht<\/p>\n<p>Beleuchtungsart Durchlicht\tLED<\/p>\n<p>Beleuchtungsart Auflicht\tkeine<\/p>\n<p>Fokussierungsmechanik\tKoaxialer Grob- und Feintrieb<\/p>\n<p>Feintrieb-Minimum\t0,002 mm<\/p>\n<p>Display Aufl\u00f6sung\t2048&#215;1536<\/p>\n<p>Kamera &#8211; Sensorart\tSony CMOS<\/p>\n<p>Kamera &#8211; Farbtiefe\tFarbe<\/p>\n<p>Kamera &#8211; Sensorgr\u00f6\u00dfe\t1\/2,8&#8243;<\/p>\n<p>Kamera &#8211; Aufl\u00f6sung\t5 MP<\/p>\n<p>Kamera &#8211; Framerate\t30 fps<\/p>\n<p>Schnittstellen\tWLAN, USB 2.0, HDMI, MicroSD Kartenslot<\/p>\n<p>C-Mount Vergr\u00f6\u00dferung\t0,5 x<\/p>\n<p>Abmessungen (B\u00d7T\u00d7H)\t390\u00d7235\u00d7620 mm<\/p>\n<p>GTIN\/EAN-Nummer\t4045761228535<\/p>\n","protected":false},"excerpt":{"rendered":"<p><b>Zubeh\u00f6r- und Ersatzteile erhalten Sie gerne auf Anfrage!<\/b><\/p>\n","protected":false},"featured_media":8309,"template":"","meta":[],"product_brand":[],"product_cat":[330,165],"product_tag":[],"class_list":{"0":"post-7653","1":"product","2":"type-product","3":"status-publish","4":"has-post-thumbnail","6":"product_cat-kern","7":"product_cat-mikroskope","8":"product_shipping_class-standard","10":"first","11":"instock","12":"taxable","13":"shipping-taxable","14":"purchasable","15":"product-type-simple"},"tiered_pricing_type":"fixed","tiered_pricing_fixed_rules":[],"tiered_pricing_product_settings":{"layout":"default","base_unit_name":{"singular":null,"plural":null},"default_variation":null},"tiered_pricing_minimum_quantity":null,"tiered_pricing_roles_data":[],"tiered_pricing_percentage_rules":[],"_links":{"self":[{"href":"https:\/\/lt-laborhandel.de\/en\/wp-json\/wp\/v2\/product\/7653","targetHints":{"allow":["GET"]}}],"collection":[{"href":"https:\/\/lt-laborhandel.de\/en\/wp-json\/wp\/v2\/product"}],"about":[{"href":"https:\/\/lt-laborhandel.de\/en\/wp-json\/wp\/v2\/types\/product"}],"wp:featuredmedia":[{"embeddable":true,"href":"https:\/\/lt-laborhandel.de\/en\/wp-json\/wp\/v2\/media\/8309"}],"wp:attachment":[{"href":"https:\/\/lt-laborhandel.de\/en\/wp-json\/wp\/v2\/media?parent=7653"}],"wp:term":[{"taxonomy":"product_brand","embeddable":true,"href":"https:\/\/lt-laborhandel.de\/en\/wp-json\/wp\/v2\/product_brand?post=7653"},{"taxonomy":"product_cat","embeddable":true,"href":"https:\/\/lt-laborhandel.de\/en\/wp-json\/wp\/v2\/product_cat?post=7653"},{"taxonomy":"product_tag","embeddable":true,"href":"https:\/\/lt-laborhandel.de\/en\/wp-json\/wp\/v2\/product_tag?post=7653"}],"curies":[{"name":"wp","href":"https:\/\/api.w.org\/{rel}","templated":true}]}}