{"id":7650,"date":"2022-01-20T16:21:09","date_gmt":"2022-01-20T15:21:09","guid":{"rendered":"https:\/\/lt-laborhandel.de\/?post_type=product&#038;p=7650"},"modified":"2026-03-28T18:02:25","modified_gmt":"2026-03-28T17:02:25","slug":"durchlichtmikroskop-kern-obn-135","status":"publish","type":"product","link":"https:\/\/lt-laborhandel.de\/en\/produkt\/durchlichtmikroskop-kern-obn-135\/","title":{"rendered":"KERN Durchlichtmikroskop OBN 135"},"content":{"rendered":"<p>Durchlichtmikroskop OBN 135<\/p>\n<p>Produktfamilie: OBN-13<\/p>\n<p>Professionalit\u00e4t und Vielseitigkeit in einem Mikroskop vereint \u2013 mit K\u00f6hler-Beleuchtung f\u00fcr anspruchsvolle Anwendungen<\/p>\n<p>Beschreibung<\/p>\n<p>Die KERN OBN-Serie zeichnet sich durch ihre unschlagbare und durchweg hohe Qualit\u00e4t und das ergonomische Design aus. Die Vielfalt an modularen Bauteilen erm\u00f6glicht der OBN-Serie hohe Individualit\u00e4t f\u00fcr den professionellen Anwender<\/p>\n<p>Starke und stufenlos dimmbare 3W-LED-Beleuchtung<\/p>\n<p>Diese Serie verf\u00fcgt \u00fcber eine professionelle K\u00f6hler-Beleuchtung mit einstellbarer Leuchtfeldblende sowie einem zentrier- und h\u00f6henverstellbaren 1,25-Abbe-Kondensor mit regulierbarer Aperturblende<\/p>\n<p>Der sehr gro\u00dfe mechanische Kreuztisch mit ergonomischem, beidseitig koaxialem Grob- und Feintrieb erm\u00f6glicht eine schnelle, pr\u00e4zise Einstellung und Fokussierung Ihrer Probe<\/p>\n<p>Eine Vielfalt an modularen Systemen, wie z. B. ein Swing-Out-Kondensor, diverse Okulare, Objektive, Farbfilter, Phasenkontrasteinheiten, einem Dunkelfeldkondensor, einer einfachen Polarisationseinheit, einem Butterfly-Tubus, bis hin zu kompletten Fluoreszenzeinheiten stehen als Zubeh\u00f6r zur Verf\u00fcgung<\/p>\n<p>Eine Staubschutzhaube, Augenmuscheln sowie eine mehrsprachige Betriebsanleitung befinden sich im Lieferumfang<\/p>\n<p>Technische Daten<\/p>\n<p>Optisches System Infinity<\/p>\n<p>Tubus Art Trinokular<\/p>\n<p>Okular Vergr\u00f6\u00dferung 10 x<\/p>\n<p>Okular Sehfeld 20 mm<\/p>\n<p>Standard-Objektive 4x, 10x, 20x, 40x, 100x<\/p>\n<p>Objektivqualit\u00e4t Infinity Plan<\/p>\n<p>Objektivrevolver-Einschraubpl\u00e4tze 5<\/p>\n<p>Beleuchtungsrichtung Durchlicht<\/p>\n<p>Beleuchtungsart Durchlicht LED<\/p>\n<p>Beleuchtungsart Auflicht keine<\/p>\n<p>Kondensor-Typ ABBE<\/p>\n<p>Kondensor-Apertur 1,25<\/p>\n<p>Kondensor-Montage Zentrierbar<\/p>\n<p>Fokussierungsmechanik Koaxialer Grob- und Feintrieb<\/p>\n<p>Feintrieb-Minimum 0,002 mm<\/p>\n<p>Abmessungen (B\u00d7T\u00d7H) 390\u00d7200\u00d7395 mm<\/p>\n<p>GTIN\/EAN-Nummer 4045761267787<\/p>\n","protected":false},"excerpt":{"rendered":"<p><b>Zubeh\u00f6r- und Ersatzteile erhalten Sie gerne auf Anfrage!<\/b><\/p>\n","protected":false},"featured_media":8305,"template":"","meta":[],"product_brand":[360],"product_cat":[330,165],"product_tag":[],"class_list":{"0":"post-7650","1":"product","2":"type-product","3":"status-publish","4":"has-post-thumbnail","6":"product_brand-kern","7":"product_cat-kern","8":"product_cat-mikroskope","9":"product_shipping_class-standard","11":"first","12":"instock","13":"taxable","14":"shipping-taxable","15":"purchasable","16":"product-type-simple"},"tiered_pricing_type":"fixed","tiered_pricing_fixed_rules":[],"tiered_pricing_product_settings":{"layout":"default","base_unit_name":{"singular":null,"plural":null},"default_variation":null},"tiered_pricing_minimum_quantity":null,"tiered_pricing_roles_data":[],"tiered_pricing_percentage_rules":[],"_links":{"self":[{"href":"https:\/\/lt-laborhandel.de\/en\/wp-json\/wp\/v2\/product\/7650","targetHints":{"allow":["GET"]}}],"collection":[{"href":"https:\/\/lt-laborhandel.de\/en\/wp-json\/wp\/v2\/product"}],"about":[{"href":"https:\/\/lt-laborhandel.de\/en\/wp-json\/wp\/v2\/types\/product"}],"wp:featuredmedia":[{"embeddable":true,"href":"https:\/\/lt-laborhandel.de\/en\/wp-json\/wp\/v2\/media\/8305"}],"wp:attachment":[{"href":"https:\/\/lt-laborhandel.de\/en\/wp-json\/wp\/v2\/media?parent=7650"}],"wp:term":[{"taxonomy":"product_brand","embeddable":true,"href":"https:\/\/lt-laborhandel.de\/en\/wp-json\/wp\/v2\/product_brand?post=7650"},{"taxonomy":"product_cat","embeddable":true,"href":"https:\/\/lt-laborhandel.de\/en\/wp-json\/wp\/v2\/product_cat?post=7650"},{"taxonomy":"product_tag","embeddable":true,"href":"https:\/\/lt-laborhandel.de\/en\/wp-json\/wp\/v2\/product_tag?post=7650"}],"curies":[{"name":"wp","href":"https:\/\/api.w.org\/{rel}","templated":true}]}}