{"id":7639,"date":"2022-01-20T16:21:05","date_gmt":"2022-01-20T15:21:05","guid":{"rendered":"https:\/\/lt-laborhandel.de\/?post_type=product&#038;p=7639"},"modified":"2026-03-27T14:51:44","modified_gmt":"2026-03-27T13:51:44","slug":"durchlichtmikroskop-kern-obl-127","status":"publish","type":"product","link":"https:\/\/lt-laborhandel.de\/en\/produkt\/durchlichtmikroskop-kern-obl-127\/","title":{"rendered":"KERN Durchlichtmikroskop OBL 127"},"content":{"rendered":"<p>Durchlichtmikroskop OBL 127<\/p>\n<p>Produktfamilie: OBL-12<\/p>\n<p>Der vielseitige Laborhelfer mit Infinity Optik und fix-vorzentrierter K\u00f6hler Beleuchtung<\/p>\n<p>Beschreibung<\/p>\n<p>Die OBL-Serie zeichnet sich durch ihre Infinity Optik aus und ist daher f\u00fcr anspruchsvolle Durchlicht-Anwendungen bestens geeignet. Durch den robusten und ergonomischen Standfu\u00df ist ein sicheres und bequemes Arbeiten gew\u00e4hrleistet<\/p>\n<p>Starke und stufenlos dimmbare 3W-LED-Beleuchtung<\/p>\n<p>Der fix-vorzentrierte und fokussierbare 1,25-Abbe-Kondensor mit Apertur- und Leuchtfeldblende erm\u00f6glicht Ihnen eine vereinfachte K\u00f6hler-Beleuchtung, ohne dass das Zentrum verstellt werden kann<\/p>\n<p>Der gro\u00dfe mechanische Kreuztisch und sein Objekthalter halten bis zu zwei Pr\u00e4parate gleichzeitig und fokussiert durch einen beidseitigen koaxialen Grob- und Feintrieb schnell und einfach<\/p>\n<p>Eine gro\u00dfe Auswahl an Okularen, Objektiven und Farbfiltern sowie ein Dunkelfeldkondensor, eine einfache Polarisationseinheit, unterschiedliche Phasenkontrasts\u00e4tze bis hin zur HBO- und LED-Fluoreszenzeinheit stehen Ihnen als Zubeh\u00f6rartikel zur Verf\u00fcgung<\/p>\n<p>Eine Staubschutzhaube, Augenmuscheln sowie eine mehrsprachige Betriebsanleitung befinden sich im Lieferumfang<\/p>\n<p>Technische Daten<\/p>\n<p>Optisches System\tInfinity<\/p>\n<p>Tubus Art\tBinokular<\/p>\n<p>Okular Vergr\u00f6\u00dferung\t10 x<\/p>\n<p>Okular Sehfeld\t20 mm<\/p>\n<p>Standard-Objektive\t4x, 10x, 40x, 100x<\/p>\n<p>Objektivqualit\u00e4t\tInfinity E-Plan<\/p>\n<p>Objektivrevolver-Einschraubpl\u00e4tze\t4<\/p>\n<p>Beleuchtungsrichtung\tDurchlicht<\/p>\n<p>Beleuchtungsart Durchlicht\tLED<\/p>\n<p>Beleuchtungsart Auflicht\tkeine<\/p>\n<p>Kondensor-Typ\tABBE<\/p>\n<p>Kondensor-Apertur\t1,25<\/p>\n<p>Kondensor-Montage\tfix<\/p>\n<p>Fokussierungsmechanik\tKoaxialer Grob- und Feintrieb<\/p>\n<p>Feintrieb-Minimum\t0,002 mm<\/p>\n<p>Abmessungen (B\u00d7T\u00d7H)\t395\u00d7200\u00d7380 mm<\/p>\n<p>GTIN\/EAN-Nummer\t4045761267756<\/p>\n","protected":false},"excerpt":{"rendered":"<p><b>Zubeh\u00f6r- und Ersatzteile erhalten Sie gerne auf Anfrage!<\/b><\/p>\n","protected":false},"featured_media":8301,"template":"","meta":[],"product_brand":[],"product_cat":[330,165],"product_tag":[],"class_list":{"0":"post-7639","1":"product","2":"type-product","3":"status-publish","4":"has-post-thumbnail","6":"product_cat-kern","7":"product_cat-mikroskope","8":"product_shipping_class-standard","10":"first","11":"instock","12":"taxable","13":"shipping-taxable","14":"purchasable","15":"product-type-simple"},"tiered_pricing_type":"fixed","tiered_pricing_fixed_rules":[],"tiered_pricing_product_settings":{"layout":"default","base_unit_name":{"singular":null,"plural":null},"default_variation":null},"tiered_pricing_minimum_quantity":null,"tiered_pricing_roles_data":[],"tiered_pricing_percentage_rules":[],"_links":{"self":[{"href":"https:\/\/lt-laborhandel.de\/en\/wp-json\/wp\/v2\/product\/7639","targetHints":{"allow":["GET"]}}],"collection":[{"href":"https:\/\/lt-laborhandel.de\/en\/wp-json\/wp\/v2\/product"}],"about":[{"href":"https:\/\/lt-laborhandel.de\/en\/wp-json\/wp\/v2\/types\/product"}],"wp:featuredmedia":[{"embeddable":true,"href":"https:\/\/lt-laborhandel.de\/en\/wp-json\/wp\/v2\/media\/8301"}],"wp:attachment":[{"href":"https:\/\/lt-laborhandel.de\/en\/wp-json\/wp\/v2\/media?parent=7639"}],"wp:term":[{"taxonomy":"product_brand","embeddable":true,"href":"https:\/\/lt-laborhandel.de\/en\/wp-json\/wp\/v2\/product_brand?post=7639"},{"taxonomy":"product_cat","embeddable":true,"href":"https:\/\/lt-laborhandel.de\/en\/wp-json\/wp\/v2\/product_cat?post=7639"},{"taxonomy":"product_tag","embeddable":true,"href":"https:\/\/lt-laborhandel.de\/en\/wp-json\/wp\/v2\/product_tag?post=7639"}],"curies":[{"name":"wp","href":"https:\/\/api.w.org\/{rel}","templated":true}]}}