{"id":6838,"date":"2021-11-03T15:38:48","date_gmt":"2021-11-03T14:38:48","guid":{"rendered":"https:\/\/lt-laborhandel.de\/produkt\/lauda-hydro-h-2-p-paraffinstreckbad-230-l003071\/"},"modified":"2026-02-16T12:09:37","modified_gmt":"2026-02-16T11:09:37","slug":"lauda-hydro-h-2-p-paraffinstreckbad-230-l003071","status":"publish","type":"product","link":"https:\/\/lt-laborhandel.de\/en\/produkt\/lauda-hydro-h-2-p-paraffinstreckbad-230-l003071\/","title":{"rendered":"LAUDA Hydro H 2 P Paraffinstreckbad 230, #L003071"},"content":{"rendered":"<p><b><font size=\"7\"><font color=\"red\">NUR NOCH BIS ZUM 15.05.2026 BESTELLBAR \/ LETZTE AUSLIEFERUNG: 30.06.2026<\/font><\/b><\/p>\n<p>LAUDA Hydro H 2 P Paraffinstreckbad 230 V; 50\/60 Hz Leistungsmerkmale: Paraffinstreckbad zum Strecken und Trocknen geschnittener Gewebeproben Temperaturanzeige durch Kontrollthermometer am Badrand Temperatureinstellung \u00fcber Drehknopf mit Temperaturskala 1-Punkt-Temperaturregler Wassermangelsicherung Badk\u00f6rper aus Aluminium, schwarz eloxiert Kontrollthermometer mit Halter serienm\u00e4\u00dfig Technische Daten: Arbeitstemperaturbereich: 25 &#8230; 80 \u00b0C Umgebungstemperaturbereich: 10 &#8230; 40 \u00b0C Temperaturkonstanz: 0,5 \u00b1K Heizleistung max.: 0,3 kW Leistungsaufnahme max.: 0,3 kW Stromaufnahme: 16 A Badgr\u00f6\u00dfe (\u00d8xH): 200 x 60 mm Bad\u00f6ffnung (\u00d8): Abmessungen (BxTxH): 280 x 280 x 100 mm Netzversorgung: 230 V; 50\/60 Hz Netzstecker: Netzkabel mit gewinkeltem Schuko Stecker (CEE7\/7)<\/p>\n","protected":false},"excerpt":{"rendered":"<p><b>Zubeh\u00f6r- und Ersatzteile erhalten Sie gerne auf Anfrage!<\/b><\/p>\n","protected":false},"featured_media":6359,"template":"","meta":[],"product_brand":[],"product_cat":[180],"product_tag":[],"class_list":{"0":"post-6838","1":"product","2":"type-product","3":"status-publish","4":"has-post-thumbnail","6":"product_cat-wasserbaeder","7":"product_shipping_class-standard","9":"first","10":"instock","11":"taxable","12":"shipping-taxable","13":"purchasable","14":"product-type-simple"},"tiered_pricing_type":"fixed","tiered_pricing_fixed_rules":[],"tiered_pricing_product_settings":{"layout":"default","base_unit_name":{"singular":null,"plural":null},"default_variation":null},"tiered_pricing_minimum_quantity":null,"tiered_pricing_roles_data":[],"tiered_pricing_percentage_rules":[],"_links":{"self":[{"href":"https:\/\/lt-laborhandel.de\/en\/wp-json\/wp\/v2\/product\/6838","targetHints":{"allow":["GET"]}}],"collection":[{"href":"https:\/\/lt-laborhandel.de\/en\/wp-json\/wp\/v2\/product"}],"about":[{"href":"https:\/\/lt-laborhandel.de\/en\/wp-json\/wp\/v2\/types\/product"}],"wp:featuredmedia":[{"embeddable":true,"href":"https:\/\/lt-laborhandel.de\/en\/wp-json\/wp\/v2\/media\/6359"}],"wp:attachment":[{"href":"https:\/\/lt-laborhandel.de\/en\/wp-json\/wp\/v2\/media?parent=6838"}],"wp:term":[{"taxonomy":"product_brand","embeddable":true,"href":"https:\/\/lt-laborhandel.de\/en\/wp-json\/wp\/v2\/product_brand?post=6838"},{"taxonomy":"product_cat","embeddable":true,"href":"https:\/\/lt-laborhandel.de\/en\/wp-json\/wp\/v2\/product_cat?post=6838"},{"taxonomy":"product_tag","embeddable":true,"href":"https:\/\/lt-laborhandel.de\/en\/wp-json\/wp\/v2\/product_tag?post=6838"}],"curies":[{"name":"wp","href":"https:\/\/api.w.org\/{rel}","templated":true}]}}