{"id":6833,"date":"2021-11-03T15:38:47","date_gmt":"2021-11-03T14:38:47","guid":{"rendered":"https:\/\/lt-laborhandel.de\/produkt\/lauda-hydro-h-5-v-abdampfbad-230-v-l003066\/"},"modified":"2026-02-16T12:08:37","modified_gmt":"2026-02-16T11:08:37","slug":"lauda-hydro-h-5-v-abdampfbad-230-v-l003066","status":"publish","type":"product","link":"https:\/\/lt-laborhandel.de\/en\/produkt\/lauda-hydro-h-5-v-abdampfbad-230-v-l003066\/","title":{"rendered":"LAUDA Hydro H 5 V Abdampfbad 230 V; #L003066"},"content":{"rendered":"<p><b><font size=\"7\"><font color=\"red\">NUR NOCH BIS ZUM 15.05.2026 BESTELLBAR \/ LETZTE AUSLIEFERUNG: 30.06.2026<\/font><\/b><\/p>\n<p>LAUDA Hydro H 5 V Abdampfbad 230 V; 50\/60 Hz Leistungsmerkmale: Abdampfwasserbad f\u00fcr schonende Abdampfarbeiten Temperatureinstellung \u00fcber Drehknopf mit Temperaturskala 1-Punkt-Temperaturregler Wassermangelsicherung Einstellbarer Niveauregler, Siebboden und Ringsatz serienm\u00e4\u00dfig Badk\u00f6rper, Abdeckrahmen, Siebboden und Heizung aus Edelstahl Rostfrei Der Abdeckrahmen und der mehrteilige Ringsatz sind abnehmbar. Mehrteiliger Ringsatz aus w\u00e4rmebst\u00e4ndigem Kunststoff Zur Aufnahme einer Stativstange ist eine Innenbohrung am Abdeckrahmen vorgesehen. Technische Daten: Arbeitstemperaturbereich: 25 &#8230; 100 \u00b0C Umgebungstemperaturbereich: 10 &#8230; 40 \u00b0C Temperaturkonstanz: 3 \u00b1K Heizleistung max.: 1 kW Leistungsaufnahme max.: 1 kW Stromaufnahme: 16 A Bad\u00f6ffnung (\u00d8): 192 mm Anzahl der Bad\u00f6ffnungen: 1 Abmessungen (BxTxH): 342 x 400 x 180 mm Netzversorgung: 230 V; 50\/60 Hz Netzstecker: Netzkabel mit gewinkeltem Schuko Stecker (CEE7\/7)<\/p>\n","protected":false},"excerpt":{"rendered":"<p><b>Zubeh\u00f6r- und Ersatzteile erhalten Sie gerne auf Anfrage!<\/b><\/p>\n","protected":false},"featured_media":6345,"template":"","meta":[],"product_brand":[],"product_cat":[180],"product_tag":[],"class_list":{"0":"post-6833","1":"product","2":"type-product","3":"status-publish","4":"has-post-thumbnail","6":"product_cat-wasserbaeder","7":"product_shipping_class-standard","9":"first","10":"instock","11":"taxable","12":"shipping-taxable","13":"purchasable","14":"product-type-simple"},"tiered_pricing_type":"fixed","tiered_pricing_fixed_rules":[],"tiered_pricing_product_settings":{"layout":"default","base_unit_name":{"singular":null,"plural":null},"default_variation":null},"tiered_pricing_minimum_quantity":null,"tiered_pricing_roles_data":[],"tiered_pricing_percentage_rules":[],"_links":{"self":[{"href":"https:\/\/lt-laborhandel.de\/en\/wp-json\/wp\/v2\/product\/6833","targetHints":{"allow":["GET"]}}],"collection":[{"href":"https:\/\/lt-laborhandel.de\/en\/wp-json\/wp\/v2\/product"}],"about":[{"href":"https:\/\/lt-laborhandel.de\/en\/wp-json\/wp\/v2\/types\/product"}],"wp:featuredmedia":[{"embeddable":true,"href":"https:\/\/lt-laborhandel.de\/en\/wp-json\/wp\/v2\/media\/6345"}],"wp:attachment":[{"href":"https:\/\/lt-laborhandel.de\/en\/wp-json\/wp\/v2\/media?parent=6833"}],"wp:term":[{"taxonomy":"product_brand","embeddable":true,"href":"https:\/\/lt-laborhandel.de\/en\/wp-json\/wp\/v2\/product_brand?post=6833"},{"taxonomy":"product_cat","embeddable":true,"href":"https:\/\/lt-laborhandel.de\/en\/wp-json\/wp\/v2\/product_cat?post=6833"},{"taxonomy":"product_tag","embeddable":true,"href":"https:\/\/lt-laborhandel.de\/en\/wp-json\/wp\/v2\/product_tag?post=6833"}],"curies":[{"name":"wp","href":"https:\/\/api.w.org\/{rel}","templated":true}]}}