{"id":6832,"date":"2021-11-03T15:38:47","date_gmt":"2021-11-03T14:38:47","guid":{"rendered":"https:\/\/lt-laborhandel.de\/produkt\/lauda-varioshake-vs-20-oh-l003064\/"},"modified":"2026-02-16T12:11:01","modified_gmt":"2026-02-16T11:11:01","slug":"lauda-varioshake-vs-20-oh-l003064","status":"publish","type":"product","link":"https:\/\/lt-laborhandel.de\/en\/produkt\/lauda-varioshake-vs-20-oh-l003064\/","title":{"rendered":"LAUDA Varioshake VS 20 OH, #L003064"},"content":{"rendered":"<p><b><font size=\"7\"><font color=\"red\">NUR NOCH BIS ZUM 15.05.2026 BESTELLBAR \/ LETZTE AUSLIEFERUNG: 30.06.2026<\/font><\/b><\/p>\n<p>LAUDA Varioshake VS 20 OH Sch\u00fcttelapparat 230 V; 50\/60 Hz Leistungsmerkmale: Sch\u00fcttelapparat mit \u00dcberkopf-Drehbewegung, belastungsstark, ideal zum Mischen von Pulvern und past\u00f6sen Proben Display f\u00fcr die Anzeige der Drehzahl Elektronische Drehzahlregelung, stufenlos einstellbar, sanfter Anlauf \u00dcbersichtliche Armaturentafel f\u00fcr leichte Bedienung mit Drehkn\u00f6pfen Timer einstellbar bis 60 min. oder Dauerbetrieb Fassungsverm\u00f6gen bei gleichm\u00e4\u00dfiger Beladung: 12 Gef\u00e4\u00dfe, rund oder eckig Gef\u00e4\u00dfe bis max. 110 mm \u00d8 und 270 mm H\u00f6he, h\u00f6henverstellbare Spannhalterungen Antrieb durch einen \u00fcberlastungsgesch\u00fctzten Gleichstrommotor Kompakte, verschlei\u00dfarme Mechanik mit Massenausgleich f\u00fcr sicheren Stand Beidseitig kugelgelagertes Drehgestell mit sicherem Antrieb \u00fcber Rutschnabe H\u00f6henverstellbare Haltevorrichtungen aus Edelstahl Rostfrei zum sicheren, festen Einspannen der Probenbeh\u00e4lter Konstante Drehzahl, lastunabh\u00e4ngig Hervorragend f\u00fcr Dauerbetrieb geeignet Au\u00dfengeh\u00e4use aus elektrolytisch verzinktem Stahlblech, pulverbeschichtet Technische Daten: Arbeitstemperaturbereich: Arbeitstemperaturbereich mit Wasserk\u00fchlung: Umgebungstemperaturbereich: 10 &#8230; 40 \u00b0C Leistungsaufnahme max.: 0,1 kW Sch\u00fcttelfrequenz: 1 &#8230; 20 1\/min Bewegungstisch (BxT): Lastaufnahme max.: 20 kg Abmessungen (BxTxH): 770 x 700 x 715 mm Netzstecker: Netzkabel mit gewinkeltem Schuko Stecker (CEE7\/7) Netzversorgung: 230 V; 50\/60 Hz<\/p>\n","protected":false},"excerpt":{"rendered":"<p><b>Zubeh\u00f6r- und Ersatzteile erhalten Sie gerne auf Anfrage!<\/b><\/p>\n","protected":false},"featured_media":6525,"template":"","meta":[],"product_brand":[],"product_cat":[109],"product_tag":[],"class_list":{"0":"post-6832","1":"product","2":"type-product","3":"status-publish","4":"has-post-thumbnail","6":"product_cat-mischerruehrer-und-schuettler","7":"product_shipping_class-standard","9":"first","10":"instock","11":"taxable","12":"shipping-taxable","13":"purchasable","14":"product-type-simple"},"tiered_pricing_type":"fixed","tiered_pricing_fixed_rules":[],"tiered_pricing_product_settings":{"layout":"default","base_unit_name":{"singular":null,"plural":null},"default_variation":null},"tiered_pricing_minimum_quantity":null,"tiered_pricing_roles_data":[],"tiered_pricing_percentage_rules":[],"_links":{"self":[{"href":"https:\/\/lt-laborhandel.de\/en\/wp-json\/wp\/v2\/product\/6832","targetHints":{"allow":["GET"]}}],"collection":[{"href":"https:\/\/lt-laborhandel.de\/en\/wp-json\/wp\/v2\/product"}],"about":[{"href":"https:\/\/lt-laborhandel.de\/en\/wp-json\/wp\/v2\/types\/product"}],"wp:featuredmedia":[{"embeddable":true,"href":"https:\/\/lt-laborhandel.de\/en\/wp-json\/wp\/v2\/media\/6525"}],"wp:attachment":[{"href":"https:\/\/lt-laborhandel.de\/en\/wp-json\/wp\/v2\/media?parent=6832"}],"wp:term":[{"taxonomy":"product_brand","embeddable":true,"href":"https:\/\/lt-laborhandel.de\/en\/wp-json\/wp\/v2\/product_brand?post=6832"},{"taxonomy":"product_cat","embeddable":true,"href":"https:\/\/lt-laborhandel.de\/en\/wp-json\/wp\/v2\/product_cat?post=6832"},{"taxonomy":"product_tag","embeddable":true,"href":"https:\/\/lt-laborhandel.de\/en\/wp-json\/wp\/v2\/product_tag?post=6832"}],"curies":[{"name":"wp","href":"https:\/\/api.w.org\/{rel}","templated":true}]}}