{"id":6831,"date":"2021-11-03T15:38:46","date_gmt":"2021-11-03T14:38:46","guid":{"rendered":"https:\/\/lt-laborhandel.de\/produkt\/lauda-varioshake-vs-30-o-schuettelapparat-l003063\/"},"modified":"2026-02-16T12:10:43","modified_gmt":"2026-02-16T11:10:43","slug":"lauda-varioshake-vs-30-o-schuettelapparat-l003063","status":"publish","type":"product","link":"https:\/\/lt-laborhandel.de\/en\/produkt\/lauda-varioshake-vs-30-o-schuettelapparat-l003063\/","title":{"rendered":"LAUDA Varioshake VS 30 O Sch\u00fcttelapparat, #L003063"},"content":{"rendered":"<p><b><font size=\"7\"><font color=\"red\">NUR NOCH BIS ZUM 15.05.2026 BESTELLBAR \/ LETZTE AUSLIEFERUNG: 30.06.2026<\/font><\/b><\/p>\n<p>LAUDA Varioshake VS 30 O Sch\u00fcttelapparat 230 V; 50\/60 Hz Leistungsmerkmale: Sch\u00fcttelapparat mit orbitaler Bewegung, belastungsstark, ger\u00e4uscharm, in kompakter Ausf\u00fchrung Sch\u00fcttelfrequenzanzeige und -einstellung digital \u00fcber LC-Display, in Schritten von 1,0 U\/min, sanfter Anlauf Anzeige der Soll- und Istwerte sowie der Sch\u00fcttelfrequenz durch zwei LC-Displays Anwenderfreundliche Mikroprozessortechnik Folientastatur mit pr\u00e4gnanten Symbolen Timer einstellbar von 1 min. bis 99:59 Std. oder Dauerbetrieb Optional RS 232 Schnittstelle auf Anfrage Gro\u00dfer Bewegungstisch aus elektrolytisch verzinktem, pulverbeschichtetem Stahlblech Vier Stativ-Stangen und Stellringen zur sicheren Befestigung von Zusatzeinrichtungen Antrieb durch einen \u00fcberlastungsgesch\u00fctzten Wechselstrommotor Kompakte, verschlei\u00dfarme Mechanik mit Massenausgleich f\u00fcr sicheren Stand Konstante Drehzahl, lastunabh\u00e4ngig Hervorragend f\u00fcr Dauerbetrieb geeignet Au\u00dfengeh\u00e4use aus elektrolytisch verzinktem Stahlblech, pulverbeschichtet Spezial-Gummiauflage f\u00fcr gute Haftung der Objekte auf dem Bewegungstisch Technische Daten: Arbeitstemperaturbereich: Arbeitstemperaturbereich mit Wasserk\u00fchlung: Umgebungstemperaturbereich: 10 &#8230; 50 \u00b0C Leistungsaufnahme max.: 0,09 kW Sch\u00fcttelamplitude: 32 mm Sch\u00fcttelfrequenz: 20 &#8230; 250 1\/min Bewegungstisch (BxT): 676 x 540 mm Lastaufnahme max.: 30 kg Abmessungen (BxTxH): 705 x 607 x 160 mm Netzstecker: Netzkabel mit gewinkeltem Schuko Stecker (CEE7\/7) Netzversorgung: 230 V; 50\/60 Hz<\/p>\n","protected":false},"excerpt":{"rendered":"<p><b>Zubeh\u00f6r- und Ersatzteile erhalten Sie gerne auf Anfrage!<\/b><\/p>\n","protected":false},"featured_media":6607,"template":"","meta":[],"product_brand":[],"product_cat":[109],"product_tag":[],"class_list":{"0":"post-6831","1":"product","2":"type-product","3":"status-publish","4":"has-post-thumbnail","6":"product_cat-mischerruehrer-und-schuettler","7":"product_shipping_class-standard","9":"first","10":"instock","11":"taxable","12":"shipping-taxable","13":"purchasable","14":"product-type-simple"},"tiered_pricing_type":"fixed","tiered_pricing_fixed_rules":[],"tiered_pricing_product_settings":{"layout":"default","base_unit_name":{"singular":null,"plural":null},"default_variation":null},"tiered_pricing_minimum_quantity":null,"tiered_pricing_roles_data":[],"tiered_pricing_percentage_rules":[],"_links":{"self":[{"href":"https:\/\/lt-laborhandel.de\/en\/wp-json\/wp\/v2\/product\/6831","targetHints":{"allow":["GET"]}}],"collection":[{"href":"https:\/\/lt-laborhandel.de\/en\/wp-json\/wp\/v2\/product"}],"about":[{"href":"https:\/\/lt-laborhandel.de\/en\/wp-json\/wp\/v2\/types\/product"}],"wp:featuredmedia":[{"embeddable":true,"href":"https:\/\/lt-laborhandel.de\/en\/wp-json\/wp\/v2\/media\/6607"}],"wp:attachment":[{"href":"https:\/\/lt-laborhandel.de\/en\/wp-json\/wp\/v2\/media?parent=6831"}],"wp:term":[{"taxonomy":"product_brand","embeddable":true,"href":"https:\/\/lt-laborhandel.de\/en\/wp-json\/wp\/v2\/product_brand?post=6831"},{"taxonomy":"product_cat","embeddable":true,"href":"https:\/\/lt-laborhandel.de\/en\/wp-json\/wp\/v2\/product_cat?post=6831"},{"taxonomy":"product_tag","embeddable":true,"href":"https:\/\/lt-laborhandel.de\/en\/wp-json\/wp\/v2\/product_tag?post=6831"}],"curies":[{"name":"wp","href":"https:\/\/api.w.org\/{rel}","templated":true}]}}