{"id":6820,"date":"2021-11-03T15:38:43","date_gmt":"2021-11-03T14:38:43","guid":{"rendered":"https:\/\/lt-laborhandel.de\/produkt\/lauda-varioshake-vs-60-oi-l003052\/"},"modified":"2026-02-16T12:10:04","modified_gmt":"2026-02-16T11:10:04","slug":"lauda-varioshake-vs-60-oi-l003052","status":"publish","type":"product","link":"https:\/\/lt-laborhandel.de\/en\/produkt\/lauda-varioshake-vs-60-oi-l003052\/","title":{"rendered":"LAUDA Varioshake VS 60 OI, #L003052"},"content":{"rendered":"<p><b><font size=\"7\"><font color=\"red\">NUR NOCH BIS ZUM 15.05.2026 BESTELLBAR \/ LETZTE AUSLIEFERUNG: 30.06.2026<\/font><\/b><\/p>\n<p>LAUDA Varioshake VS 60 OI Sch\u00fcttelinkubator 230 V; 50\/60 Hz Leistungsmerkmale: Sch\u00fcttelinkubator mit orbitaler Bewegung f\u00fcr pr\u00e4zise und reproduzierbare Forschung Temperaturanzeige und -einstellung digital \u00fcber LED-Display, in Schritten von 0,1 \u00b0C Anwenderfreundliche Mikroprozessortechnik Folientastatur mit pr\u00e4gnanten Symbolen Temperaturregelung mit PID-Verhalten Grenzwerte f\u00fcr \u00dcber- und Untertemperaturalarm (optisch und akustisch) einstellbar Timer, mikroprozessorgesteuert, mit Restlaufzeitanzeige und akustischem Signal bei Prozessende Timer einstellbar von 1 Minute bis 999 Stunden Aufklappbare Acrylglashaube K\u00fchlschlange f\u00fcr Anwendungen unter Raumtemperatur Abschaltung der Sch\u00fcttelbewegung und der Heizung bei \u00d6ffnen der T\u00fcren Zus\u00e4tzlicher elektromechanischer Temperaturbegrenzer RS 232 Schnittstelle f\u00fcr problemlosen Datentransfer Antrieb durch einen \u00fcberlastungsgesch\u00fctzten Wechselstrommotor Kompakte, verschlei\u00dfarme Mechanik mit Massenausgleich f\u00fcr sicheren Stand Konstante Drehzahl, lastunabh\u00e4ngig Hervorragend f\u00fcr Dauerbetrieb geeignet Au\u00dfengeh\u00e4use aus elektrolytisch verzinktem Stahlblech, pulverbeschichtet Technische Daten: Arbeitstemperaturbereich: 28 &#8230; 70 \u00b0C Arbeitstemperaturbereich mit Wasserk\u00fchlung: 20 &#8230; 70 \u00b0C Umgebungstemperaturbereich: 10 &#8230; 30 \u00b0C Heizleistung max.: 0,5 kW Leistungsaufnahme max.: 0,8 kW Sch\u00fcttelamplitude: 30 mm Sch\u00fcttelfrequenz: 20 &#8230; 250 1\/min Bewegungstisch (BxT): 450 x 450 mm Nutzraumabmessungen (BxTxH): 450 x 450 x 280 mm Abmessungen (BxTxH): 525 x 686 x 631 mm Netzstecker: Netzkabel mit gewinkeltem Schuko Stecker (CEE7\/7) Netzversorgung: 230 V; 50\/60 Hz<\/p>\n","protected":false},"excerpt":{"rendered":"<p><b>Zubeh\u00f6r- und Ersatzteile erhalten Sie gerne auf Anfrage!<\/b><\/p>\n","protected":false},"featured_media":6936,"template":"","meta":[],"product_brand":[],"product_cat":[109],"product_tag":[],"class_list":{"0":"post-6820","1":"product","2":"type-product","3":"status-publish","4":"has-post-thumbnail","6":"product_cat-mischerruehrer-und-schuettler","7":"product_shipping_class-standard","9":"first","10":"instock","11":"taxable","12":"shipping-taxable","13":"purchasable","14":"product-type-simple"},"tiered_pricing_type":"fixed","tiered_pricing_fixed_rules":[],"tiered_pricing_product_settings":{"layout":"default","base_unit_name":{"singular":null,"plural":null},"default_variation":null},"tiered_pricing_minimum_quantity":null,"tiered_pricing_roles_data":[],"tiered_pricing_percentage_rules":[],"_links":{"self":[{"href":"https:\/\/lt-laborhandel.de\/en\/wp-json\/wp\/v2\/product\/6820","targetHints":{"allow":["GET"]}}],"collection":[{"href":"https:\/\/lt-laborhandel.de\/en\/wp-json\/wp\/v2\/product"}],"about":[{"href":"https:\/\/lt-laborhandel.de\/en\/wp-json\/wp\/v2\/types\/product"}],"wp:featuredmedia":[{"embeddable":true,"href":"https:\/\/lt-laborhandel.de\/en\/wp-json\/wp\/v2\/media\/6936"}],"wp:attachment":[{"href":"https:\/\/lt-laborhandel.de\/en\/wp-json\/wp\/v2\/media?parent=6820"}],"wp:term":[{"taxonomy":"product_brand","embeddable":true,"href":"https:\/\/lt-laborhandel.de\/en\/wp-json\/wp\/v2\/product_brand?post=6820"},{"taxonomy":"product_cat","embeddable":true,"href":"https:\/\/lt-laborhandel.de\/en\/wp-json\/wp\/v2\/product_cat?post=6820"},{"taxonomy":"product_tag","embeddable":true,"href":"https:\/\/lt-laborhandel.de\/en\/wp-json\/wp\/v2\/product_tag?post=6820"}],"curies":[{"name":"wp","href":"https:\/\/api.w.org\/{rel}","templated":true}]}}