{"id":6819,"date":"2021-11-03T15:38:42","date_gmt":"2021-11-03T14:38:42","guid":{"rendered":"https:\/\/lt-laborhandel.de\/produkt\/lauda-puridest-pd-4-dg-l003024\/"},"modified":"2026-01-09T21:19:51","modified_gmt":"2026-01-09T20:19:51","slug":"lauda-puridest-pd-4-dg-l003024","status":"publish","type":"product","link":"https:\/\/lt-laborhandel.de\/en\/produkt\/lauda-puridest-pd-4-dg-l003024\/","title":{"rendered":"LAUDA Puridest PD 4 DG, #L003024"},"content":{"rendered":"<p>LAUDA Puridest PD 4 DG Wasserdestillierapparat 400 V; 3\/N\/PE; 50\/60 Hz Leistungsmerkmale: Bi-Destillierapparat (Vollautomat) aus Glas, f\u00fcr Wandmontage und Tischaufstellung geeignet Destillat-Entnahme an der rechten Ger\u00e4teseite durch Schlauchanschlu\u00df Destillierblasen, Kondensatoren und \u00dcberl\u00e4ufe DURAN\u00ae \/ Borosilikatglas 3.3. Kondensatoren mit tr\u00f6pfchenabweisender Dampff\u00fchrung Sterilisation der Kondensatoren durch Bedampfen Magnetventil zur Steuerung der Wasserversorgung Energie-Ersparnis durch Destillation des erhitzten K\u00fchlwassers Wasserersparnis durch automatische Abschaltung. Unn\u00f6tiger Wasserverbrauch wird vermieden Sichtbarer Arbeitsvorgang durch nicht beschlagende, bruchsichere und leicht herausnehmbare Frontscheibe CO2 Entgasungs\u00f6ffnung am Kondensator Elektronische Niveau\u00fcberwachung w\u00e4hrend des gesamten Destilliervorganges Kontrolle des Wasserstandes im Verdampfer mit automatischer Stromabschaltung bei Wassermangel Elektronischer Schmutzw\u00e4chter l\u00f6st automatischen Wasserwechsel zur Sp\u00fclung und Reinigung des Verdampfers aus Heizst\u00e4be mit Quarzglas-Ummantelung Geh\u00e4use aus verzinktem Stahlblech, pulverbeschichtet Technische Daten: Leitwert Mono-Destillat bei 25\u00b0C: 2,2 \u00b5S\/cm Leitwert Bi-Destillat bei 25\u00b0C: 1,6 \u00b5S\/cm Produktionsleistung: 4 L\/min Heizleistung max.: 5,8 kW Leistungsaufnahme max.: 5,8 kW K\u00fchlwasserverbrauch: 2,4 L\/min Maximaldruck K\u00fchlwasser: 7 bar Wasserk\u00fchlung Zulauf f\u00fcr Schlauch: 1\/2 &#8221; Wasserk\u00fchlung Ablauf f\u00fcr Schlauch: 1\/2 &#8221; Abmessungen (BxTxH): 650 x 365 x 390 mm Umgebungstemperaturbereich: 10 &#8230; 40 \u00b0C Netzversorgung: 400 V; 3\/N\/PE; 50\/60 Hz Netzstecker: Netzkabel mit Stecker (IEC 60309, 5-pol, CEE, rot, 16 A)<\/p>\n","protected":false},"excerpt":{"rendered":"<p><b>Zubeh\u00f6r- und Ersatzteile erhalten Sie gerne auf Anfrage!<\/b><\/p>\n","protected":false},"featured_media":6535,"template":"","meta":[],"product_brand":[],"product_cat":[181],"product_tag":[],"class_list":{"0":"post-6819","1":"product","2":"type-product","3":"status-publish","4":"has-post-thumbnail","6":"product_cat-wasser-destillationsgeraete","7":"product_shipping_class-standard","9":"first","10":"instock","11":"taxable","12":"shipping-taxable","13":"purchasable","14":"product-type-simple"},"tiered_pricing_type":"fixed","tiered_pricing_fixed_rules":[],"tiered_pricing_product_settings":{"layout":"default","base_unit_name":{"singular":null,"plural":null},"default_variation":null},"tiered_pricing_minimum_quantity":null,"tiered_pricing_roles_data":[],"tiered_pricing_percentage_rules":[],"_links":{"self":[{"href":"https:\/\/lt-laborhandel.de\/en\/wp-json\/wp\/v2\/product\/6819","targetHints":{"allow":["GET"]}}],"collection":[{"href":"https:\/\/lt-laborhandel.de\/en\/wp-json\/wp\/v2\/product"}],"about":[{"href":"https:\/\/lt-laborhandel.de\/en\/wp-json\/wp\/v2\/types\/product"}],"wp:featuredmedia":[{"embeddable":true,"href":"https:\/\/lt-laborhandel.de\/en\/wp-json\/wp\/v2\/media\/6535"}],"wp:attachment":[{"href":"https:\/\/lt-laborhandel.de\/en\/wp-json\/wp\/v2\/media?parent=6819"}],"wp:term":[{"taxonomy":"product_brand","embeddable":true,"href":"https:\/\/lt-laborhandel.de\/en\/wp-json\/wp\/v2\/product_brand?post=6819"},{"taxonomy":"product_cat","embeddable":true,"href":"https:\/\/lt-laborhandel.de\/en\/wp-json\/wp\/v2\/product_cat?post=6819"},{"taxonomy":"product_tag","embeddable":true,"href":"https:\/\/lt-laborhandel.de\/en\/wp-json\/wp\/v2\/product_tag?post=6819"}],"curies":[{"name":"wp","href":"https:\/\/api.w.org\/{rel}","templated":true}]}}