{"id":6810,"date":"2021-11-03T15:38:39","date_gmt":"2021-11-03T14:38:39","guid":{"rendered":"https:\/\/lt-laborhandel.de\/produkt\/lauda-puridest-pd-8-r-l003015\/"},"modified":"2026-01-09T21:19:49","modified_gmt":"2026-01-09T20:19:49","slug":"lauda-puridest-pd-8-r-l003015","status":"publish","type":"product","link":"https:\/\/lt-laborhandel.de\/en\/produkt\/lauda-puridest-pd-8-r-l003015\/","title":{"rendered":"LAUDA Puridest PD 8 R, #L003015"},"content":{"rendered":"<p>LAUDA Puridest PD 8 R Wasserdestillierapparat 400 V; 3\/N\/PE; 50\/60 Hz Leistungsmerkmale: Mono-Destillierapparat (Vollautomat) mit Vorratsbeh\u00e4lter, f\u00fcr Wandmontage und Tischaufstellung geeignet Vorratsbeh\u00e4lter f\u00fcr Destillat fasst doppelte Stundenleistung des Apparates Destillat-Entnahmehahn mit Dauer- und Tippstellung Kondensator (K\u00fchlschlange) im Vorratsbeh\u00e4lter, leicht austauschbar Magnetventil zur Steuerung der Wasserversorgung Energie-Ersparnis durch Destillation des erhitzten K\u00fchlwassers Wasserersparnis durch automatische Abschaltung. Unn\u00f6tiger Wasserverbrauch wird vermieden Destillierblase zur Reinigungszwecken leicht zug\u00e4nglich CO2 Entgasungs\u00f6ffnung am Kondensator Elektronische Verschmutzungs\u00fcberwachung der Destillierblase mit Destillierstop und optischem Reinigungshinweis Automatische Nachf\u00fcllung des Vorratsbeh\u00e4lters nach Destillatentnahme, gesteuert durch elektronische Niveauerfassung Thermostatische Wassermangelsicherung. Rohrheizk\u00f6rper, Destillierblase, Vorratsbeh\u00e4lter und Kondensator aus Edelstahl Rostfrei Geh\u00e4use aus verzinktem Stahlblech, pulverbeschichtet Geh\u00e4useausf\u00fchrung doppelwandig Technische Daten: Leitwert Mono-Destillat bei 25\u00b0C: 2,3 \u00b5S\/cm Produktionsleistung: 8 L\/min Tankvolumen: 16 L Heizleistung max.: 6 kW Leistungsaufnahme max.: 6 kW K\u00fchlwasserverbrauch: 1,2 L\/min Maximaldruck K\u00fchlwasser: 7 bar Wasserk\u00fchlung Zulauf f\u00fcr Schlauch: 1\/2 &#8221; Wasserk\u00fchlung Ablauf f\u00fcr Schlauch: 3\/4 &#8221; Abmessungen (BxTxH): 780 x 410 x 540 mm Umgebungstemperaturbereich: 10 &#8230; 40 \u00b0C Netzversorgung: 400 V; 3\/N\/PE; 50\/60 Hz Netzstecker: Netzkabel mit Stecker (IEC 60309, 5-pol, CEE, rot, 16 A)<\/p>\n","protected":false},"excerpt":{"rendered":"<p><b>Zubeh\u00f6r- und Ersatzteile erhalten Sie gerne auf Anfrage!<\/b><\/p>\n","protected":false},"featured_media":6475,"template":"","meta":[],"product_brand":[],"product_cat":[181],"product_tag":[],"class_list":{"0":"post-6810","1":"product","2":"type-product","3":"status-publish","4":"has-post-thumbnail","6":"product_cat-wasser-destillationsgeraete","7":"product_shipping_class-standard","9":"first","10":"instock","11":"taxable","12":"shipping-taxable","13":"purchasable","14":"product-type-simple"},"tiered_pricing_type":"fixed","tiered_pricing_fixed_rules":[],"tiered_pricing_product_settings":{"layout":"default","base_unit_name":{"singular":null,"plural":null},"default_variation":null},"tiered_pricing_minimum_quantity":null,"tiered_pricing_roles_data":[],"tiered_pricing_percentage_rules":[],"_links":{"self":[{"href":"https:\/\/lt-laborhandel.de\/en\/wp-json\/wp\/v2\/product\/6810","targetHints":{"allow":["GET"]}}],"collection":[{"href":"https:\/\/lt-laborhandel.de\/en\/wp-json\/wp\/v2\/product"}],"about":[{"href":"https:\/\/lt-laborhandel.de\/en\/wp-json\/wp\/v2\/types\/product"}],"wp:featuredmedia":[{"embeddable":true,"href":"https:\/\/lt-laborhandel.de\/en\/wp-json\/wp\/v2\/media\/6475"}],"wp:attachment":[{"href":"https:\/\/lt-laborhandel.de\/en\/wp-json\/wp\/v2\/media?parent=6810"}],"wp:term":[{"taxonomy":"product_brand","embeddable":true,"href":"https:\/\/lt-laborhandel.de\/en\/wp-json\/wp\/v2\/product_brand?post=6810"},{"taxonomy":"product_cat","embeddable":true,"href":"https:\/\/lt-laborhandel.de\/en\/wp-json\/wp\/v2\/product_cat?post=6810"},{"taxonomy":"product_tag","embeddable":true,"href":"https:\/\/lt-laborhandel.de\/en\/wp-json\/wp\/v2\/product_tag?post=6810"}],"curies":[{"name":"wp","href":"https:\/\/api.w.org\/{rel}","templated":true}]}}